{"id":205,"date":"2019-12-17T17:07:55","date_gmt":"2019-12-17T16:07:55","guid":{"rendered":"http:\/\/mars.if.uj.edu.pl\/?page_id=205"},"modified":"2020-09-29T14:53:17","modified_gmt":"2020-09-29T12:53:17","slug":"miedzywydzialowy-program-badan-planetarnych","status":"publish","type":"page","link":"https:\/\/mars.uj.edu.pl\/index.php\/pl\/miedzywydzialowy-program-badan-planetarnych\/","title":{"rendered":"Mi\u0119dzywydzia\u0142owy Program Bada\u0144 Planetarnych"},"content":{"rendered":"\n<p>Mi\u0119dzywydzia\u0142owy\nProgram Bada\u0144 Planetarnych powsta\u0142 by rozwija\u0107 nauki planetarne na\nUniwersytecie Jagiello\u0144skim, by umo\u017cliwi\u0107 Uniwersytetowi\nJagiello\u0144skiemu udzia\u0142 w przysz\u0142ych misjach kosmicznych i umocni\u0107\npozycj\u0119 Uniwersytetu Jagiello\u0144skiego w strukturach mi\u0119dzynarodowych\nzwi\u0105zanych z prowadzeniem bada\u0144 planetarnych.<\/p>\n\n\n\n<p>Jako\nnauki planetarne rozumiemy cz\u0119\u015b\u0107 bada\u0144 kosmicznych, na kt\u00f3re\nsk\u0142adaj\u0105 si\u0119 m.in.:<\/p>\n\n\n\n<ul><li> Ewolucja Uk\u0142adu S\u0142onecznego: badanie planet, ksi\u0119\u017cyc\u00f3w, ma\u0142ych cia\u0142 w Uk\u0142adzie S\u0142onecznym <\/li><li> Wp\u0142yw S\u0142o\u0144ca na obiekty sztuczne i naturalne w przestrzenni kosmicznej  <\/li><li> Mo\u017cliwo\u015b\u0107 powstania, ewolucji, czy przetrwania organizm\u00f3w \u017cywych poza Ziemi\u0105 <\/li><li> Badanie Ziemi przy wykorzystaniu technik kosmicznych <\/li><li> Badania spo\u0142eczne dotycz\u0105ce eksploracji kosmicznej, w tym prawo kosmiczne  <\/li><\/ul>\n\n\n\n<p>Priorytetowe\nobiekty bada\u0144 z zakresu nauk planetarnych na UJ zosta\u0142y\nwyodr\u0119bnione nast\u0119puj\u0105co:<\/p>\n\n\n\n<ul><li> Mars <\/li><li> ma\u0142e cia\u0142a w Uk\u0142adzie S\u0142onecznym  <\/li><li> Ksi\u0119\u017cyc <\/li><\/ul>\n\n\n\n<p>Priorytetowy\nzakres bada\u0144 zosta\u0142 zdefiniowany jako:<\/p>\n\n\n\n<ul><li> Badanie proces\u00f3w eolicznych <\/li><li> Badanie minera\u0142\u00f3w ilastych <\/li><li> Badania warstw znajduj\u0105cych si\u0119 pod powierzchni\u0105 cia\u0142 niebieskich <\/li><li> Badania wp\u0142ywu S\u0142o\u0144ca na obiekty w Uk\u0142adzie S\u0142onecznym <\/li><li> Badania meteorologiczne i klimatyczne, w tym fizyka atmosfer <\/li><li> Rozw\u00f3j metod przetwarzania i analizy danych obrazowych  <\/li><li> Rozw\u00f3j metod teledetekcji satelitarnej i GIS <\/li><li> Polityka i prawo a narz\u0119dzia sztucznej inteligencji w eksploracji kosmosu&nbsp; <\/li><li> Problemy zwi\u0105zane z rozstrzyganiem spor\u00f3w, w tym  w\u0142a\u015bciwo\u015bci s\u0105d\u00f3w, zwi\u0105zanych z eksploracj\u0105 i eksploatacj\u0105 przestrzeni  kosmicznej   <\/li><\/ul>\n","protected":false},"excerpt":{"rendered":"<p>Mi\u0119dzywydzia\u0142owy Program Bada\u0144 Planetarnych powsta\u0142 by rozwija\u0107 nauki planetarne na Uniwersytecie Jagiello\u0144skim, by umo\u017cliwi\u0107 Uniwersytetowi Jagiello\u0144skiemu udzia\u0142 w przysz\u0142ych misjach kosmicznych i umocni\u0107 pozycj\u0119 Uniwersytetu Jagiello\u0144skiego w strukturach mi\u0119dzynarodowych zwi\u0105zanych z prowadzeniem bada\u0144 planetarnych. Jako nauki planetarne rozumiemy cz\u0119\u015b\u0107 bada\u0144 kosmicznych, na kt\u00f3re sk\u0142adaj\u0105 si\u0119 m.in.: Ewolucja Uk\u0142adu S\u0142onecznego: badanie planet, ksi\u0119\u017cyc\u00f3w, ma\u0142ych cia\u0142 w &hellip; <\/p>\n<p class=\"link-more\"><a href=\"https:\/\/mars.uj.edu.pl\/index.php\/pl\/miedzywydzialowy-program-badan-planetarnych\/\" class=\"more-link\">Czytaj dalej<span class=\"screen-reader-text\"> Mi\u0119dzywydzia\u0142owy Program Bada\u0144 Planetarnych<\/span><\/a><\/p>\n","protected":false},"author":1,"featured_media":0,"parent":0,"menu_order":0,"comment_status":"closed","ping_status":"closed","template":"","meta":[],"yoast_head":"<!-- This site is optimized with the Yoast SEO plugin v19.4 - https:\/\/yoast.com\/wordpress\/plugins\/seo\/ -->\n<title>Mi\u0119dzywydzia\u0142owy Program Bada\u0144 Planetarnych - Mi\u0119dzywydzia\u0142owy Program Bada\u0144 Planetarnych<\/title>\n<meta name=\"robots\" content=\"index, follow, max-snippet:-1, max-image-preview:large, max-video-preview:-1\" \/>\n<link rel=\"canonical\" href=\"https:\/\/mars.uj.edu.pl\/index.php\/pl\/miedzywydzialowy-program-badan-planetarnych\/\" \/>\n<meta property=\"og:locale\" content=\"pl_PL\" \/>\n<meta property=\"og:type\" content=\"article\" \/>\n<meta property=\"og:title\" content=\"Mi\u0119dzywydzia\u0142owy Program Bada\u0144 Planetarnych - Mi\u0119dzywydzia\u0142owy Program Bada\u0144 Planetarnych\" \/>\n<meta property=\"og:description\" content=\"Mi\u0119dzywydzia\u0142owy Program Bada\u0144 Planetarnych powsta\u0142 by rozwija\u0107 nauki planetarne na Uniwersytecie Jagiello\u0144skim, by umo\u017cliwi\u0107 Uniwersytetowi Jagiello\u0144skiemu udzia\u0142 w przysz\u0142ych misjach kosmicznych i umocni\u0107 pozycj\u0119 Uniwersytetu Jagiello\u0144skiego w strukturach mi\u0119dzynarodowych zwi\u0105zanych z prowadzeniem bada\u0144 planetarnych. Jako nauki planetarne rozumiemy cz\u0119\u015b\u0107 bada\u0144 kosmicznych, na kt\u00f3re sk\u0142adaj\u0105 si\u0119 m.in.: Ewolucja Uk\u0142adu S\u0142onecznego: badanie planet, ksi\u0119\u017cyc\u00f3w, ma\u0142ych cia\u0142 w &hellip; Czytaj dalej Mi\u0119dzywydzia\u0142owy Program Bada\u0144 Planetarnych\" \/>\n<meta property=\"og:url\" content=\"https:\/\/mars.uj.edu.pl\/index.php\/pl\/miedzywydzialowy-program-badan-planetarnych\/\" \/>\n<meta property=\"og:site_name\" content=\"Mi\u0119dzywydzia\u0142owy Program Bada\u0144 Planetarnych\" \/>\n<meta property=\"article:modified_time\" content=\"2020-09-29T12:53:17+00:00\" \/>\n<meta name=\"twitter:card\" content=\"summary_large_image\" \/>\n<meta name=\"twitter:label1\" content=\"Est. reading time\" \/>\n\t<meta name=\"twitter:data1\" content=\"1 minuta\" \/>\n<script type=\"application\/ld+json\" class=\"yoast-schema-graph\">{\"@context\":\"https:\/\/schema.org\",\"@graph\":[{\"@type\":\"Organization\",\"@id\":\"https:\/\/mars.uj.edu.pl\/#organization\",\"name\":\"Planetary Lab \u2013 Interfaculty Program in Planetary Research (Jagiellonian University in Krak\u00f3w)\",\"url\":\"https:\/\/mars.uj.edu.pl\/\",\"sameAs\":[],\"logo\":{\"@type\":\"ImageObject\",\"inLanguage\":\"pl-PL\",\"@id\":\"https:\/\/mars.uj.edu.pl\/#\/schema\/logo\/image\/\",\"url\":\"https:\/\/mars.uj.edu.pl\/wp-content\/uploads\/2020\/02\/cropped-UJ_her_neg1.png\",\"contentUrl\":\"https:\/\/mars.uj.edu.pl\/wp-content\/uploads\/2020\/02\/cropped-UJ_her_neg1.png\",\"width\":179,\"height\":250,\"caption\":\"Planetary Lab \u2013 Interfaculty Program in Planetary Research (Jagiellonian University in Krak\u00f3w)\"},\"image\":{\"@id\":\"https:\/\/mars.uj.edu.pl\/#\/schema\/logo\/image\/\"}},{\"@type\":\"WebSite\",\"@id\":\"https:\/\/mars.uj.edu.pl\/#website\",\"url\":\"https:\/\/mars.uj.edu.pl\/\",\"name\":\"Mi\u0119dzywydzia\u0142owy Program Bada\u0144 Planetarnych\",\"description\":\"Uniwersytet Jagiello\u0144ski w Krakowie\",\"publisher\":{\"@id\":\"https:\/\/mars.uj.edu.pl\/#organization\"},\"potentialAction\":[{\"@type\":\"SearchAction\",\"target\":{\"@type\":\"EntryPoint\",\"urlTemplate\":\"https:\/\/mars.uj.edu.pl\/?s={search_term_string}\"},\"query-input\":\"required name=search_term_string\"}],\"inLanguage\":\"pl-PL\"},{\"@type\":\"WebPage\",\"@id\":\"https:\/\/mars.uj.edu.pl\/index.php\/pl\/miedzywydzialowy-program-badan-planetarnych\/\",\"url\":\"https:\/\/mars.uj.edu.pl\/index.php\/pl\/miedzywydzialowy-program-badan-planetarnych\/\",\"name\":\"Mi\u0119dzywydzia\u0142owy Program Bada\u0144 Planetarnych - Mi\u0119dzywydzia\u0142owy Program Bada\u0144 Planetarnych\",\"isPartOf\":{\"@id\":\"https:\/\/mars.uj.edu.pl\/#website\"},\"datePublished\":\"2019-12-17T16:07:55+00:00\",\"dateModified\":\"2020-09-29T12:53:17+00:00\",\"breadcrumb\":{\"@id\":\"https:\/\/mars.uj.edu.pl\/index.php\/pl\/miedzywydzialowy-program-badan-planetarnych\/#breadcrumb\"},\"inLanguage\":\"pl-PL\",\"potentialAction\":[{\"@type\":\"ReadAction\",\"target\":[\"https:\/\/mars.uj.edu.pl\/index.php\/pl\/miedzywydzialowy-program-badan-planetarnych\/\"]}]},{\"@type\":\"BreadcrumbList\",\"@id\":\"https:\/\/mars.uj.edu.pl\/index.php\/pl\/miedzywydzialowy-program-badan-planetarnych\/#breadcrumb\",\"itemListElement\":[{\"@type\":\"ListItem\",\"position\":1,\"name\":\"Home\",\"item\":\"https:\/\/mars.uj.edu.pl\/index.php\/pl\/miedzywydzialowy-program-badan-planetarnych\/\"},{\"@type\":\"ListItem\",\"position\":2,\"name\":\"Mi\u0119dzywydzia\u0142owy Program Bada\u0144 Planetarnych\"}]}]}<\/script>\n<!-- \/ Yoast SEO plugin. -->","yoast_head_json":{"title":"Mi\u0119dzywydzia\u0142owy Program Bada\u0144 Planetarnych - Mi\u0119dzywydzia\u0142owy Program Bada\u0144 Planetarnych","robots":{"index":"index","follow":"follow","max-snippet":"max-snippet:-1","max-image-preview":"max-image-preview:large","max-video-preview":"max-video-preview:-1"},"canonical":"https:\/\/mars.uj.edu.pl\/index.php\/pl\/miedzywydzialowy-program-badan-planetarnych\/","og_locale":"pl_PL","og_type":"article","og_title":"Mi\u0119dzywydzia\u0142owy Program Bada\u0144 Planetarnych - Mi\u0119dzywydzia\u0142owy Program Bada\u0144 Planetarnych","og_description":"Mi\u0119dzywydzia\u0142owy Program Bada\u0144 Planetarnych powsta\u0142 by rozwija\u0107 nauki planetarne na Uniwersytecie Jagiello\u0144skim, by umo\u017cliwi\u0107 Uniwersytetowi Jagiello\u0144skiemu udzia\u0142 w przysz\u0142ych misjach kosmicznych i umocni\u0107 pozycj\u0119 Uniwersytetu Jagiello\u0144skiego w strukturach mi\u0119dzynarodowych zwi\u0105zanych z prowadzeniem bada\u0144 planetarnych. Jako nauki planetarne rozumiemy cz\u0119\u015b\u0107 bada\u0144 kosmicznych, na kt\u00f3re sk\u0142adaj\u0105 si\u0119 m.in.: Ewolucja Uk\u0142adu S\u0142onecznego: badanie planet, ksi\u0119\u017cyc\u00f3w, ma\u0142ych cia\u0142 w &hellip; Czytaj dalej Mi\u0119dzywydzia\u0142owy Program Bada\u0144 Planetarnych","og_url":"https:\/\/mars.uj.edu.pl\/index.php\/pl\/miedzywydzialowy-program-badan-planetarnych\/","og_site_name":"Mi\u0119dzywydzia\u0142owy Program Bada\u0144 Planetarnych","article_modified_time":"2020-09-29T12:53:17+00:00","twitter_card":"summary_large_image","twitter_misc":{"Est. reading time":"1 minuta"},"schema":{"@context":"https:\/\/schema.org","@graph":[{"@type":"Organization","@id":"https:\/\/mars.uj.edu.pl\/#organization","name":"Planetary Lab \u2013 Interfaculty Program in Planetary Research (Jagiellonian University in Krak\u00f3w)","url":"https:\/\/mars.uj.edu.pl\/","sameAs":[],"logo":{"@type":"ImageObject","inLanguage":"pl-PL","@id":"https:\/\/mars.uj.edu.pl\/#\/schema\/logo\/image\/","url":"https:\/\/mars.uj.edu.pl\/wp-content\/uploads\/2020\/02\/cropped-UJ_her_neg1.png","contentUrl":"https:\/\/mars.uj.edu.pl\/wp-content\/uploads\/2020\/02\/cropped-UJ_her_neg1.png","width":179,"height":250,"caption":"Planetary Lab \u2013 Interfaculty Program in Planetary Research (Jagiellonian University in Krak\u00f3w)"},"image":{"@id":"https:\/\/mars.uj.edu.pl\/#\/schema\/logo\/image\/"}},{"@type":"WebSite","@id":"https:\/\/mars.uj.edu.pl\/#website","url":"https:\/\/mars.uj.edu.pl\/","name":"Mi\u0119dzywydzia\u0142owy Program Bada\u0144 Planetarnych","description":"Uniwersytet Jagiello\u0144ski w Krakowie","publisher":{"@id":"https:\/\/mars.uj.edu.pl\/#organization"},"potentialAction":[{"@type":"SearchAction","target":{"@type":"EntryPoint","urlTemplate":"https:\/\/mars.uj.edu.pl\/?s={search_term_string}"},"query-input":"required name=search_term_string"}],"inLanguage":"pl-PL"},{"@type":"WebPage","@id":"https:\/\/mars.uj.edu.pl\/index.php\/pl\/miedzywydzialowy-program-badan-planetarnych\/","url":"https:\/\/mars.uj.edu.pl\/index.php\/pl\/miedzywydzialowy-program-badan-planetarnych\/","name":"Mi\u0119dzywydzia\u0142owy Program Bada\u0144 Planetarnych - Mi\u0119dzywydzia\u0142owy Program Bada\u0144 Planetarnych","isPartOf":{"@id":"https:\/\/mars.uj.edu.pl\/#website"},"datePublished":"2019-12-17T16:07:55+00:00","dateModified":"2020-09-29T12:53:17+00:00","breadcrumb":{"@id":"https:\/\/mars.uj.edu.pl\/index.php\/pl\/miedzywydzialowy-program-badan-planetarnych\/#breadcrumb"},"inLanguage":"pl-PL","potentialAction":[{"@type":"ReadAction","target":["https:\/\/mars.uj.edu.pl\/index.php\/pl\/miedzywydzialowy-program-badan-planetarnych\/"]}]},{"@type":"BreadcrumbList","@id":"https:\/\/mars.uj.edu.pl\/index.php\/pl\/miedzywydzialowy-program-badan-planetarnych\/#breadcrumb","itemListElement":[{"@type":"ListItem","position":1,"name":"Home","item":"https:\/\/mars.uj.edu.pl\/index.php\/pl\/miedzywydzialowy-program-badan-planetarnych\/"},{"@type":"ListItem","position":2,"name":"Mi\u0119dzywydzia\u0142owy Program Bada\u0144 Planetarnych"}]}]}},"_links":{"self":[{"href":"https:\/\/mars.uj.edu.pl\/index.php\/wp-json\/wp\/v2\/pages\/205"}],"collection":[{"href":"https:\/\/mars.uj.edu.pl\/index.php\/wp-json\/wp\/v2\/pages"}],"about":[{"href":"https:\/\/mars.uj.edu.pl\/index.php\/wp-json\/wp\/v2\/types\/page"}],"author":[{"embeddable":true,"href":"https:\/\/mars.uj.edu.pl\/index.php\/wp-json\/wp\/v2\/users\/1"}],"replies":[{"embeddable":true,"href":"https:\/\/mars.uj.edu.pl\/index.php\/wp-json\/wp\/v2\/comments?post=205"}],"version-history":[{"count":4,"href":"https:\/\/mars.uj.edu.pl\/index.php\/wp-json\/wp\/v2\/pages\/205\/revisions"}],"predecessor-version":[{"id":504,"href":"https:\/\/mars.uj.edu.pl\/index.php\/wp-json\/wp\/v2\/pages\/205\/revisions\/504"}],"wp:attachment":[{"href":"https:\/\/mars.uj.edu.pl\/index.php\/wp-json\/wp\/v2\/media?parent=205"}],"curies":[{"name":"wp","href":"https:\/\/api.w.org\/{rel}","templated":true}]}}