{"id":207,"date":"2019-12-17T17:31:29","date_gmt":"2019-12-17T16:31:29","guid":{"rendered":"http:\/\/mars.if.uj.edu.pl\/?page_id=207"},"modified":"2020-01-27T22:27:57","modified_gmt":"2020-01-27T21:27:57","slug":"cele-programu","status":"publish","type":"page","link":"https:\/\/mars.uj.edu.pl\/index.php\/pl\/cele-programu\/","title":{"rendered":"Cele programu"},"content":{"rendered":"\n<ul><li>\nZwi\u0119kszenie\n\tliczby publikacji z zakresu nauk planetarnych w renomowanych\n\tczasopismach \n\t\n\t<\/li><li>\nZwi\u0119kszenie\n\tliczby wniosk\u00f3w grantowych zw\u0142aszcza aplikacji o granty\n\teuropejskie, w tym granty ERC\n\t<\/li><li>\nStworzenie\n\twarunk\u00f3w dla rozwoju przysz\u0142ej kadry akademickiej z zakresu bada\u0144\n\tplanetarnych \n\t\n\t<\/li><li>\nNawi\u0105zanie\n\twsp\u00f3\u0142pracy z innymi jednostkami badawczymi z Polski i z zagranicy\n\tw zakresie nauk planetarnych\n\t<\/li><li>\nDoposa\u017canie\n\tlaboratori\u00f3w w sprz\u0119t oraz oprogramowanie do prowadzenia bada\u0144 na\n\tnajwy\u017cszym \u015bwiatowym poziomie\n\t<\/li><li>\nProwadzenie\n\tdzia\u0142a\u0144 promuj\u0105cych, w tym podkre\u015blaj\u0105cych wag\u0119 bada\u0144\n\tplanetarnych dla przysz\u0142o\u015bci gospodarczej Polski\n<\/li><\/ul>\n","protected":false},"excerpt":{"rendered":"<p>Zwi\u0119kszenie liczby publikacji z zakresu nauk planetarnych w renomowanych czasopismach Zwi\u0119kszenie liczby wniosk\u00f3w grantowych zw\u0142aszcza aplikacji o granty europejskie, w tym granty ERC Stworzenie warunk\u00f3w dla rozwoju przysz\u0142ej kadry akademickiej z zakresu bada\u0144 planetarnych Nawi\u0105zanie wsp\u00f3\u0142pracy z innymi jednostkami badawczymi z Polski i z zagranicy w zakresie nauk planetarnych Doposa\u017canie laboratori\u00f3w w sprz\u0119t oraz oprogramowanie &hellip; <\/p>\n<p class=\"link-more\"><a href=\"https:\/\/mars.uj.edu.pl\/index.php\/pl\/cele-programu\/\" class=\"more-link\">Czytaj dalej<span class=\"screen-reader-text\"> Cele programu<\/span><\/a><\/p>\n","protected":false},"author":1,"featured_media":0,"parent":0,"menu_order":0,"comment_status":"closed","ping_status":"closed","template":"","meta":[],"yoast_head":"<!-- This site is optimized with the Yoast SEO plugin v19.4 - https:\/\/yoast.com\/wordpress\/plugins\/seo\/ -->\n<title>Cele programu - Mi\u0119dzywydzia\u0142owy Program Bada\u0144 Planetarnych<\/title>\n<meta name=\"robots\" content=\"index, follow, max-snippet:-1, max-image-preview:large, max-video-preview:-1\" \/>\n<link rel=\"canonical\" href=\"https:\/\/mars.uj.edu.pl\/index.php\/pl\/cele-programu\/\" \/>\n<meta property=\"og:locale\" content=\"pl_PL\" \/>\n<meta property=\"og:type\" content=\"article\" \/>\n<meta property=\"og:title\" content=\"Cele programu - Mi\u0119dzywydzia\u0142owy Program Bada\u0144 Planetarnych\" \/>\n<meta property=\"og:description\" content=\"Zwi\u0119kszenie liczby publikacji z zakresu nauk planetarnych w renomowanych czasopismach Zwi\u0119kszenie liczby wniosk\u00f3w grantowych zw\u0142aszcza aplikacji o granty europejskie, w tym granty ERC Stworzenie warunk\u00f3w dla rozwoju przysz\u0142ej kadry akademickiej z zakresu bada\u0144 planetarnych Nawi\u0105zanie wsp\u00f3\u0142pracy z innymi jednostkami badawczymi z Polski i z zagranicy w zakresie nauk planetarnych Doposa\u017canie laboratori\u00f3w w sprz\u0119t oraz oprogramowanie &hellip; Czytaj dalej Cele programu\" \/>\n<meta property=\"og:url\" content=\"https:\/\/mars.uj.edu.pl\/index.php\/pl\/cele-programu\/\" \/>\n<meta property=\"og:site_name\" content=\"Mi\u0119dzywydzia\u0142owy Program Bada\u0144 Planetarnych\" \/>\n<meta property=\"article:modified_time\" content=\"2020-01-27T21:27:57+00:00\" \/>\n<meta name=\"twitter:card\" content=\"summary_large_image\" \/>\n<script type=\"application\/ld+json\" class=\"yoast-schema-graph\">{\"@context\":\"https:\/\/schema.org\",\"@graph\":[{\"@type\":\"Organization\",\"@id\":\"https:\/\/mars.uj.edu.pl\/#organization\",\"name\":\"Planetary Lab \u2013 Interfaculty Program in Planetary Research (Jagiellonian University in Krak\u00f3w)\",\"url\":\"https:\/\/mars.uj.edu.pl\/\",\"sameAs\":[],\"logo\":{\"@type\":\"ImageObject\",\"inLanguage\":\"pl-PL\",\"@id\":\"https:\/\/mars.uj.edu.pl\/#\/schema\/logo\/image\/\",\"url\":\"https:\/\/mars.uj.edu.pl\/wp-content\/uploads\/2020\/02\/cropped-UJ_her_neg1.png\",\"contentUrl\":\"https:\/\/mars.uj.edu.pl\/wp-content\/uploads\/2020\/02\/cropped-UJ_her_neg1.png\",\"width\":179,\"height\":250,\"caption\":\"Planetary Lab \u2013 Interfaculty Program in Planetary Research (Jagiellonian University in Krak\u00f3w)\"},\"image\":{\"@id\":\"https:\/\/mars.uj.edu.pl\/#\/schema\/logo\/image\/\"}},{\"@type\":\"WebSite\",\"@id\":\"https:\/\/mars.uj.edu.pl\/#website\",\"url\":\"https:\/\/mars.uj.edu.pl\/\",\"name\":\"Mi\u0119dzywydzia\u0142owy Program Bada\u0144 Planetarnych\",\"description\":\"Uniwersytet Jagiello\u0144ski w Krakowie\",\"publisher\":{\"@id\":\"https:\/\/mars.uj.edu.pl\/#organization\"},\"potentialAction\":[{\"@type\":\"SearchAction\",\"target\":{\"@type\":\"EntryPoint\",\"urlTemplate\":\"https:\/\/mars.uj.edu.pl\/?s={search_term_string}\"},\"query-input\":\"required name=search_term_string\"}],\"inLanguage\":\"pl-PL\"},{\"@type\":\"WebPage\",\"@id\":\"https:\/\/mars.uj.edu.pl\/index.php\/pl\/cele-programu\/\",\"url\":\"https:\/\/mars.uj.edu.pl\/index.php\/pl\/cele-programu\/\",\"name\":\"Cele programu - Mi\u0119dzywydzia\u0142owy Program Bada\u0144 Planetarnych\",\"isPartOf\":{\"@id\":\"https:\/\/mars.uj.edu.pl\/#website\"},\"datePublished\":\"2019-12-17T16:31:29+00:00\",\"dateModified\":\"2020-01-27T21:27:57+00:00\",\"breadcrumb\":{\"@id\":\"https:\/\/mars.uj.edu.pl\/index.php\/pl\/cele-programu\/#breadcrumb\"},\"inLanguage\":\"pl-PL\",\"potentialAction\":[{\"@type\":\"ReadAction\",\"target\":[\"https:\/\/mars.uj.edu.pl\/index.php\/pl\/cele-programu\/\"]}]},{\"@type\":\"BreadcrumbList\",\"@id\":\"https:\/\/mars.uj.edu.pl\/index.php\/pl\/cele-programu\/#breadcrumb\",\"itemListElement\":[{\"@type\":\"ListItem\",\"position\":1,\"name\":\"Home\",\"item\":\"https:\/\/mars.uj.edu.pl\/index.php\/pl\/miedzywydzialowy-program-badan-planetarnych\/\"},{\"@type\":\"ListItem\",\"position\":2,\"name\":\"Cele programu\"}]}]}<\/script>\n<!-- \/ Yoast SEO plugin. -->","yoast_head_json":{"title":"Cele programu - Mi\u0119dzywydzia\u0142owy Program Bada\u0144 Planetarnych","robots":{"index":"index","follow":"follow","max-snippet":"max-snippet:-1","max-image-preview":"max-image-preview:large","max-video-preview":"max-video-preview:-1"},"canonical":"https:\/\/mars.uj.edu.pl\/index.php\/pl\/cele-programu\/","og_locale":"pl_PL","og_type":"article","og_title":"Cele programu - Mi\u0119dzywydzia\u0142owy Program Bada\u0144 Planetarnych","og_description":"Zwi\u0119kszenie liczby publikacji z zakresu nauk planetarnych w renomowanych czasopismach Zwi\u0119kszenie liczby wniosk\u00f3w grantowych zw\u0142aszcza aplikacji o granty europejskie, w tym granty ERC Stworzenie warunk\u00f3w dla rozwoju przysz\u0142ej kadry akademickiej z zakresu bada\u0144 planetarnych Nawi\u0105zanie wsp\u00f3\u0142pracy z innymi jednostkami badawczymi z Polski i z zagranicy w zakresie nauk planetarnych Doposa\u017canie laboratori\u00f3w w sprz\u0119t oraz oprogramowanie &hellip; Czytaj dalej Cele programu","og_url":"https:\/\/mars.uj.edu.pl\/index.php\/pl\/cele-programu\/","og_site_name":"Mi\u0119dzywydzia\u0142owy Program Bada\u0144 Planetarnych","article_modified_time":"2020-01-27T21:27:57+00:00","twitter_card":"summary_large_image","schema":{"@context":"https:\/\/schema.org","@graph":[{"@type":"Organization","@id":"https:\/\/mars.uj.edu.pl\/#organization","name":"Planetary Lab \u2013 Interfaculty Program in Planetary Research (Jagiellonian University in Krak\u00f3w)","url":"https:\/\/mars.uj.edu.pl\/","sameAs":[],"logo":{"@type":"ImageObject","inLanguage":"pl-PL","@id":"https:\/\/mars.uj.edu.pl\/#\/schema\/logo\/image\/","url":"https:\/\/mars.uj.edu.pl\/wp-content\/uploads\/2020\/02\/cropped-UJ_her_neg1.png","contentUrl":"https:\/\/mars.uj.edu.pl\/wp-content\/uploads\/2020\/02\/cropped-UJ_her_neg1.png","width":179,"height":250,"caption":"Planetary Lab \u2013 Interfaculty Program in Planetary Research (Jagiellonian University in Krak\u00f3w)"},"image":{"@id":"https:\/\/mars.uj.edu.pl\/#\/schema\/logo\/image\/"}},{"@type":"WebSite","@id":"https:\/\/mars.uj.edu.pl\/#website","url":"https:\/\/mars.uj.edu.pl\/","name":"Mi\u0119dzywydzia\u0142owy Program Bada\u0144 Planetarnych","description":"Uniwersytet Jagiello\u0144ski w Krakowie","publisher":{"@id":"https:\/\/mars.uj.edu.pl\/#organization"},"potentialAction":[{"@type":"SearchAction","target":{"@type":"EntryPoint","urlTemplate":"https:\/\/mars.uj.edu.pl\/?s={search_term_string}"},"query-input":"required name=search_term_string"}],"inLanguage":"pl-PL"},{"@type":"WebPage","@id":"https:\/\/mars.uj.edu.pl\/index.php\/pl\/cele-programu\/","url":"https:\/\/mars.uj.edu.pl\/index.php\/pl\/cele-programu\/","name":"Cele programu - Mi\u0119dzywydzia\u0142owy Program Bada\u0144 Planetarnych","isPartOf":{"@id":"https:\/\/mars.uj.edu.pl\/#website"},"datePublished":"2019-12-17T16:31:29+00:00","dateModified":"2020-01-27T21:27:57+00:00","breadcrumb":{"@id":"https:\/\/mars.uj.edu.pl\/index.php\/pl\/cele-programu\/#breadcrumb"},"inLanguage":"pl-PL","potentialAction":[{"@type":"ReadAction","target":["https:\/\/mars.uj.edu.pl\/index.php\/pl\/cele-programu\/"]}]},{"@type":"BreadcrumbList","@id":"https:\/\/mars.uj.edu.pl\/index.php\/pl\/cele-programu\/#breadcrumb","itemListElement":[{"@type":"ListItem","position":1,"name":"Home","item":"https:\/\/mars.uj.edu.pl\/index.php\/pl\/miedzywydzialowy-program-badan-planetarnych\/"},{"@type":"ListItem","position":2,"name":"Cele programu"}]}]}},"_links":{"self":[{"href":"https:\/\/mars.uj.edu.pl\/index.php\/wp-json\/wp\/v2\/pages\/207"}],"collection":[{"href":"https:\/\/mars.uj.edu.pl\/index.php\/wp-json\/wp\/v2\/pages"}],"about":[{"href":"https:\/\/mars.uj.edu.pl\/index.php\/wp-json\/wp\/v2\/types\/page"}],"author":[{"embeddable":true,"href":"https:\/\/mars.uj.edu.pl\/index.php\/wp-json\/wp\/v2\/users\/1"}],"replies":[{"embeddable":true,"href":"https:\/\/mars.uj.edu.pl\/index.php\/wp-json\/wp\/v2\/comments?post=207"}],"version-history":[{"count":1,"href":"https:\/\/mars.uj.edu.pl\/index.php\/wp-json\/wp\/v2\/pages\/207\/revisions"}],"predecessor-version":[{"id":208,"href":"https:\/\/mars.uj.edu.pl\/index.php\/wp-json\/wp\/v2\/pages\/207\/revisions\/208"}],"wp:attachment":[{"href":"https:\/\/mars.uj.edu.pl\/index.php\/wp-json\/wp\/v2\/media?parent=207"}],"curies":[{"name":"wp","href":"https:\/\/api.w.org\/{rel}","templated":true}]}}