{"id":209,"date":"2019-12-17T17:36:46","date_gmt":"2019-12-17T16:36:46","guid":{"rendered":"http:\/\/mars.if.uj.edu.pl\/?page_id=209"},"modified":"2024-09-09T17:56:46","modified_gmt":"2024-09-09T15:56:46","slug":"dzialalnosc-naukowa","status":"publish","type":"page","link":"https:\/\/mars.uj.edu.pl\/index.php\/pl\/dzialalnosc-naukowa\/","title":{"rendered":"Dzia\u0142alno\u015b\u0107 Naukowa"},"content":{"rendered":"\n<h3>Bie\u017c\u0105ce projekty<\/h3>\n\n\n\n<h4>Badanie transportu eolicznego w rejonach r\u00f3wnikowych Marsa<\/h4>\n\n\n\n<p>Okre\u015blenie, w jaki spos\u00f3b dochodzi do inicjowania transportu eolicznego (wiatrowego) na Marsie w rejonach r\u00f3wnikowych, okre\u015blenie jego przebiegu, w tym g\u0142\u00f3wnych kierunk\u00f3w i tempa transportu.<\/p>\n\n\n\n<div class=\"wp-block-button aligncenter\"><a class=\"wp-block-button__link\" href=\"https:\/\/mars.uj.edu.pl\/index.php\/pl\/dzialalnosc-naukowa\/badanie-transportu-eolicznego-w-rejonach-rownikowych-marsa\/\">opis projektu \u00bb<\/a><\/div>\n\n\n\n<hr class=\"wp-block-separator has-css-opacity is-style-wide\"\/>\n\n\n\n<h4>Badanie wp\u0142ywu pogody kosmicznej<\/h4>\n\n\n\n<p>Badanie oddzia\u0142ywania aktywno\u015bci s\u0142onecznej (w tym rozb\u0142ysk\u00f3w w zakresie UV i X, oraz strumieni wysokoenergetycznych cz\u0105stek) na propagacj\u0119 fal ELF, dla testowania ich wp\u0142ywu na stan jonosfery Ziemi. <\/p>\n\n\n\n<div class=\"wp-block-button aligncenter\"><a class=\"wp-block-button__link\" href=\"https:\/\/mars.uj.edu.pl\/index.php\/pl\/dzialalnosc-naukowa\/badanie-wplywu-pogody-kosmicznej\/\">opis projektu \u00bb<\/a><\/div>\n\n\n\n<hr class=\"wp-block-separator has-css-opacity is-style-wide\"\/>\n\n\n\n<h4>Rozwijanie automatycznych metod przetwarzania i analizy danych obrazowych z misji kosmicznych<\/h4>\n\n\n\n<p>Opracowanie narz\u0119dzi do przetwarzania, analizy i wizualizacji danych z misji kosmicznych.<\/p>\n\n\n\n<div class=\"wp-block-button aligncenter\"><a class=\"wp-block-button__link\" href=\"https:\/\/mars.uj.edu.pl\/index.php\/pl\/dzialalnosc-naukowa\/rozwijanie-automatycznych-metod-przetwarzania-i-analizy-danych-obrazowych-z-misji-kosmicznych\/\">opis projektu \u00bb<\/a><\/div>\n\n\n\n<hr class=\"wp-block-separator has-css-opacity is-style-wide\"\/>\n\n\n\n<h4>Tomografia gruntu Marsa przy zastosowaniu rozwi\u0105za\u0144 odwrotnych do fal ELF generowanych przez burze piaskowe w falowodzie grunt-jonosfera<\/h4>\n\n\n\n<p>Detekcja wy\u0142adowa\u0144 atmosferycznych na Marsie oraz okre\u015blenie sk\u0142adu warstw podpowierzchniowych Marsa.<\/p>\n\n\n\n<div class=\"wp-block-button aligncenter\"><a class=\"wp-block-button__link\" href=\"https:\/\/mars.uj.edu.pl\/index.php\/pl\/dzialalnosc-naukowa\/tomografia-gruntu-marsa-elf\/\">opis projektu \u00bb<\/a><\/div>\n\n\n\n<hr class=\"wp-block-separator has-css-opacity is-style-wide\"\/>\n\n\n\n<h4>Aktywno\u015b\u0107 S\u0142o\u0144ca i jego wp\u0142yw na nasz\u0105 planet\u0119<\/h4>\n\n\n\n<p>Badanie aktywno\u015bci s\u0142onecznej jej wp\u0142yw na otoczenie kosmiczne S\u0142o\u0144ca, w tym na planety Uk\u0142adu S\u0142onecznego.<\/p>\n\n\n\n<div class=\"wp-block-button aligncenter\"><a class=\"wp-block-button__link\" href=\"https:\/\/mars.uj.edu.pl\/index.php\/pl\/dzialalnosc-naukowa\/aktywnosc-slonca-i-jego-wplyw-na-nasza-planete\/\">opis projektu \u00bb<\/a><\/div>\n","protected":false},"excerpt":{"rendered":"<p>Bie\u017c\u0105ce projekty Badanie transportu eolicznego w rejonach r\u00f3wnikowych Marsa Okre\u015blenie, w jaki spos\u00f3b dochodzi do inicjowania transportu eolicznego (wiatrowego) na Marsie w rejonach r\u00f3wnikowych, okre\u015blenie jego przebiegu, w tym g\u0142\u00f3wnych kierunk\u00f3w i tempa transportu. Badanie wp\u0142ywu pogody kosmicznej Badanie oddzia\u0142ywania aktywno\u015bci s\u0142onecznej (w tym rozb\u0142ysk\u00f3w w zakresie UV i X, oraz strumieni wysokoenergetycznych cz\u0105stek) na &hellip; <\/p>\n<p class=\"link-more\"><a href=\"https:\/\/mars.uj.edu.pl\/index.php\/pl\/dzialalnosc-naukowa\/\" class=\"more-link\">Czytaj dalej<span class=\"screen-reader-text\"> Dzia\u0142alno\u015b\u0107 Naukowa<\/span><\/a><\/p>\n","protected":false},"author":1,"featured_media":0,"parent":0,"menu_order":0,"comment_status":"closed","ping_status":"closed","template":"","meta":[],"yoast_head":"<!-- This site is optimized with the Yoast SEO plugin v19.4 - https:\/\/yoast.com\/wordpress\/plugins\/seo\/ -->\n<title>Dzia\u0142alno\u015b\u0107 Naukowa - Mi\u0119dzywydzia\u0142owy Program Bada\u0144 Planetarnych<\/title>\n<meta name=\"robots\" content=\"index, follow, max-snippet:-1, max-image-preview:large, max-video-preview:-1\" \/>\n<link rel=\"canonical\" href=\"https:\/\/mars.uj.edu.pl\/index.php\/pl\/dzialalnosc-naukowa\/\" \/>\n<meta property=\"og:locale\" content=\"pl_PL\" \/>\n<meta property=\"og:type\" content=\"article\" \/>\n<meta property=\"og:title\" content=\"Dzia\u0142alno\u015b\u0107 Naukowa - Mi\u0119dzywydzia\u0142owy Program Bada\u0144 Planetarnych\" \/>\n<meta property=\"og:description\" content=\"Bie\u017c\u0105ce projekty Badanie transportu eolicznego w rejonach r\u00f3wnikowych Marsa Okre\u015blenie, w jaki spos\u00f3b dochodzi do inicjowania transportu eolicznego (wiatrowego) na Marsie w rejonach r\u00f3wnikowych, okre\u015blenie jego przebiegu, w tym g\u0142\u00f3wnych kierunk\u00f3w i tempa transportu. Badanie wp\u0142ywu pogody kosmicznej Badanie oddzia\u0142ywania aktywno\u015bci s\u0142onecznej (w tym rozb\u0142ysk\u00f3w w zakresie UV i X, oraz strumieni wysokoenergetycznych cz\u0105stek) na &hellip; Czytaj dalej Dzia\u0142alno\u015b\u0107 Naukowa\" \/>\n<meta property=\"og:url\" content=\"https:\/\/mars.uj.edu.pl\/index.php\/pl\/dzialalnosc-naukowa\/\" \/>\n<meta property=\"og:site_name\" content=\"Mi\u0119dzywydzia\u0142owy Program Bada\u0144 Planetarnych\" \/>\n<meta property=\"article:modified_time\" content=\"2024-09-09T15:56:46+00:00\" \/>\n<meta name=\"twitter:card\" content=\"summary_large_image\" \/>\n<meta name=\"twitter:label1\" content=\"Est. reading time\" \/>\n\t<meta name=\"twitter:data1\" content=\"1 minuta\" \/>\n<script type=\"application\/ld+json\" class=\"yoast-schema-graph\">{\"@context\":\"https:\/\/schema.org\",\"@graph\":[{\"@type\":\"Organization\",\"@id\":\"https:\/\/mars.uj.edu.pl\/#organization\",\"name\":\"Planetary Lab \u2013 Interfaculty Program in Planetary Research (Jagiellonian University in Krak\u00f3w)\",\"url\":\"https:\/\/mars.uj.edu.pl\/\",\"sameAs\":[],\"logo\":{\"@type\":\"ImageObject\",\"inLanguage\":\"pl-PL\",\"@id\":\"https:\/\/mars.uj.edu.pl\/#\/schema\/logo\/image\/\",\"url\":\"https:\/\/mars.uj.edu.pl\/wp-content\/uploads\/2020\/02\/cropped-UJ_her_neg1.png\",\"contentUrl\":\"https:\/\/mars.uj.edu.pl\/wp-content\/uploads\/2020\/02\/cropped-UJ_her_neg1.png\",\"width\":179,\"height\":250,\"caption\":\"Planetary Lab \u2013 Interfaculty Program in Planetary Research (Jagiellonian University in Krak\u00f3w)\"},\"image\":{\"@id\":\"https:\/\/mars.uj.edu.pl\/#\/schema\/logo\/image\/\"}},{\"@type\":\"WebSite\",\"@id\":\"https:\/\/mars.uj.edu.pl\/#website\",\"url\":\"https:\/\/mars.uj.edu.pl\/\",\"name\":\"Mi\u0119dzywydzia\u0142owy Program Bada\u0144 Planetarnych\",\"description\":\"Uniwersytet Jagiello\u0144ski w Krakowie\",\"publisher\":{\"@id\":\"https:\/\/mars.uj.edu.pl\/#organization\"},\"potentialAction\":[{\"@type\":\"SearchAction\",\"target\":{\"@type\":\"EntryPoint\",\"urlTemplate\":\"https:\/\/mars.uj.edu.pl\/?s={search_term_string}\"},\"query-input\":\"required name=search_term_string\"}],\"inLanguage\":\"pl-PL\"},{\"@type\":\"WebPage\",\"@id\":\"https:\/\/mars.uj.edu.pl\/index.php\/pl\/dzialalnosc-naukowa\/\",\"url\":\"https:\/\/mars.uj.edu.pl\/index.php\/pl\/dzialalnosc-naukowa\/\",\"name\":\"Dzia\u0142alno\u015b\u0107 Naukowa - Mi\u0119dzywydzia\u0142owy Program Bada\u0144 Planetarnych\",\"isPartOf\":{\"@id\":\"https:\/\/mars.uj.edu.pl\/#website\"},\"datePublished\":\"2019-12-17T16:36:46+00:00\",\"dateModified\":\"2024-09-09T15:56:46+00:00\",\"breadcrumb\":{\"@id\":\"https:\/\/mars.uj.edu.pl\/index.php\/pl\/dzialalnosc-naukowa\/#breadcrumb\"},\"inLanguage\":\"pl-PL\",\"potentialAction\":[{\"@type\":\"ReadAction\",\"target\":[\"https:\/\/mars.uj.edu.pl\/index.php\/pl\/dzialalnosc-naukowa\/\"]}]},{\"@type\":\"BreadcrumbList\",\"@id\":\"https:\/\/mars.uj.edu.pl\/index.php\/pl\/dzialalnosc-naukowa\/#breadcrumb\",\"itemListElement\":[{\"@type\":\"ListItem\",\"position\":1,\"name\":\"Home\",\"item\":\"https:\/\/mars.uj.edu.pl\/index.php\/pl\/miedzywydzialowy-program-badan-planetarnych\/\"},{\"@type\":\"ListItem\",\"position\":2,\"name\":\"Dzia\u0142alno\u015b\u0107 Naukowa\"}]}]}<\/script>\n<!-- \/ Yoast SEO plugin. -->","yoast_head_json":{"title":"Dzia\u0142alno\u015b\u0107 Naukowa - Mi\u0119dzywydzia\u0142owy Program Bada\u0144 Planetarnych","robots":{"index":"index","follow":"follow","max-snippet":"max-snippet:-1","max-image-preview":"max-image-preview:large","max-video-preview":"max-video-preview:-1"},"canonical":"https:\/\/mars.uj.edu.pl\/index.php\/pl\/dzialalnosc-naukowa\/","og_locale":"pl_PL","og_type":"article","og_title":"Dzia\u0142alno\u015b\u0107 Naukowa - Mi\u0119dzywydzia\u0142owy Program Bada\u0144 Planetarnych","og_description":"Bie\u017c\u0105ce projekty Badanie transportu eolicznego w rejonach r\u00f3wnikowych Marsa Okre\u015blenie, w jaki spos\u00f3b dochodzi do inicjowania transportu eolicznego (wiatrowego) na Marsie w rejonach r\u00f3wnikowych, okre\u015blenie jego przebiegu, w tym g\u0142\u00f3wnych kierunk\u00f3w i tempa transportu. Badanie wp\u0142ywu pogody kosmicznej Badanie oddzia\u0142ywania aktywno\u015bci s\u0142onecznej (w tym rozb\u0142ysk\u00f3w w zakresie UV i X, oraz strumieni wysokoenergetycznych cz\u0105stek) na &hellip; Czytaj dalej Dzia\u0142alno\u015b\u0107 Naukowa","og_url":"https:\/\/mars.uj.edu.pl\/index.php\/pl\/dzialalnosc-naukowa\/","og_site_name":"Mi\u0119dzywydzia\u0142owy Program Bada\u0144 Planetarnych","article_modified_time":"2024-09-09T15:56:46+00:00","twitter_card":"summary_large_image","twitter_misc":{"Est. reading time":"1 minuta"},"schema":{"@context":"https:\/\/schema.org","@graph":[{"@type":"Organization","@id":"https:\/\/mars.uj.edu.pl\/#organization","name":"Planetary Lab \u2013 Interfaculty Program in Planetary Research (Jagiellonian University in Krak\u00f3w)","url":"https:\/\/mars.uj.edu.pl\/","sameAs":[],"logo":{"@type":"ImageObject","inLanguage":"pl-PL","@id":"https:\/\/mars.uj.edu.pl\/#\/schema\/logo\/image\/","url":"https:\/\/mars.uj.edu.pl\/wp-content\/uploads\/2020\/02\/cropped-UJ_her_neg1.png","contentUrl":"https:\/\/mars.uj.edu.pl\/wp-content\/uploads\/2020\/02\/cropped-UJ_her_neg1.png","width":179,"height":250,"caption":"Planetary Lab \u2013 Interfaculty Program in Planetary Research (Jagiellonian University in Krak\u00f3w)"},"image":{"@id":"https:\/\/mars.uj.edu.pl\/#\/schema\/logo\/image\/"}},{"@type":"WebSite","@id":"https:\/\/mars.uj.edu.pl\/#website","url":"https:\/\/mars.uj.edu.pl\/","name":"Mi\u0119dzywydzia\u0142owy Program Bada\u0144 Planetarnych","description":"Uniwersytet Jagiello\u0144ski w Krakowie","publisher":{"@id":"https:\/\/mars.uj.edu.pl\/#organization"},"potentialAction":[{"@type":"SearchAction","target":{"@type":"EntryPoint","urlTemplate":"https:\/\/mars.uj.edu.pl\/?s={search_term_string}"},"query-input":"required name=search_term_string"}],"inLanguage":"pl-PL"},{"@type":"WebPage","@id":"https:\/\/mars.uj.edu.pl\/index.php\/pl\/dzialalnosc-naukowa\/","url":"https:\/\/mars.uj.edu.pl\/index.php\/pl\/dzialalnosc-naukowa\/","name":"Dzia\u0142alno\u015b\u0107 Naukowa - Mi\u0119dzywydzia\u0142owy Program Bada\u0144 Planetarnych","isPartOf":{"@id":"https:\/\/mars.uj.edu.pl\/#website"},"datePublished":"2019-12-17T16:36:46+00:00","dateModified":"2024-09-09T15:56:46+00:00","breadcrumb":{"@id":"https:\/\/mars.uj.edu.pl\/index.php\/pl\/dzialalnosc-naukowa\/#breadcrumb"},"inLanguage":"pl-PL","potentialAction":[{"@type":"ReadAction","target":["https:\/\/mars.uj.edu.pl\/index.php\/pl\/dzialalnosc-naukowa\/"]}]},{"@type":"BreadcrumbList","@id":"https:\/\/mars.uj.edu.pl\/index.php\/pl\/dzialalnosc-naukowa\/#breadcrumb","itemListElement":[{"@type":"ListItem","position":1,"name":"Home","item":"https:\/\/mars.uj.edu.pl\/index.php\/pl\/miedzywydzialowy-program-badan-planetarnych\/"},{"@type":"ListItem","position":2,"name":"Dzia\u0142alno\u015b\u0107 Naukowa"}]}]}},"_links":{"self":[{"href":"https:\/\/mars.uj.edu.pl\/index.php\/wp-json\/wp\/v2\/pages\/209"}],"collection":[{"href":"https:\/\/mars.uj.edu.pl\/index.php\/wp-json\/wp\/v2\/pages"}],"about":[{"href":"https:\/\/mars.uj.edu.pl\/index.php\/wp-json\/wp\/v2\/types\/page"}],"author":[{"embeddable":true,"href":"https:\/\/mars.uj.edu.pl\/index.php\/wp-json\/wp\/v2\/users\/1"}],"replies":[{"embeddable":true,"href":"https:\/\/mars.uj.edu.pl\/index.php\/wp-json\/wp\/v2\/comments?post=209"}],"version-history":[{"count":13,"href":"https:\/\/mars.uj.edu.pl\/index.php\/wp-json\/wp\/v2\/pages\/209\/revisions"}],"predecessor-version":[{"id":1077,"href":"https:\/\/mars.uj.edu.pl\/index.php\/wp-json\/wp\/v2\/pages\/209\/revisions\/1077"}],"wp:attachment":[{"href":"https:\/\/mars.uj.edu.pl\/index.php\/wp-json\/wp\/v2\/media?parent=209"}],"curies":[{"name":"wp","href":"https:\/\/api.w.org\/{rel}","templated":true}]}}