{"id":211,"date":"2019-12-17T17:37:05","date_gmt":"2019-12-17T16:37:05","guid":{"rendered":"http:\/\/mars.if.uj.edu.pl\/?page_id=211"},"modified":"2020-01-27T22:33:41","modified_gmt":"2020-01-27T21:33:41","slug":"dzialalnosc-dydaktyczna","status":"publish","type":"page","link":"https:\/\/mars.uj.edu.pl\/index.php\/pl\/dzialalnosc-dydaktyczna\/","title":{"rendered":"Dzia\u0142alno\u015b\u0107 Dydaktyczna"},"content":{"rendered":"\n<ul><li>\nProwadzenie\n\tkurs\u00f3w, praktyk, warsztat\u00f3w i szkole\u0144 dla student\u00f3w UJ\n\t<\/li><li>\nPrzygotowanie\n\ti opracowanie strategii powstania nowych kierunk\u00f3w\n\t<\/li><li>\nWspieranie\n\tdzia\u0142alno\u015bci K\u00f3\u0142 Naukowych zwi\u0105zanych z naukami planetarnymi\n<\/li><\/ul>\n","protected":false},"excerpt":{"rendered":"<p>Prowadzenie kurs\u00f3w, praktyk, warsztat\u00f3w i szkole\u0144 dla student\u00f3w UJ Przygotowanie i opracowanie strategii powstania nowych kierunk\u00f3w Wspieranie dzia\u0142alno\u015bci K\u00f3\u0142 Naukowych zwi\u0105zanych z naukami planetarnymi<\/p>\n","protected":false},"author":1,"featured_media":0,"parent":0,"menu_order":0,"comment_status":"closed","ping_status":"closed","template":"","meta":[],"yoast_head":"<!-- This site is optimized with the Yoast SEO plugin v19.4 - https:\/\/yoast.com\/wordpress\/plugins\/seo\/ -->\n<title>Dzia\u0142alno\u015b\u0107 Dydaktyczna - Mi\u0119dzywydzia\u0142owy Program Bada\u0144 Planetarnych<\/title>\n<meta name=\"robots\" content=\"index, follow, max-snippet:-1, max-image-preview:large, max-video-preview:-1\" \/>\n<link rel=\"canonical\" href=\"https:\/\/mars.uj.edu.pl\/index.php\/pl\/dzialalnosc-dydaktyczna\/\" \/>\n<meta property=\"og:locale\" content=\"pl_PL\" \/>\n<meta property=\"og:type\" content=\"article\" \/>\n<meta property=\"og:title\" content=\"Dzia\u0142alno\u015b\u0107 Dydaktyczna - Mi\u0119dzywydzia\u0142owy Program Bada\u0144 Planetarnych\" \/>\n<meta property=\"og:description\" content=\"Prowadzenie kurs\u00f3w, praktyk, warsztat\u00f3w i szkole\u0144 dla student\u00f3w UJ Przygotowanie i opracowanie strategii powstania nowych kierunk\u00f3w Wspieranie dzia\u0142alno\u015bci K\u00f3\u0142 Naukowych zwi\u0105zanych z naukami planetarnymi\" \/>\n<meta property=\"og:url\" content=\"https:\/\/mars.uj.edu.pl\/index.php\/pl\/dzialalnosc-dydaktyczna\/\" \/>\n<meta property=\"og:site_name\" content=\"Mi\u0119dzywydzia\u0142owy Program Bada\u0144 Planetarnych\" \/>\n<meta property=\"article:modified_time\" content=\"2020-01-27T21:33:41+00:00\" \/>\n<meta name=\"twitter:card\" content=\"summary_large_image\" \/>\n<script type=\"application\/ld+json\" class=\"yoast-schema-graph\">{\"@context\":\"https:\/\/schema.org\",\"@graph\":[{\"@type\":\"Organization\",\"@id\":\"https:\/\/mars.uj.edu.pl\/#organization\",\"name\":\"Planetary Lab \u2013 Interfaculty Program in Planetary Research (Jagiellonian University in Krak\u00f3w)\",\"url\":\"https:\/\/mars.uj.edu.pl\/\",\"sameAs\":[],\"logo\":{\"@type\":\"ImageObject\",\"inLanguage\":\"pl-PL\",\"@id\":\"https:\/\/mars.uj.edu.pl\/#\/schema\/logo\/image\/\",\"url\":\"https:\/\/mars.uj.edu.pl\/wp-content\/uploads\/2020\/02\/cropped-UJ_her_neg1.png\",\"contentUrl\":\"https:\/\/mars.uj.edu.pl\/wp-content\/uploads\/2020\/02\/cropped-UJ_her_neg1.png\",\"width\":179,\"height\":250,\"caption\":\"Planetary Lab \u2013 Interfaculty Program in Planetary Research (Jagiellonian University in Krak\u00f3w)\"},\"image\":{\"@id\":\"https:\/\/mars.uj.edu.pl\/#\/schema\/logo\/image\/\"}},{\"@type\":\"WebSite\",\"@id\":\"https:\/\/mars.uj.edu.pl\/#website\",\"url\":\"https:\/\/mars.uj.edu.pl\/\",\"name\":\"Mi\u0119dzywydzia\u0142owy Program Bada\u0144 Planetarnych\",\"description\":\"Uniwersytet Jagiello\u0144ski w Krakowie\",\"publisher\":{\"@id\":\"https:\/\/mars.uj.edu.pl\/#organization\"},\"potentialAction\":[{\"@type\":\"SearchAction\",\"target\":{\"@type\":\"EntryPoint\",\"urlTemplate\":\"https:\/\/mars.uj.edu.pl\/?s={search_term_string}\"},\"query-input\":\"required name=search_term_string\"}],\"inLanguage\":\"pl-PL\"},{\"@type\":\"WebPage\",\"@id\":\"https:\/\/mars.uj.edu.pl\/index.php\/pl\/dzialalnosc-dydaktyczna\/\",\"url\":\"https:\/\/mars.uj.edu.pl\/index.php\/pl\/dzialalnosc-dydaktyczna\/\",\"name\":\"Dzia\u0142alno\u015b\u0107 Dydaktyczna - Mi\u0119dzywydzia\u0142owy Program Bada\u0144 Planetarnych\",\"isPartOf\":{\"@id\":\"https:\/\/mars.uj.edu.pl\/#website\"},\"datePublished\":\"2019-12-17T16:37:05+00:00\",\"dateModified\":\"2020-01-27T21:33:41+00:00\",\"breadcrumb\":{\"@id\":\"https:\/\/mars.uj.edu.pl\/index.php\/pl\/dzialalnosc-dydaktyczna\/#breadcrumb\"},\"inLanguage\":\"pl-PL\",\"potentialAction\":[{\"@type\":\"ReadAction\",\"target\":[\"https:\/\/mars.uj.edu.pl\/index.php\/pl\/dzialalnosc-dydaktyczna\/\"]}]},{\"@type\":\"BreadcrumbList\",\"@id\":\"https:\/\/mars.uj.edu.pl\/index.php\/pl\/dzialalnosc-dydaktyczna\/#breadcrumb\",\"itemListElement\":[{\"@type\":\"ListItem\",\"position\":1,\"name\":\"Home\",\"item\":\"https:\/\/mars.uj.edu.pl\/index.php\/pl\/miedzywydzialowy-program-badan-planetarnych\/\"},{\"@type\":\"ListItem\",\"position\":2,\"name\":\"Dzia\u0142alno\u015b\u0107 Dydaktyczna\"}]}]}<\/script>\n<!-- \/ Yoast SEO plugin. -->","yoast_head_json":{"title":"Dzia\u0142alno\u015b\u0107 Dydaktyczna - Mi\u0119dzywydzia\u0142owy Program Bada\u0144 Planetarnych","robots":{"index":"index","follow":"follow","max-snippet":"max-snippet:-1","max-image-preview":"max-image-preview:large","max-video-preview":"max-video-preview:-1"},"canonical":"https:\/\/mars.uj.edu.pl\/index.php\/pl\/dzialalnosc-dydaktyczna\/","og_locale":"pl_PL","og_type":"article","og_title":"Dzia\u0142alno\u015b\u0107 Dydaktyczna - Mi\u0119dzywydzia\u0142owy Program Bada\u0144 Planetarnych","og_description":"Prowadzenie kurs\u00f3w, praktyk, warsztat\u00f3w i szkole\u0144 dla student\u00f3w UJ Przygotowanie i opracowanie strategii powstania nowych kierunk\u00f3w Wspieranie dzia\u0142alno\u015bci K\u00f3\u0142 Naukowych zwi\u0105zanych z naukami planetarnymi","og_url":"https:\/\/mars.uj.edu.pl\/index.php\/pl\/dzialalnosc-dydaktyczna\/","og_site_name":"Mi\u0119dzywydzia\u0142owy Program Bada\u0144 Planetarnych","article_modified_time":"2020-01-27T21:33:41+00:00","twitter_card":"summary_large_image","schema":{"@context":"https:\/\/schema.org","@graph":[{"@type":"Organization","@id":"https:\/\/mars.uj.edu.pl\/#organization","name":"Planetary Lab \u2013 Interfaculty Program in Planetary Research (Jagiellonian University in Krak\u00f3w)","url":"https:\/\/mars.uj.edu.pl\/","sameAs":[],"logo":{"@type":"ImageObject","inLanguage":"pl-PL","@id":"https:\/\/mars.uj.edu.pl\/#\/schema\/logo\/image\/","url":"https:\/\/mars.uj.edu.pl\/wp-content\/uploads\/2020\/02\/cropped-UJ_her_neg1.png","contentUrl":"https:\/\/mars.uj.edu.pl\/wp-content\/uploads\/2020\/02\/cropped-UJ_her_neg1.png","width":179,"height":250,"caption":"Planetary Lab \u2013 Interfaculty Program in Planetary Research (Jagiellonian University in Krak\u00f3w)"},"image":{"@id":"https:\/\/mars.uj.edu.pl\/#\/schema\/logo\/image\/"}},{"@type":"WebSite","@id":"https:\/\/mars.uj.edu.pl\/#website","url":"https:\/\/mars.uj.edu.pl\/","name":"Mi\u0119dzywydzia\u0142owy Program Bada\u0144 Planetarnych","description":"Uniwersytet Jagiello\u0144ski w Krakowie","publisher":{"@id":"https:\/\/mars.uj.edu.pl\/#organization"},"potentialAction":[{"@type":"SearchAction","target":{"@type":"EntryPoint","urlTemplate":"https:\/\/mars.uj.edu.pl\/?s={search_term_string}"},"query-input":"required name=search_term_string"}],"inLanguage":"pl-PL"},{"@type":"WebPage","@id":"https:\/\/mars.uj.edu.pl\/index.php\/pl\/dzialalnosc-dydaktyczna\/","url":"https:\/\/mars.uj.edu.pl\/index.php\/pl\/dzialalnosc-dydaktyczna\/","name":"Dzia\u0142alno\u015b\u0107 Dydaktyczna - Mi\u0119dzywydzia\u0142owy Program Bada\u0144 Planetarnych","isPartOf":{"@id":"https:\/\/mars.uj.edu.pl\/#website"},"datePublished":"2019-12-17T16:37:05+00:00","dateModified":"2020-01-27T21:33:41+00:00","breadcrumb":{"@id":"https:\/\/mars.uj.edu.pl\/index.php\/pl\/dzialalnosc-dydaktyczna\/#breadcrumb"},"inLanguage":"pl-PL","potentialAction":[{"@type":"ReadAction","target":["https:\/\/mars.uj.edu.pl\/index.php\/pl\/dzialalnosc-dydaktyczna\/"]}]},{"@type":"BreadcrumbList","@id":"https:\/\/mars.uj.edu.pl\/index.php\/pl\/dzialalnosc-dydaktyczna\/#breadcrumb","itemListElement":[{"@type":"ListItem","position":1,"name":"Home","item":"https:\/\/mars.uj.edu.pl\/index.php\/pl\/miedzywydzialowy-program-badan-planetarnych\/"},{"@type":"ListItem","position":2,"name":"Dzia\u0142alno\u015b\u0107 Dydaktyczna"}]}]}},"_links":{"self":[{"href":"https:\/\/mars.uj.edu.pl\/index.php\/wp-json\/wp\/v2\/pages\/211"}],"collection":[{"href":"https:\/\/mars.uj.edu.pl\/index.php\/wp-json\/wp\/v2\/pages"}],"about":[{"href":"https:\/\/mars.uj.edu.pl\/index.php\/wp-json\/wp\/v2\/types\/page"}],"author":[{"embeddable":true,"href":"https:\/\/mars.uj.edu.pl\/index.php\/wp-json\/wp\/v2\/users\/1"}],"replies":[{"embeddable":true,"href":"https:\/\/mars.uj.edu.pl\/index.php\/wp-json\/wp\/v2\/comments?post=211"}],"version-history":[{"count":1,"href":"https:\/\/mars.uj.edu.pl\/index.php\/wp-json\/wp\/v2\/pages\/211\/revisions"}],"predecessor-version":[{"id":212,"href":"https:\/\/mars.uj.edu.pl\/index.php\/wp-json\/wp\/v2\/pages\/211\/revisions\/212"}],"wp:attachment":[{"href":"https:\/\/mars.uj.edu.pl\/index.php\/wp-json\/wp\/v2\/media?parent=211"}],"curies":[{"name":"wp","href":"https:\/\/api.w.org\/{rel}","templated":true}]}}