{"id":257,"date":"2020-01-28T12:39:26","date_gmt":"2020-01-28T11:39:26","guid":{"rendered":"http:\/\/mars.if.uj.edu.pl\/?page_id=257"},"modified":"2020-09-29T14:50:47","modified_gmt":"2020-09-29T12:50:47","slug":"planetary-lab-interfaculty-program-in-planetary-research","status":"publish","type":"page","link":"https:\/\/mars.uj.edu.pl\/","title":{"rendered":"Planetary Lab \u2013 Interfaculty Program in Planetary Research"},"content":{"rendered":"\n<p>The Interfaculty Program in Planetary Research (IPPR) was established in 2019 to develop planetary science at the Jagiellonian University (JU), to enable the Jagiellonian University, to participate in future space mission, and strengthen the position of the Jagiellonian University in international structures related to planetary research.<\/p>\n\n\n\n<p>We define planetary research as a part of space research, including:<\/p>\n\n\n\n<ul><li> Evolution of the Solar System: study of planets, moons, and small bodies  <\/li><li> Sun&#8217;s influence on artificial and natural objects in space <\/li><li> The possibility of the formation, evolution or survival of living organisms beyond Earth <\/li><li> Earth exploration using space techniques<\/li><li> Social research on space exploration, including space law\u00a0 <br>  <\/li><\/ul>\n\n\n\n<p>The most important science targets for the JU have been identified as follows:<\/p>\n\n\n\n<ul><li> Mars <\/li><li> Small bodies in the Solar System <\/li><li> Moon <\/li><\/ul>\n\n\n\n<p>The main range of studies has been defined as:<\/p>\n\n\n\n<ul><li> Study of aeolian processes <\/li><li> Study of clay minerals <\/li><li> Studies of the subsurface layers of the celestial bodies <\/li><li> Sun impact on bodies in the Solar System <\/li><li> Meteorological and climatic research, including atmospheric physics <\/li><li> Development of digital image processing and analysis methods <\/li><li> Development of remote sensing methods and GIS techniques <\/li><li> Politics and law versus AI in space exploration <\/li><li> Settlement of disputes, including jurisdictional issues related to the exploration and exploitation of space\u00a0  <\/li><\/ul>\n","protected":false},"excerpt":{"rendered":"<p>The Interfaculty Program in Planetary Research (IPPR) was established in 2019 to develop planetary science at the Jagiellonian University (JU), to enable the Jagiellonian University, to participate in future space mission, and strengthen the position of the Jagiellonian University in international structures related to planetary research. We define planetary research as a part of space &hellip; <\/p>\n<p class=\"link-more\"><a href=\"https:\/\/mars.uj.edu.pl\/\" class=\"more-link\">Czytaj dalej<span class=\"screen-reader-text\"> Planetary Lab \u2013 Interfaculty Program in Planetary Research<\/span><\/a><\/p>\n","protected":false},"author":1,"featured_media":0,"parent":0,"menu_order":0,"comment_status":"closed","ping_status":"closed","template":"","meta":[],"yoast_head":"<!-- This site is optimized with the Yoast SEO plugin v19.4 - https:\/\/yoast.com\/wordpress\/plugins\/seo\/ -->\n<title>Planetary Lab \u2013 Interfaculty Program in Planetary Research - Mi\u0119dzywydzia\u0142owy Program Bada\u0144 Planetarnych<\/title>\n<meta name=\"robots\" content=\"index, follow, max-snippet:-1, max-image-preview:large, max-video-preview:-1\" \/>\n<link rel=\"canonical\" href=\"https:\/\/mars.uj.edu.pl\/\" \/>\n<meta property=\"og:locale\" content=\"pl_PL\" \/>\n<meta property=\"og:type\" content=\"article\" \/>\n<meta property=\"og:title\" content=\"Planetary Lab \u2013 Interfaculty Program in Planetary Research - Mi\u0119dzywydzia\u0142owy Program Bada\u0144 Planetarnych\" \/>\n<meta property=\"og:description\" content=\"The Interfaculty Program in Planetary Research (IPPR) was established in 2019 to develop planetary science at the Jagiellonian University (JU), to enable the Jagiellonian University, to participate in future space mission, and strengthen the position of the Jagiellonian University in international structures related to planetary research. We define planetary research as a part of space &hellip; Czytaj dalej Planetary Lab \u2013 Interfaculty Program in Planetary Research\" \/>\n<meta property=\"og:url\" content=\"https:\/\/mars.uj.edu.pl\/\" \/>\n<meta property=\"og:site_name\" content=\"Mi\u0119dzywydzia\u0142owy Program Bada\u0144 Planetarnych\" \/>\n<meta property=\"article:modified_time\" content=\"2020-09-29T12:50:47+00:00\" \/>\n<meta name=\"twitter:card\" content=\"summary_large_image\" \/>\n<meta name=\"twitter:label1\" content=\"Est. reading time\" \/>\n\t<meta name=\"twitter:data1\" content=\"1 minuta\" \/>\n<script type=\"application\/ld+json\" class=\"yoast-schema-graph\">{\"@context\":\"https:\/\/schema.org\",\"@graph\":[{\"@type\":\"Organization\",\"@id\":\"https:\/\/mars.uj.edu.pl\/#organization\",\"name\":\"Planetary Lab \u2013 Interfaculty Program in Planetary Research (Jagiellonian University in Krak\u00f3w)\",\"url\":\"https:\/\/mars.uj.edu.pl\/\",\"sameAs\":[],\"logo\":{\"@type\":\"ImageObject\",\"inLanguage\":\"pl-PL\",\"@id\":\"https:\/\/mars.uj.edu.pl\/#\/schema\/logo\/image\/\",\"url\":\"https:\/\/mars.uj.edu.pl\/wp-content\/uploads\/2020\/02\/cropped-UJ_her_neg1.png\",\"contentUrl\":\"https:\/\/mars.uj.edu.pl\/wp-content\/uploads\/2020\/02\/cropped-UJ_her_neg1.png\",\"width\":179,\"height\":250,\"caption\":\"Planetary Lab \u2013 Interfaculty Program in Planetary Research (Jagiellonian University in Krak\u00f3w)\"},\"image\":{\"@id\":\"https:\/\/mars.uj.edu.pl\/#\/schema\/logo\/image\/\"}},{\"@type\":\"WebSite\",\"@id\":\"https:\/\/mars.uj.edu.pl\/#website\",\"url\":\"https:\/\/mars.uj.edu.pl\/\",\"name\":\"Mi\u0119dzywydzia\u0142owy Program Bada\u0144 Planetarnych\",\"description\":\"Uniwersytet Jagiello\u0144ski w Krakowie\",\"publisher\":{\"@id\":\"https:\/\/mars.uj.edu.pl\/#organization\"},\"potentialAction\":[{\"@type\":\"SearchAction\",\"target\":{\"@type\":\"EntryPoint\",\"urlTemplate\":\"https:\/\/mars.uj.edu.pl\/?s={search_term_string}\"},\"query-input\":\"required name=search_term_string\"}],\"inLanguage\":\"pl-PL\"},{\"@type\":\"WebPage\",\"@id\":\"https:\/\/mars.uj.edu.pl\/\",\"url\":\"https:\/\/mars.uj.edu.pl\/\",\"name\":\"Planetary Lab \u2013 Interfaculty Program in Planetary Research - Mi\u0119dzywydzia\u0142owy Program Bada\u0144 Planetarnych\",\"isPartOf\":{\"@id\":\"https:\/\/mars.uj.edu.pl\/#website\"},\"datePublished\":\"2020-01-28T11:39:26+00:00\",\"dateModified\":\"2020-09-29T12:50:47+00:00\",\"breadcrumb\":{\"@id\":\"https:\/\/mars.uj.edu.pl\/#breadcrumb\"},\"inLanguage\":\"pl-PL\",\"potentialAction\":[{\"@type\":\"ReadAction\",\"target\":[\"https:\/\/mars.uj.edu.pl\/\"]}]},{\"@type\":\"BreadcrumbList\",\"@id\":\"https:\/\/mars.uj.edu.pl\/#breadcrumb\",\"itemListElement\":[{\"@type\":\"ListItem\",\"position\":1,\"name\":\"Home\",\"item\":\"https:\/\/mars.uj.edu.pl\/index.php\/pl\/miedzywydzialowy-program-badan-planetarnych\/\"},{\"@type\":\"ListItem\",\"position\":2,\"name\":\"Planetary Lab \u2013 Interfaculty Program in Planetary Research\"}]}]}<\/script>\n<!-- \/ Yoast SEO plugin. -->","yoast_head_json":{"title":"Planetary Lab \u2013 Interfaculty Program in Planetary Research - Mi\u0119dzywydzia\u0142owy Program Bada\u0144 Planetarnych","robots":{"index":"index","follow":"follow","max-snippet":"max-snippet:-1","max-image-preview":"max-image-preview:large","max-video-preview":"max-video-preview:-1"},"canonical":"https:\/\/mars.uj.edu.pl\/","og_locale":"pl_PL","og_type":"article","og_title":"Planetary Lab \u2013 Interfaculty Program in Planetary Research - Mi\u0119dzywydzia\u0142owy Program Bada\u0144 Planetarnych","og_description":"The Interfaculty Program in Planetary Research (IPPR) was established in 2019 to develop planetary science at the Jagiellonian University (JU), to enable the Jagiellonian University, to participate in future space mission, and strengthen the position of the Jagiellonian University in international structures related to planetary research. We define planetary research as a part of space &hellip; Czytaj dalej Planetary Lab \u2013 Interfaculty Program in Planetary Research","og_url":"https:\/\/mars.uj.edu.pl\/","og_site_name":"Mi\u0119dzywydzia\u0142owy Program Bada\u0144 Planetarnych","article_modified_time":"2020-09-29T12:50:47+00:00","twitter_card":"summary_large_image","twitter_misc":{"Est. reading time":"1 minuta"},"schema":{"@context":"https:\/\/schema.org","@graph":[{"@type":"Organization","@id":"https:\/\/mars.uj.edu.pl\/#organization","name":"Planetary Lab \u2013 Interfaculty Program in Planetary Research (Jagiellonian University in Krak\u00f3w)","url":"https:\/\/mars.uj.edu.pl\/","sameAs":[],"logo":{"@type":"ImageObject","inLanguage":"pl-PL","@id":"https:\/\/mars.uj.edu.pl\/#\/schema\/logo\/image\/","url":"https:\/\/mars.uj.edu.pl\/wp-content\/uploads\/2020\/02\/cropped-UJ_her_neg1.png","contentUrl":"https:\/\/mars.uj.edu.pl\/wp-content\/uploads\/2020\/02\/cropped-UJ_her_neg1.png","width":179,"height":250,"caption":"Planetary Lab \u2013 Interfaculty Program in Planetary Research (Jagiellonian University in Krak\u00f3w)"},"image":{"@id":"https:\/\/mars.uj.edu.pl\/#\/schema\/logo\/image\/"}},{"@type":"WebSite","@id":"https:\/\/mars.uj.edu.pl\/#website","url":"https:\/\/mars.uj.edu.pl\/","name":"Mi\u0119dzywydzia\u0142owy Program Bada\u0144 Planetarnych","description":"Uniwersytet Jagiello\u0144ski w Krakowie","publisher":{"@id":"https:\/\/mars.uj.edu.pl\/#organization"},"potentialAction":[{"@type":"SearchAction","target":{"@type":"EntryPoint","urlTemplate":"https:\/\/mars.uj.edu.pl\/?s={search_term_string}"},"query-input":"required name=search_term_string"}],"inLanguage":"pl-PL"},{"@type":"WebPage","@id":"https:\/\/mars.uj.edu.pl\/","url":"https:\/\/mars.uj.edu.pl\/","name":"Planetary Lab \u2013 Interfaculty Program in Planetary Research - Mi\u0119dzywydzia\u0142owy Program Bada\u0144 Planetarnych","isPartOf":{"@id":"https:\/\/mars.uj.edu.pl\/#website"},"datePublished":"2020-01-28T11:39:26+00:00","dateModified":"2020-09-29T12:50:47+00:00","breadcrumb":{"@id":"https:\/\/mars.uj.edu.pl\/#breadcrumb"},"inLanguage":"pl-PL","potentialAction":[{"@type":"ReadAction","target":["https:\/\/mars.uj.edu.pl\/"]}]},{"@type":"BreadcrumbList","@id":"https:\/\/mars.uj.edu.pl\/#breadcrumb","itemListElement":[{"@type":"ListItem","position":1,"name":"Home","item":"https:\/\/mars.uj.edu.pl\/index.php\/pl\/miedzywydzialowy-program-badan-planetarnych\/"},{"@type":"ListItem","position":2,"name":"Planetary Lab \u2013 Interfaculty Program in Planetary Research"}]}]}},"_links":{"self":[{"href":"https:\/\/mars.uj.edu.pl\/index.php\/wp-json\/wp\/v2\/pages\/257"}],"collection":[{"href":"https:\/\/mars.uj.edu.pl\/index.php\/wp-json\/wp\/v2\/pages"}],"about":[{"href":"https:\/\/mars.uj.edu.pl\/index.php\/wp-json\/wp\/v2\/types\/page"}],"author":[{"embeddable":true,"href":"https:\/\/mars.uj.edu.pl\/index.php\/wp-json\/wp\/v2\/users\/1"}],"replies":[{"embeddable":true,"href":"https:\/\/mars.uj.edu.pl\/index.php\/wp-json\/wp\/v2\/comments?post=257"}],"version-history":[{"count":6,"href":"https:\/\/mars.uj.edu.pl\/index.php\/wp-json\/wp\/v2\/pages\/257\/revisions"}],"predecessor-version":[{"id":502,"href":"https:\/\/mars.uj.edu.pl\/index.php\/wp-json\/wp\/v2\/pages\/257\/revisions\/502"}],"wp:attachment":[{"href":"https:\/\/mars.uj.edu.pl\/index.php\/wp-json\/wp\/v2\/media?parent=257"}],"curies":[{"name":"wp","href":"https:\/\/api.w.org\/{rel}","templated":true}]}}