{"id":260,"date":"2020-01-28T12:41:09","date_gmt":"2020-01-28T11:41:09","guid":{"rendered":"http:\/\/mars.if.uj.edu.pl\/?page_id=260"},"modified":"2025-09-12T13:51:18","modified_gmt":"2025-09-12T11:51:18","slug":"contact","status":"publish","type":"page","link":"https:\/\/mars.uj.edu.pl\/index.php\/contact\/","title":{"rendered":"Contact"},"content":{"rendered":"\n<p><strong>Program coordinator<\/strong><br>Dr Joanna Kozakiewicz, e-mail: j&#46;&#x6b;&#x6f;z&#97;&#x6b;&#x69;e&#119;&#x69;&#x63;z&#64;&#x75;&#x6a;&#46;&#101;&#x64;&#x75;&#46;&#112;&#108; <\/p>\n\n\n\n<hr class=\"wp-block-separator has-css-opacity is-style-wide\"\/>\n\n\n\n<h3><strong>Faculty of Physics, Astronomy and Applied Computer Science JU<\/strong><\/h3>\n\n\n\n<p>ul. \u0141ojasiewicza 11, 30-348 Krak\u00f3w<br><a href=\"https:\/\/fais.uj.edu.pl\/en_GB\/homepage\" target=\"_blank\" rel=\"noopener noreferrer\">www.fais.uj.edu.pl<\/a><\/p>\n\n\n\n<p><strong>Astronomical Observatory JU<\/strong><br>ul. Orla 171, 30-244 Krak\u00f3w<br>Prof. dr hab. Grzegorz Micha\u0142ek, e-mail: grzegorz&#46;michalek&#64;uj&#46;edu&#46;&#112;&#108; <\/p>\n\n\n\n<p><strong>Institute of Applied Computer Science JU<\/strong><br>ul. \u0141ojasiewicza 11, 30-348 Krak\u00f3w<br>Mgr Leszek Nowak, e-mail: &#x6c;&#101;s&#x7a;&#101;k&#x2e;&#x6e;&#111;&#x77;&#x61;&#107;&#64;&#x75;&#106;&#46;&#x65;&#x64;&#117;&#x2e;&#x70;&#108; <\/p>\n\n\n\n<hr class=\"wp-block-separator has-css-opacity is-style-wide\"\/>\n\n\n\n<h3><strong>Faculty of Geography and Geology JU<\/strong><\/h3>\n\n\n\n<p>ul. Gronostajowa 3a, 30-387 Krak\u00f3w<br><a href=\"https:\/\/wgig.uj.edu.pl\/\" target=\"_blank\" rel=\"noopener noreferrer\">www.wgig.uj.edu.pl<\/a> <\/p>\n\n\n\n<p><strong>Institute of Geography and Spatial Management JU<\/strong><br>ul. Gronostajowa 7, 30-387 Krak\u00f3w  <br>Dr Mateusz Sobucki, e-mail: mat&#101;&#117;&#115;&#122;&#x2e;&#x73;&#x6f;&#x62;&#x75;&#x63;&#x6b;i&#64;u&#106;&#46;&#101;&#100;&#117;&#x2e;&#x70;&#x6c; <\/p>\n\n\n\n<p><strong>Institute of Geological Sciences JU<\/strong><br>ul. Gronostajowa 3a, 30-387 Krak\u00f3w<br>Dr Maciej Kania, e-mail: m&#97;&#x63;&#x69;e&#106;&#x2e;&#x6b;a&#110;&#x69;&#x61;&#64;&#117;&#x6a;&#x2e;e&#100;&#x75;&#x2e;p&#108; <\/p>\n\n\n\n<hr class=\"wp-block-separator has-css-opacity is-style-wide\"\/>\n\n\n\n<h3><strong>Faculty of Law and Administration JU<\/strong><\/h3>\n\n\n\n<p>ul. Go\u0142\u0119bia 24, 31-007 Krak\u00f3w<br><a aria-label=\"www.wpia.uj.edu.pl (otwiera si\u0119 na nowej zak\u0142adce)\" href=\"https:\/\/wpia.uj.edu.pl\/\" target=\"_blank\" rel=\"noreferrer noopener\">www.wpia.uj.edu.pl<\/a><\/p>\n\n\n\n<p>Dr Jakub G. Firlus, e-mail: jaku&#98;&#46;&#102;&#105;&#114;&#108;&#117;&#x73;&#x40;&#x75;&#x6a;&#x2e;&#x65;&#x64;&#x75;&#x2e;pl  <\/p>\n","protected":false},"excerpt":{"rendered":"<p>Program coordinatorDr Joanna Kozakiewicz, e-mail: Faculty of Physics, Astronomy and Applied Computer Science JU ul. \u0141ojasiewicza 11, 30-348 Krak\u00f3wwww.fais.uj.edu.pl Astronomical Observatory JUul. Orla 171, 30-244 Krak\u00f3wProf. dr hab. Grzegorz Micha\u0142ek, e-mail: Institute of Applied Computer Science JUul. \u0141ojasiewicza 11, 30-348 Krak\u00f3wMgr Leszek Nowak, e-mail: Faculty of Geography and Geology JU ul. Gronostajowa 3a, 30-387 Krak\u00f3wwww.wgig.uj.edu.pl &hellip; <\/p>\n<p class=\"link-more\"><a href=\"https:\/\/mars.uj.edu.pl\/index.php\/contact\/\" class=\"more-link\">Czytaj dalej<span class=\"screen-reader-text\"> Contact<\/span><\/a><\/p>\n","protected":false},"author":1,"featured_media":0,"parent":0,"menu_order":0,"comment_status":"closed","ping_status":"closed","template":"","meta":[],"yoast_head":"<!-- This site is optimized with the Yoast SEO plugin v19.4 - https:\/\/yoast.com\/wordpress\/plugins\/seo\/ -->\n<title>Contact - Mi\u0119dzywydzia\u0142owy Program Bada\u0144 Planetarnych<\/title>\n<meta name=\"robots\" content=\"index, follow, max-snippet:-1, max-image-preview:large, max-video-preview:-1\" \/>\n<link rel=\"canonical\" href=\"https:\/\/mars.uj.edu.pl\/index.php\/contact\/\" \/>\n<meta property=\"og:locale\" content=\"pl_PL\" \/>\n<meta property=\"og:type\" content=\"article\" \/>\n<meta property=\"og:title\" content=\"Contact - Mi\u0119dzywydzia\u0142owy Program Bada\u0144 Planetarnych\" \/>\n<meta property=\"og:description\" content=\"Program coordinatorDr Joanna Kozakiewicz, e-mail: Faculty of Physics, Astronomy and Applied Computer Science JU ul. \u0141ojasiewicza 11, 30-348 Krak\u00f3wwww.fais.uj.edu.pl Astronomical Observatory JUul. Orla 171, 30-244 Krak\u00f3wProf. dr hab. Grzegorz Micha\u0142ek, e-mail: Institute of Applied Computer Science JUul. \u0141ojasiewicza 11, 30-348 Krak\u00f3wMgr Leszek Nowak, e-mail: Faculty of Geography and Geology JU ul. Gronostajowa 3a, 30-387 Krak\u00f3wwww.wgig.uj.edu.pl &hellip; Czytaj dalej Contact\" \/>\n<meta property=\"og:url\" content=\"https:\/\/mars.uj.edu.pl\/index.php\/contact\/\" \/>\n<meta property=\"og:site_name\" content=\"Mi\u0119dzywydzia\u0142owy Program Bada\u0144 Planetarnych\" \/>\n<meta property=\"article:modified_time\" content=\"2025-09-12T11:51:18+00:00\" \/>\n<meta name=\"twitter:card\" content=\"summary_large_image\" \/>\n<meta name=\"twitter:label1\" content=\"Est. reading time\" \/>\n\t<meta name=\"twitter:data1\" content=\"1 minuta\" \/>\n<script type=\"application\/ld+json\" class=\"yoast-schema-graph\">{\"@context\":\"https:\/\/schema.org\",\"@graph\":[{\"@type\":\"Organization\",\"@id\":\"https:\/\/mars.uj.edu.pl\/#organization\",\"name\":\"Planetary Lab \u2013 Interfaculty Program in Planetary Research (Jagiellonian University in Krak\u00f3w)\",\"url\":\"https:\/\/mars.uj.edu.pl\/\",\"sameAs\":[],\"logo\":{\"@type\":\"ImageObject\",\"inLanguage\":\"pl-PL\",\"@id\":\"https:\/\/mars.uj.edu.pl\/#\/schema\/logo\/image\/\",\"url\":\"https:\/\/mars.uj.edu.pl\/wp-content\/uploads\/2020\/02\/cropped-UJ_her_neg1.png\",\"contentUrl\":\"https:\/\/mars.uj.edu.pl\/wp-content\/uploads\/2020\/02\/cropped-UJ_her_neg1.png\",\"width\":179,\"height\":250,\"caption\":\"Planetary Lab \u2013 Interfaculty Program in Planetary Research (Jagiellonian University in Krak\u00f3w)\"},\"image\":{\"@id\":\"https:\/\/mars.uj.edu.pl\/#\/schema\/logo\/image\/\"}},{\"@type\":\"WebSite\",\"@id\":\"https:\/\/mars.uj.edu.pl\/#website\",\"url\":\"https:\/\/mars.uj.edu.pl\/\",\"name\":\"Mi\u0119dzywydzia\u0142owy Program Bada\u0144 Planetarnych\",\"description\":\"Uniwersytet Jagiello\u0144ski w Krakowie\",\"publisher\":{\"@id\":\"https:\/\/mars.uj.edu.pl\/#organization\"},\"potentialAction\":[{\"@type\":\"SearchAction\",\"target\":{\"@type\":\"EntryPoint\",\"urlTemplate\":\"https:\/\/mars.uj.edu.pl\/?s={search_term_string}\"},\"query-input\":\"required name=search_term_string\"}],\"inLanguage\":\"pl-PL\"},{\"@type\":\"WebPage\",\"@id\":\"https:\/\/mars.uj.edu.pl\/index.php\/contact\/\",\"url\":\"https:\/\/mars.uj.edu.pl\/index.php\/contact\/\",\"name\":\"Contact - Mi\u0119dzywydzia\u0142owy Program Bada\u0144 Planetarnych\",\"isPartOf\":{\"@id\":\"https:\/\/mars.uj.edu.pl\/#website\"},\"datePublished\":\"2020-01-28T11:41:09+00:00\",\"dateModified\":\"2025-09-12T11:51:18+00:00\",\"breadcrumb\":{\"@id\":\"https:\/\/mars.uj.edu.pl\/index.php\/contact\/#breadcrumb\"},\"inLanguage\":\"pl-PL\",\"potentialAction\":[{\"@type\":\"ReadAction\",\"target\":[\"https:\/\/mars.uj.edu.pl\/index.php\/contact\/\"]}]},{\"@type\":\"BreadcrumbList\",\"@id\":\"https:\/\/mars.uj.edu.pl\/index.php\/contact\/#breadcrumb\",\"itemListElement\":[{\"@type\":\"ListItem\",\"position\":1,\"name\":\"Home\",\"item\":\"https:\/\/mars.uj.edu.pl\/index.php\/pl\/miedzywydzialowy-program-badan-planetarnych\/\"},{\"@type\":\"ListItem\",\"position\":2,\"name\":\"Contact\"}]}]}<\/script>\n<!-- \/ Yoast SEO plugin. -->","yoast_head_json":{"title":"Contact - Mi\u0119dzywydzia\u0142owy Program Bada\u0144 Planetarnych","robots":{"index":"index","follow":"follow","max-snippet":"max-snippet:-1","max-image-preview":"max-image-preview:large","max-video-preview":"max-video-preview:-1"},"canonical":"https:\/\/mars.uj.edu.pl\/index.php\/contact\/","og_locale":"pl_PL","og_type":"article","og_title":"Contact - Mi\u0119dzywydzia\u0142owy Program Bada\u0144 Planetarnych","og_description":"Program coordinatorDr Joanna Kozakiewicz, e-mail: Faculty of Physics, Astronomy and Applied Computer Science JU ul. \u0141ojasiewicza 11, 30-348 Krak\u00f3wwww.fais.uj.edu.pl Astronomical Observatory JUul. Orla 171, 30-244 Krak\u00f3wProf. dr hab. Grzegorz Micha\u0142ek, e-mail: Institute of Applied Computer Science JUul. \u0141ojasiewicza 11, 30-348 Krak\u00f3wMgr Leszek Nowak, e-mail: Faculty of Geography and Geology JU ul. Gronostajowa 3a, 30-387 Krak\u00f3wwww.wgig.uj.edu.pl &hellip; Czytaj dalej Contact","og_url":"https:\/\/mars.uj.edu.pl\/index.php\/contact\/","og_site_name":"Mi\u0119dzywydzia\u0142owy Program Bada\u0144 Planetarnych","article_modified_time":"2025-09-12T11:51:18+00:00","twitter_card":"summary_large_image","twitter_misc":{"Est. reading time":"1 minuta"},"schema":{"@context":"https:\/\/schema.org","@graph":[{"@type":"Organization","@id":"https:\/\/mars.uj.edu.pl\/#organization","name":"Planetary Lab \u2013 Interfaculty Program in Planetary Research (Jagiellonian University in Krak\u00f3w)","url":"https:\/\/mars.uj.edu.pl\/","sameAs":[],"logo":{"@type":"ImageObject","inLanguage":"pl-PL","@id":"https:\/\/mars.uj.edu.pl\/#\/schema\/logo\/image\/","url":"https:\/\/mars.uj.edu.pl\/wp-content\/uploads\/2020\/02\/cropped-UJ_her_neg1.png","contentUrl":"https:\/\/mars.uj.edu.pl\/wp-content\/uploads\/2020\/02\/cropped-UJ_her_neg1.png","width":179,"height":250,"caption":"Planetary Lab \u2013 Interfaculty Program in Planetary Research (Jagiellonian University in Krak\u00f3w)"},"image":{"@id":"https:\/\/mars.uj.edu.pl\/#\/schema\/logo\/image\/"}},{"@type":"WebSite","@id":"https:\/\/mars.uj.edu.pl\/#website","url":"https:\/\/mars.uj.edu.pl\/","name":"Mi\u0119dzywydzia\u0142owy Program Bada\u0144 Planetarnych","description":"Uniwersytet Jagiello\u0144ski w Krakowie","publisher":{"@id":"https:\/\/mars.uj.edu.pl\/#organization"},"potentialAction":[{"@type":"SearchAction","target":{"@type":"EntryPoint","urlTemplate":"https:\/\/mars.uj.edu.pl\/?s={search_term_string}"},"query-input":"required name=search_term_string"}],"inLanguage":"pl-PL"},{"@type":"WebPage","@id":"https:\/\/mars.uj.edu.pl\/index.php\/contact\/","url":"https:\/\/mars.uj.edu.pl\/index.php\/contact\/","name":"Contact - Mi\u0119dzywydzia\u0142owy Program Bada\u0144 Planetarnych","isPartOf":{"@id":"https:\/\/mars.uj.edu.pl\/#website"},"datePublished":"2020-01-28T11:41:09+00:00","dateModified":"2025-09-12T11:51:18+00:00","breadcrumb":{"@id":"https:\/\/mars.uj.edu.pl\/index.php\/contact\/#breadcrumb"},"inLanguage":"pl-PL","potentialAction":[{"@type":"ReadAction","target":["https:\/\/mars.uj.edu.pl\/index.php\/contact\/"]}]},{"@type":"BreadcrumbList","@id":"https:\/\/mars.uj.edu.pl\/index.php\/contact\/#breadcrumb","itemListElement":[{"@type":"ListItem","position":1,"name":"Home","item":"https:\/\/mars.uj.edu.pl\/index.php\/pl\/miedzywydzialowy-program-badan-planetarnych\/"},{"@type":"ListItem","position":2,"name":"Contact"}]}]}},"_links":{"self":[{"href":"https:\/\/mars.uj.edu.pl\/index.php\/wp-json\/wp\/v2\/pages\/260"}],"collection":[{"href":"https:\/\/mars.uj.edu.pl\/index.php\/wp-json\/wp\/v2\/pages"}],"about":[{"href":"https:\/\/mars.uj.edu.pl\/index.php\/wp-json\/wp\/v2\/types\/page"}],"author":[{"embeddable":true,"href":"https:\/\/mars.uj.edu.pl\/index.php\/wp-json\/wp\/v2\/users\/1"}],"replies":[{"embeddable":true,"href":"https:\/\/mars.uj.edu.pl\/index.php\/wp-json\/wp\/v2\/comments?post=260"}],"version-history":[{"count":14,"href":"https:\/\/mars.uj.edu.pl\/index.php\/wp-json\/wp\/v2\/pages\/260\/revisions"}],"predecessor-version":[{"id":1291,"href":"https:\/\/mars.uj.edu.pl\/index.php\/wp-json\/wp\/v2\/pages\/260\/revisions\/1291"}],"wp:attachment":[{"href":"https:\/\/mars.uj.edu.pl\/index.php\/wp-json\/wp\/v2\/media?parent=260"}],"curies":[{"name":"wp","href":"https:\/\/api.w.org\/{rel}","templated":true}]}}