{"id":331,"date":"2020-02-04T19:35:41","date_gmt":"2020-02-04T18:35:41","guid":{"rendered":"http:\/\/mars.uj.edu.pl\/?page_id=331"},"modified":"2020-06-12T13:56:54","modified_gmt":"2020-06-12T11:56:54","slug":"badanie-transportu-eolicznego-w-rejonach-rownikowych-marsa","status":"publish","type":"page","link":"https:\/\/mars.uj.edu.pl\/index.php\/pl\/dzialalnosc-naukowa\/badanie-transportu-eolicznego-w-rejonach-rownikowych-marsa\/","title":{"rendered":"Badanie transportu eolicznego w rejonach r\u00f3wnikowych Marsa"},"content":{"rendered":"\n<p><strong>Projekt\nrealizowany przez:<\/strong>\n\n<\/p>\n\n\n\n<p>UJ\n(Wydzia\u0142y FAIS i GIG)<\/p>\n\n\n\n<p><strong>Cel\nprojektu:<\/strong>\n\n<\/p>\n\n\n\n<p>Okre\u015blenie,\nw jaki spos\u00f3b dochodzi do inicjowania transportu eolicznego\n(wiatrowego) na Marsie w rejonach r\u00f3wnikowych, okre\u015blenie jego\nprzebiegu, w tym g\u0142\u00f3wnych kierunk\u00f3w i tempa transportu<\/p>\n\n\n\n<p><strong>Skr\u00f3cony\nopis:<\/strong><\/p>\n\n\n\n<p>Podczas\neksploracji Uk\u0142adu S\u0142onecznego astronomowie odkryli, \u017ce\npowierzchnie wielu cia\u0142 niebieskich, znajduj\u0105cych si\u0119 w naszym\nnajbli\u017cszym otoczeniu, s\u0105 kszta\u0142towane przez wiatr. Formy zwi\u0105zane\nz akumulacj\u0105 osad\u00f3w, jak np. powszechne na naszej planecie wydmy,\nzidentyfikowano na Marsie, Wenus, Tytanie, Plutonie, a nawet komecie\n67P\/Czuriumow-Gierasimienko. Nawet po wielu latach, kt\u00f3re up\u0142yn\u0119\u0142y\nod opublikowanej w 1941 roku pracy Bagnolda: <em>The\nPhysics of Blown Sand and Desert Dunes<\/em>,\nnadal podstawowe problemy zwi\u0105zane z transportem osad\u00f3w przez wiatr\n(tzw. transportem eolicznym), dotycz\u0105ce np. mechanizm\u00f3w\nodpowiedzialnych za inicjowanie i ograniczanie transportu, nie\nzosta\u0142y w pe\u0142ni rozwi\u0105zane. Misje marsja\u0144skie daj\u0105 nam mo\u017cliwo\u015b\u0107\nzbadania tych proces\u00f3w w zupe\u0142nie innym \u015brodowisku, a takie\nbadania por\u00f3wnawcze pozwalaj\u0105 na uzyskanie szerszej perspektywy w\nbadaniach fizyki transportu eolicznego i by\u0107 mo\u017ce na znalezienie\nodpowiedzi na nurtuj\u0105ce nas pytania. \n<\/p>\n\n\n\n<p>W\nramach projektu badamy w\u0142a\u015bciwo\u015bci osad\u00f3w z\u0142o\u017conych ze \u017cwiru,\npiasku i py\u0142u, oraz formy eoliczne, takie jak zmarszczki wiatrowe,\nsmugi wiatrowe, czy wydmy, wyst\u0119puj\u0105ce na Marsie. W badaniach\nskupiamy si\u0119 na rejonach r\u00f3wnikowych Marsa, poniewa\u017c ze wzgl\u0119du\nna wy\u017csze nas\u0142onecznienie i temperatury s\u0105 one najwa\u017cniejszymi\nobszarami dla przysz\u0142ej eksploracji Czerwonej Planety. \n<\/p>\n\n\n\n<p>W\ncelu zbadania przebiegu transportu eolicznego przeprowadzamy\neksperymenty w tunelu aerodynamicznym oraz symulacje numeryczne.\nProwadzimy r\u00f3wnie\u017c badania terenowe analog\u00f3w marsja\u0144skich, czyli\nwyst\u0119puj\u0105cych na Ziemi form, osad\u00f3w i zjawisk podobnych do tych\nobserwowanych na Marsie, w celu okre\u015blenia czynnik\u00f3w wp\u0142ywaj\u0105cych\nna transport eoliczny w \u015brodowisku naturalnym. Z kolei analiza zdj\u0119\u0107\nwykonanych podczas misji marsja\u0144skich z orbiter\u00f3w i \u0142azik\u00f3w\npozwala nam okre\u015bli\u0107 rozk\u0142ad przestrzenny i w\u0142a\u015bciwo\u015bci\nfizyczne wyst\u0119puj\u0105cych na Marsie form i osad\u00f3w.  \n<\/p>\n\n\n\n<p><strong>Metodologia\nprojektu: <\/strong>\n<\/p>\n\n\n\n<ul><li>\n<strong>Symulacje\n\tnumeryczne<\/strong>\n\tna rozwijanym dedykowanym silniku fizyki, do kt\u00f3rego warunki\n\tbrzegowe b\u0119d\u0105 dostarczane z zaimplementowanego w OA UJ modelu\n\tglobalnej i regionalnej cyrkulacji atmosferycznej Marsa \n\t\n\t<\/li><li>\n<strong>Obliczenia<\/strong>\n\t<strong>teoretyczne<\/strong>\n\tmechaniki p\u0142yn\u00f3w prowadzone w \u015brodowiskach Matlab i Mathematica\n\t<\/li><li>\n<strong>Symulacje\n\tlaboratoryjne<\/strong>\n\tw tunelu aerodynamicznym w IGIGP UJ s\u0142u\u017c\u0105ce do weryfikacji modelu\n\tnumerycznego\n\t<\/li><li>\n<strong>Prace\n\tlaboratoryjne<\/strong>\n\t&#8211; przygotowanie materia\u0142\u00f3w do bada\u0144 w tunelu \u2013 zastosowanie\n\tzaplecza laboratori\u00f3w osad\u00f3w IGIGP UJ: sitowanie, Mastersizer,\n\tMalvern Morphologi G3\n\t<\/li><li>\n<strong>Prace\n\tterenowe<\/strong>\n\tna analogach marsja\u0144skich \u2013 zrealizowane m.in. na Islandii oraz w\n\tArizonie, przygotowywane w Maroku\n\t<\/li><li>\n<strong>Kartowanie\n\tgeomorfologiczne<\/strong>\n\twybranych rejon\u00f3w na Marsie na podstawie zdj\u0119\u0107 z misji\n\tkosmicznych takich jak MRO, MER, MSL, w tym przy u\u017cyciu\n\tautomatycznych algorytm\u00f3w segmentacji obraz\u00f3w\n\t<\/li><li>\n<strong>Badania\n\tprzebiegu transportu<\/strong>:\n\ttempa i kierunku przemieszczania si\u0119 form eolicznych na podstawie\n\tzdj\u0119\u0107 satelitarnych przy u\u017cyciu metod GISowych i dedykowanych\n\talgorytm\u00f3w do \u0142\u0105czenia zdj\u0119\u0107 i \u015bledzenia zmian na zdj\u0119ciach\n\twykonanych w pewnym odst\u0119pnie czasu\n\t<\/li><li>\n<strong>Badanie\n\tgranulometrii i kszta\u0142tu ziaren<\/strong>\n\tosad\u00f3w eolicznych na Marsie na podstawie zdj\u0119\u0107 mikroskopowych w\n\tramach misji MER i MSL przy u\u017cyciu dedykowanych algorytm\u00f3w\n\tprzetwarzania obraz\u00f3w \n\t\n\t<\/li><li>\n\n\t<strong>Badanie\n\tdobowych i rocznych zmian w polu pr\u0119dko\u015bci wiatru<\/strong>\n\tna podstawie danych meteorologicznych pochodz\u0105cych z misji InSight\n\toraz MSL\n<\/li><\/ul>\n\n\n\n<hr class=\"wp-block-separator\"\/>\n\n\n<p><!--EndFragment--><\/p>","protected":false},"excerpt":{"rendered":"<p>Projekt realizowany przez: UJ (Wydzia\u0142y FAIS i GIG) Cel projektu: Okre\u015blenie, w jaki spos\u00f3b dochodzi do inicjowania transportu eolicznego (wiatrowego) na Marsie w rejonach r\u00f3wnikowych, okre\u015blenie jego przebiegu, w tym g\u0142\u00f3wnych kierunk\u00f3w i tempa transportu Skr\u00f3cony opis: Podczas eksploracji Uk\u0142adu S\u0142onecznego astronomowie odkryli, \u017ce powierzchnie wielu cia\u0142 niebieskich, znajduj\u0105cych si\u0119 w naszym najbli\u017cszym otoczeniu, s\u0105 &hellip; <\/p>\n<p class=\"link-more\"><a href=\"https:\/\/mars.uj.edu.pl\/index.php\/pl\/dzialalnosc-naukowa\/badanie-transportu-eolicznego-w-rejonach-rownikowych-marsa\/\" class=\"more-link\">Czytaj dalej<span class=\"screen-reader-text\"> Badanie transportu eolicznego w rejonach r\u00f3wnikowych Marsa<\/span><\/a><\/p>\n","protected":false},"author":1,"featured_media":0,"parent":209,"menu_order":1,"comment_status":"closed","ping_status":"closed","template":"","meta":[],"yoast_head":"<!-- This site is optimized with the Yoast SEO plugin v19.4 - https:\/\/yoast.com\/wordpress\/plugins\/seo\/ -->\n<title>Badanie transportu eolicznego w rejonach r\u00f3wnikowych Marsa - Mi\u0119dzywydzia\u0142owy Program Bada\u0144 Planetarnych<\/title>\n<meta name=\"robots\" content=\"index, follow, max-snippet:-1, max-image-preview:large, max-video-preview:-1\" \/>\n<link rel=\"canonical\" href=\"https:\/\/mars.uj.edu.pl\/index.php\/pl\/dzialalnosc-naukowa\/badanie-transportu-eolicznego-w-rejonach-rownikowych-marsa\/\" \/>\n<meta property=\"og:locale\" content=\"pl_PL\" \/>\n<meta property=\"og:type\" content=\"article\" \/>\n<meta property=\"og:title\" content=\"Badanie transportu eolicznego w rejonach r\u00f3wnikowych Marsa - Mi\u0119dzywydzia\u0142owy Program Bada\u0144 Planetarnych\" \/>\n<meta property=\"og:description\" content=\"Projekt realizowany przez: UJ (Wydzia\u0142y FAIS i GIG) Cel projektu: Okre\u015blenie, w jaki spos\u00f3b dochodzi do inicjowania transportu eolicznego (wiatrowego) na Marsie w rejonach r\u00f3wnikowych, okre\u015blenie jego przebiegu, w tym g\u0142\u00f3wnych kierunk\u00f3w i tempa transportu Skr\u00f3cony opis: Podczas eksploracji Uk\u0142adu S\u0142onecznego astronomowie odkryli, \u017ce powierzchnie wielu cia\u0142 niebieskich, znajduj\u0105cych si\u0119 w naszym najbli\u017cszym otoczeniu, s\u0105 &hellip; Czytaj dalej Badanie transportu eolicznego w rejonach r\u00f3wnikowych Marsa\" \/>\n<meta property=\"og:url\" content=\"https:\/\/mars.uj.edu.pl\/index.php\/pl\/dzialalnosc-naukowa\/badanie-transportu-eolicznego-w-rejonach-rownikowych-marsa\/\" \/>\n<meta property=\"og:site_name\" content=\"Mi\u0119dzywydzia\u0142owy Program Bada\u0144 Planetarnych\" \/>\n<meta property=\"article:modified_time\" content=\"2020-06-12T11:56:54+00:00\" \/>\n<meta name=\"twitter:card\" content=\"summary_large_image\" \/>\n<meta name=\"twitter:label1\" content=\"Est. reading time\" \/>\n\t<meta name=\"twitter:data1\" content=\"3 minuty\" \/>\n<script type=\"application\/ld+json\" class=\"yoast-schema-graph\">{\"@context\":\"https:\/\/schema.org\",\"@graph\":[{\"@type\":\"Organization\",\"@id\":\"https:\/\/mars.uj.edu.pl\/#organization\",\"name\":\"Planetary Lab \u2013 Interfaculty Program in Planetary Research (Jagiellonian University in Krak\u00f3w)\",\"url\":\"https:\/\/mars.uj.edu.pl\/\",\"sameAs\":[],\"logo\":{\"@type\":\"ImageObject\",\"inLanguage\":\"pl-PL\",\"@id\":\"https:\/\/mars.uj.edu.pl\/#\/schema\/logo\/image\/\",\"url\":\"https:\/\/mars.uj.edu.pl\/wp-content\/uploads\/2020\/02\/cropped-UJ_her_neg1.png\",\"contentUrl\":\"https:\/\/mars.uj.edu.pl\/wp-content\/uploads\/2020\/02\/cropped-UJ_her_neg1.png\",\"width\":179,\"height\":250,\"caption\":\"Planetary Lab \u2013 Interfaculty Program in Planetary Research (Jagiellonian University in Krak\u00f3w)\"},\"image\":{\"@id\":\"https:\/\/mars.uj.edu.pl\/#\/schema\/logo\/image\/\"}},{\"@type\":\"WebSite\",\"@id\":\"https:\/\/mars.uj.edu.pl\/#website\",\"url\":\"https:\/\/mars.uj.edu.pl\/\",\"name\":\"Mi\u0119dzywydzia\u0142owy Program Bada\u0144 Planetarnych\",\"description\":\"Uniwersytet Jagiello\u0144ski w Krakowie\",\"publisher\":{\"@id\":\"https:\/\/mars.uj.edu.pl\/#organization\"},\"potentialAction\":[{\"@type\":\"SearchAction\",\"target\":{\"@type\":\"EntryPoint\",\"urlTemplate\":\"https:\/\/mars.uj.edu.pl\/?s={search_term_string}\"},\"query-input\":\"required name=search_term_string\"}],\"inLanguage\":\"pl-PL\"},{\"@type\":\"WebPage\",\"@id\":\"https:\/\/mars.uj.edu.pl\/index.php\/pl\/dzialalnosc-naukowa\/badanie-transportu-eolicznego-w-rejonach-rownikowych-marsa\/\",\"url\":\"https:\/\/mars.uj.edu.pl\/index.php\/pl\/dzialalnosc-naukowa\/badanie-transportu-eolicznego-w-rejonach-rownikowych-marsa\/\",\"name\":\"Badanie transportu eolicznego w rejonach r\u00f3wnikowych Marsa - Mi\u0119dzywydzia\u0142owy Program Bada\u0144 Planetarnych\",\"isPartOf\":{\"@id\":\"https:\/\/mars.uj.edu.pl\/#website\"},\"datePublished\":\"2020-02-04T18:35:41+00:00\",\"dateModified\":\"2020-06-12T11:56:54+00:00\",\"breadcrumb\":{\"@id\":\"https:\/\/mars.uj.edu.pl\/index.php\/pl\/dzialalnosc-naukowa\/badanie-transportu-eolicznego-w-rejonach-rownikowych-marsa\/#breadcrumb\"},\"inLanguage\":\"pl-PL\",\"potentialAction\":[{\"@type\":\"ReadAction\",\"target\":[\"https:\/\/mars.uj.edu.pl\/index.php\/pl\/dzialalnosc-naukowa\/badanie-transportu-eolicznego-w-rejonach-rownikowych-marsa\/\"]}]},{\"@type\":\"BreadcrumbList\",\"@id\":\"https:\/\/mars.uj.edu.pl\/index.php\/pl\/dzialalnosc-naukowa\/badanie-transportu-eolicznego-w-rejonach-rownikowych-marsa\/#breadcrumb\",\"itemListElement\":[{\"@type\":\"ListItem\",\"position\":1,\"name\":\"Home\",\"item\":\"https:\/\/mars.uj.edu.pl\/index.php\/pl\/miedzywydzialowy-program-badan-planetarnych\/\"},{\"@type\":\"ListItem\",\"position\":2,\"name\":\"Dzia\u0142alno\u015b\u0107 Naukowa\",\"item\":\"https:\/\/mars.uj.edu.pl\/index.php\/pl\/dzialalnosc-naukowa\/\"},{\"@type\":\"ListItem\",\"position\":3,\"name\":\"Badanie transportu eolicznego w rejonach r\u00f3wnikowych Marsa\"}]}]}<\/script>\n<!-- \/ Yoast SEO plugin. -->","yoast_head_json":{"title":"Badanie transportu eolicznego w rejonach r\u00f3wnikowych Marsa - Mi\u0119dzywydzia\u0142owy Program Bada\u0144 Planetarnych","robots":{"index":"index","follow":"follow","max-snippet":"max-snippet:-1","max-image-preview":"max-image-preview:large","max-video-preview":"max-video-preview:-1"},"canonical":"https:\/\/mars.uj.edu.pl\/index.php\/pl\/dzialalnosc-naukowa\/badanie-transportu-eolicznego-w-rejonach-rownikowych-marsa\/","og_locale":"pl_PL","og_type":"article","og_title":"Badanie transportu eolicznego w rejonach r\u00f3wnikowych Marsa - Mi\u0119dzywydzia\u0142owy Program Bada\u0144 Planetarnych","og_description":"Projekt realizowany przez: UJ (Wydzia\u0142y FAIS i GIG) Cel projektu: Okre\u015blenie, w jaki spos\u00f3b dochodzi do inicjowania transportu eolicznego (wiatrowego) na Marsie w rejonach r\u00f3wnikowych, okre\u015blenie jego przebiegu, w tym g\u0142\u00f3wnych kierunk\u00f3w i tempa transportu Skr\u00f3cony opis: Podczas eksploracji Uk\u0142adu S\u0142onecznego astronomowie odkryli, \u017ce powierzchnie wielu cia\u0142 niebieskich, znajduj\u0105cych si\u0119 w naszym najbli\u017cszym otoczeniu, s\u0105 &hellip; Czytaj dalej Badanie transportu eolicznego w rejonach r\u00f3wnikowych Marsa","og_url":"https:\/\/mars.uj.edu.pl\/index.php\/pl\/dzialalnosc-naukowa\/badanie-transportu-eolicznego-w-rejonach-rownikowych-marsa\/","og_site_name":"Mi\u0119dzywydzia\u0142owy Program Bada\u0144 Planetarnych","article_modified_time":"2020-06-12T11:56:54+00:00","twitter_card":"summary_large_image","twitter_misc":{"Est. reading time":"3 minuty"},"schema":{"@context":"https:\/\/schema.org","@graph":[{"@type":"Organization","@id":"https:\/\/mars.uj.edu.pl\/#organization","name":"Planetary Lab \u2013 Interfaculty Program in Planetary Research (Jagiellonian University in Krak\u00f3w)","url":"https:\/\/mars.uj.edu.pl\/","sameAs":[],"logo":{"@type":"ImageObject","inLanguage":"pl-PL","@id":"https:\/\/mars.uj.edu.pl\/#\/schema\/logo\/image\/","url":"https:\/\/mars.uj.edu.pl\/wp-content\/uploads\/2020\/02\/cropped-UJ_her_neg1.png","contentUrl":"https:\/\/mars.uj.edu.pl\/wp-content\/uploads\/2020\/02\/cropped-UJ_her_neg1.png","width":179,"height":250,"caption":"Planetary Lab \u2013 Interfaculty Program in Planetary Research (Jagiellonian University in Krak\u00f3w)"},"image":{"@id":"https:\/\/mars.uj.edu.pl\/#\/schema\/logo\/image\/"}},{"@type":"WebSite","@id":"https:\/\/mars.uj.edu.pl\/#website","url":"https:\/\/mars.uj.edu.pl\/","name":"Mi\u0119dzywydzia\u0142owy Program Bada\u0144 Planetarnych","description":"Uniwersytet Jagiello\u0144ski w Krakowie","publisher":{"@id":"https:\/\/mars.uj.edu.pl\/#organization"},"potentialAction":[{"@type":"SearchAction","target":{"@type":"EntryPoint","urlTemplate":"https:\/\/mars.uj.edu.pl\/?s={search_term_string}"},"query-input":"required name=search_term_string"}],"inLanguage":"pl-PL"},{"@type":"WebPage","@id":"https:\/\/mars.uj.edu.pl\/index.php\/pl\/dzialalnosc-naukowa\/badanie-transportu-eolicznego-w-rejonach-rownikowych-marsa\/","url":"https:\/\/mars.uj.edu.pl\/index.php\/pl\/dzialalnosc-naukowa\/badanie-transportu-eolicznego-w-rejonach-rownikowych-marsa\/","name":"Badanie transportu eolicznego w rejonach r\u00f3wnikowych Marsa - Mi\u0119dzywydzia\u0142owy Program Bada\u0144 Planetarnych","isPartOf":{"@id":"https:\/\/mars.uj.edu.pl\/#website"},"datePublished":"2020-02-04T18:35:41+00:00","dateModified":"2020-06-12T11:56:54+00:00","breadcrumb":{"@id":"https:\/\/mars.uj.edu.pl\/index.php\/pl\/dzialalnosc-naukowa\/badanie-transportu-eolicznego-w-rejonach-rownikowych-marsa\/#breadcrumb"},"inLanguage":"pl-PL","potentialAction":[{"@type":"ReadAction","target":["https:\/\/mars.uj.edu.pl\/index.php\/pl\/dzialalnosc-naukowa\/badanie-transportu-eolicznego-w-rejonach-rownikowych-marsa\/"]}]},{"@type":"BreadcrumbList","@id":"https:\/\/mars.uj.edu.pl\/index.php\/pl\/dzialalnosc-naukowa\/badanie-transportu-eolicznego-w-rejonach-rownikowych-marsa\/#breadcrumb","itemListElement":[{"@type":"ListItem","position":1,"name":"Home","item":"https:\/\/mars.uj.edu.pl\/index.php\/pl\/miedzywydzialowy-program-badan-planetarnych\/"},{"@type":"ListItem","position":2,"name":"Dzia\u0142alno\u015b\u0107 Naukowa","item":"https:\/\/mars.uj.edu.pl\/index.php\/pl\/dzialalnosc-naukowa\/"},{"@type":"ListItem","position":3,"name":"Badanie transportu eolicznego w rejonach r\u00f3wnikowych Marsa"}]}]}},"_links":{"self":[{"href":"https:\/\/mars.uj.edu.pl\/index.php\/wp-json\/wp\/v2\/pages\/331"}],"collection":[{"href":"https:\/\/mars.uj.edu.pl\/index.php\/wp-json\/wp\/v2\/pages"}],"about":[{"href":"https:\/\/mars.uj.edu.pl\/index.php\/wp-json\/wp\/v2\/types\/page"}],"author":[{"embeddable":true,"href":"https:\/\/mars.uj.edu.pl\/index.php\/wp-json\/wp\/v2\/users\/1"}],"replies":[{"embeddable":true,"href":"https:\/\/mars.uj.edu.pl\/index.php\/wp-json\/wp\/v2\/comments?post=331"}],"version-history":[{"count":3,"href":"https:\/\/mars.uj.edu.pl\/index.php\/wp-json\/wp\/v2\/pages\/331\/revisions"}],"predecessor-version":[{"id":415,"href":"https:\/\/mars.uj.edu.pl\/index.php\/wp-json\/wp\/v2\/pages\/331\/revisions\/415"}],"up":[{"embeddable":true,"href":"https:\/\/mars.uj.edu.pl\/index.php\/wp-json\/wp\/v2\/pages\/209"}],"wp:attachment":[{"href":"https:\/\/mars.uj.edu.pl\/index.php\/wp-json\/wp\/v2\/media?parent=331"}],"curies":[{"name":"wp","href":"https:\/\/api.w.org\/{rel}","templated":true}]}}