{"id":440,"date":"2020-07-14T19:34:29","date_gmt":"2020-07-14T17:34:29","guid":{"rendered":"http:\/\/mars.uj.edu.pl\/?page_id=440"},"modified":"2025-06-23T10:30:57","modified_gmt":"2025-06-23T08:30:57","slug":"planetary-science-conference","status":"publish","type":"page","link":"https:\/\/mars.uj.edu.pl\/index.php\/planetary-science-conference\/","title":{"rendered":"Planetary Science Conference"},"content":{"rendered":"\n<h4><strong>Aim of the conference<\/strong><\/h4>\n\n\n\n<ul><li>\nTo\n\tpresent achievements of Polish scientists in the field of Mars\n\tscience\n\t<\/li><li>\nTo\n\testablish scientific cooperation in the field of Mars science\n\t<\/li><li>\nTo\n\tdevelop Mars science in Poland\n<\/li><\/ul>\n\n\n\n<h4><strong>Scope<\/strong><\/h4>\n\n\n\n<p>Topics\nof interest for submission include, but are not limited to:<\/p>\n\n\n\n<ul><li>\nestimation\n\tof Mars orbital parameters and global properties of the planet\n\t<\/li><li>\nnearest\n\tcosmic neighborhood of Mars\n\t<\/li><li>\nstudy\n\tof Mars planetary spheres: magnetospheres, ionospheres, atmosphere,\n\tlithosphere, hydrosphere, and the interior of the planet\n<\/li><\/ul>\n\n\n\n<p>including\nresearch results based on:<\/p>\n\n\n\n<ul><li>\ndata\n\tfrom current and past Mars missions\n\t<\/li><li>\nnew\n\tresearch methods and tools for future Mars exploration \n\t\n\t<\/li><li>\ntheoretical\n\tmodeling and numerical simulations in Mars studies\n\t<\/li><li>\nlaboratory\n\tsimulations and studies of Mars analogs\n<\/li><\/ul>\n\n\n\n<div class=\"wp-container-4 wp-block-group\"><div class=\"wp-block-group__inner-container\">\n<div class=\"wp-container-1 wp-block-buttons\">\n<div class=\"wp-block-button\"><a class=\"wp-block-button__link\" href=\"https:\/\/mars.uj.edu.pl\/index.php\/planetary-science-conference\/planetary-science-conference-2025\/\">Planetary Science Conference 2025 \u00bb<\/a><\/div>\n\n\n\n<div class=\"wp-block-button\"><a class=\"wp-block-button__link\" href=\"https:\/\/mars.uj.edu.pl\/index.php\/planetary-science-conference\/5th-national-mars-science-seminar-2024\/\">Planetary Science Conference 2024 \u2013 5th National Mars Science Seminar \u00bb<\/a><\/div>\n\n\n\n<div class=\"wp-block-button\"><a class=\"wp-block-button__link\" href=\"https:\/\/mars.uj.edu.pl\/index.php\/national-mars-science-seminar\/4th-national-mars-science-seminar-2022\/\">4th National Mars Science Seminar (2022) \u00bb<\/a><\/div>\n\n\n\n<div class=\"wp-block-button\"><a class=\"wp-block-button__link\" href=\"https:\/\/mars.uj.edu.pl\/index.php\/national-mars-science-seminar\/the-3rd-national-mars-science-seminar\/\">3rd National Mars Science Seminar (2021) \u00bb<\/a><\/div>\n\n\n\n<div class=\"wp-block-button\"><a class=\"wp-block-button__link\" href=\"https:\/\/mars.uj.edu.pl\/index.php\/national-mars-science-seminar\/2nd-national-mars-science-seminar-2020\/\">2nd National Mars Science Seminar (2020) \u00bb<\/a><\/div>\n\n\n\n<div class=\"wp-block-button\"><a class=\"wp-block-button__link\" href=\"https:\/\/mars.uj.edu.pl\/index.php\/national-mars-science-seminar\/1st-national-mars-science-seminar-2019\/\">1st National Mars Science Seminar (2019) \u00bb<\/a><\/div>\n<\/div>\n\n\n\n<div class=\"wp-container-2 wp-block-buttons\"><\/div>\n\n\n\n<div class=\"wp-container-3 wp-block-buttons\"><\/div>\n<\/div><\/div>\n\n\n\n<p><\/p>\n","protected":false},"excerpt":{"rendered":"<p>Aim of the conference To present achievements of Polish scientists in the field of Mars science To establish scientific cooperation in the field of Mars science To develop Mars science in Poland Scope Topics of interest for submission include, but are not limited to: estimation of Mars orbital parameters and global properties of the planet &hellip; <\/p>\n<p class=\"link-more\"><a href=\"https:\/\/mars.uj.edu.pl\/index.php\/planetary-science-conference\/\" class=\"more-link\">Czytaj dalej<span class=\"screen-reader-text\"> Planetary Science Conference<\/span><\/a><\/p>\n","protected":false},"author":1,"featured_media":0,"parent":0,"menu_order":0,"comment_status":"closed","ping_status":"closed","template":"","meta":[],"yoast_head":"<!-- This site is optimized with the Yoast SEO plugin v19.4 - https:\/\/yoast.com\/wordpress\/plugins\/seo\/ -->\n<title>Planetary Science Conference - Mi\u0119dzywydzia\u0142owy Program Bada\u0144 Planetarnych<\/title>\n<meta name=\"robots\" content=\"index, follow, max-snippet:-1, max-image-preview:large, max-video-preview:-1\" \/>\n<link rel=\"canonical\" href=\"https:\/\/mars.uj.edu.pl\/index.php\/planetary-science-conference\/\" \/>\n<meta property=\"og:locale\" content=\"pl_PL\" \/>\n<meta property=\"og:type\" content=\"article\" \/>\n<meta property=\"og:title\" content=\"Planetary Science Conference - Mi\u0119dzywydzia\u0142owy Program Bada\u0144 Planetarnych\" \/>\n<meta property=\"og:description\" content=\"Aim of the conference To present achievements of Polish scientists in the field of Mars science To establish scientific cooperation in the field of Mars science To develop Mars science in Poland Scope Topics of interest for submission include, but are not limited to: estimation of Mars orbital parameters and global properties of the planet &hellip; Czytaj dalej Planetary Science Conference\" \/>\n<meta property=\"og:url\" content=\"https:\/\/mars.uj.edu.pl\/index.php\/planetary-science-conference\/\" \/>\n<meta property=\"og:site_name\" content=\"Mi\u0119dzywydzia\u0142owy Program Bada\u0144 Planetarnych\" \/>\n<meta property=\"article:modified_time\" content=\"2025-06-23T08:30:57+00:00\" \/>\n<meta name=\"twitter:card\" content=\"summary_large_image\" \/>\n<meta name=\"twitter:label1\" content=\"Est. reading time\" \/>\n\t<meta name=\"twitter:data1\" content=\"1 minuta\" \/>\n<script type=\"application\/ld+json\" class=\"yoast-schema-graph\">{\"@context\":\"https:\/\/schema.org\",\"@graph\":[{\"@type\":\"Organization\",\"@id\":\"https:\/\/mars.uj.edu.pl\/#organization\",\"name\":\"Planetary Lab \u2013 Interfaculty Program in Planetary Research (Jagiellonian University in Krak\u00f3w)\",\"url\":\"https:\/\/mars.uj.edu.pl\/\",\"sameAs\":[],\"logo\":{\"@type\":\"ImageObject\",\"inLanguage\":\"pl-PL\",\"@id\":\"https:\/\/mars.uj.edu.pl\/#\/schema\/logo\/image\/\",\"url\":\"https:\/\/mars.uj.edu.pl\/wp-content\/uploads\/2020\/02\/cropped-UJ_her_neg1.png\",\"contentUrl\":\"https:\/\/mars.uj.edu.pl\/wp-content\/uploads\/2020\/02\/cropped-UJ_her_neg1.png\",\"width\":179,\"height\":250,\"caption\":\"Planetary Lab \u2013 Interfaculty Program in Planetary Research (Jagiellonian University in Krak\u00f3w)\"},\"image\":{\"@id\":\"https:\/\/mars.uj.edu.pl\/#\/schema\/logo\/image\/\"}},{\"@type\":\"WebSite\",\"@id\":\"https:\/\/mars.uj.edu.pl\/#website\",\"url\":\"https:\/\/mars.uj.edu.pl\/\",\"name\":\"Mi\u0119dzywydzia\u0142owy Program Bada\u0144 Planetarnych\",\"description\":\"Uniwersytet Jagiello\u0144ski w Krakowie\",\"publisher\":{\"@id\":\"https:\/\/mars.uj.edu.pl\/#organization\"},\"potentialAction\":[{\"@type\":\"SearchAction\",\"target\":{\"@type\":\"EntryPoint\",\"urlTemplate\":\"https:\/\/mars.uj.edu.pl\/?s={search_term_string}\"},\"query-input\":\"required name=search_term_string\"}],\"inLanguage\":\"pl-PL\"},{\"@type\":\"WebPage\",\"@id\":\"https:\/\/mars.uj.edu.pl\/index.php\/planetary-science-conference\/\",\"url\":\"https:\/\/mars.uj.edu.pl\/index.php\/planetary-science-conference\/\",\"name\":\"Planetary Science Conference - Mi\u0119dzywydzia\u0142owy Program Bada\u0144 Planetarnych\",\"isPartOf\":{\"@id\":\"https:\/\/mars.uj.edu.pl\/#website\"},\"datePublished\":\"2020-07-14T17:34:29+00:00\",\"dateModified\":\"2025-06-23T08:30:57+00:00\",\"breadcrumb\":{\"@id\":\"https:\/\/mars.uj.edu.pl\/index.php\/planetary-science-conference\/#breadcrumb\"},\"inLanguage\":\"pl-PL\",\"potentialAction\":[{\"@type\":\"ReadAction\",\"target\":[\"https:\/\/mars.uj.edu.pl\/index.php\/planetary-science-conference\/\"]}]},{\"@type\":\"BreadcrumbList\",\"@id\":\"https:\/\/mars.uj.edu.pl\/index.php\/planetary-science-conference\/#breadcrumb\",\"itemListElement\":[{\"@type\":\"ListItem\",\"position\":1,\"name\":\"Home\",\"item\":\"https:\/\/mars.uj.edu.pl\/index.php\/pl\/miedzywydzialowy-program-badan-planetarnych\/\"},{\"@type\":\"ListItem\",\"position\":2,\"name\":\"Planetary Science Conference\"}]}]}<\/script>\n<!-- \/ Yoast SEO plugin. -->","yoast_head_json":{"title":"Planetary Science Conference - Mi\u0119dzywydzia\u0142owy Program Bada\u0144 Planetarnych","robots":{"index":"index","follow":"follow","max-snippet":"max-snippet:-1","max-image-preview":"max-image-preview:large","max-video-preview":"max-video-preview:-1"},"canonical":"https:\/\/mars.uj.edu.pl\/index.php\/planetary-science-conference\/","og_locale":"pl_PL","og_type":"article","og_title":"Planetary Science Conference - Mi\u0119dzywydzia\u0142owy Program Bada\u0144 Planetarnych","og_description":"Aim of the conference To present achievements of Polish scientists in the field of Mars science To establish scientific cooperation in the field of Mars science To develop Mars science in Poland Scope Topics of interest for submission include, but are not limited to: estimation of Mars orbital parameters and global properties of the planet &hellip; Czytaj dalej Planetary Science Conference","og_url":"https:\/\/mars.uj.edu.pl\/index.php\/planetary-science-conference\/","og_site_name":"Mi\u0119dzywydzia\u0142owy Program Bada\u0144 Planetarnych","article_modified_time":"2025-06-23T08:30:57+00:00","twitter_card":"summary_large_image","twitter_misc":{"Est. reading time":"1 minuta"},"schema":{"@context":"https:\/\/schema.org","@graph":[{"@type":"Organization","@id":"https:\/\/mars.uj.edu.pl\/#organization","name":"Planetary Lab \u2013 Interfaculty Program in Planetary Research (Jagiellonian University in Krak\u00f3w)","url":"https:\/\/mars.uj.edu.pl\/","sameAs":[],"logo":{"@type":"ImageObject","inLanguage":"pl-PL","@id":"https:\/\/mars.uj.edu.pl\/#\/schema\/logo\/image\/","url":"https:\/\/mars.uj.edu.pl\/wp-content\/uploads\/2020\/02\/cropped-UJ_her_neg1.png","contentUrl":"https:\/\/mars.uj.edu.pl\/wp-content\/uploads\/2020\/02\/cropped-UJ_her_neg1.png","width":179,"height":250,"caption":"Planetary Lab \u2013 Interfaculty Program in Planetary Research (Jagiellonian University in Krak\u00f3w)"},"image":{"@id":"https:\/\/mars.uj.edu.pl\/#\/schema\/logo\/image\/"}},{"@type":"WebSite","@id":"https:\/\/mars.uj.edu.pl\/#website","url":"https:\/\/mars.uj.edu.pl\/","name":"Mi\u0119dzywydzia\u0142owy Program Bada\u0144 Planetarnych","description":"Uniwersytet Jagiello\u0144ski w Krakowie","publisher":{"@id":"https:\/\/mars.uj.edu.pl\/#organization"},"potentialAction":[{"@type":"SearchAction","target":{"@type":"EntryPoint","urlTemplate":"https:\/\/mars.uj.edu.pl\/?s={search_term_string}"},"query-input":"required name=search_term_string"}],"inLanguage":"pl-PL"},{"@type":"WebPage","@id":"https:\/\/mars.uj.edu.pl\/index.php\/planetary-science-conference\/","url":"https:\/\/mars.uj.edu.pl\/index.php\/planetary-science-conference\/","name":"Planetary Science Conference - Mi\u0119dzywydzia\u0142owy Program Bada\u0144 Planetarnych","isPartOf":{"@id":"https:\/\/mars.uj.edu.pl\/#website"},"datePublished":"2020-07-14T17:34:29+00:00","dateModified":"2025-06-23T08:30:57+00:00","breadcrumb":{"@id":"https:\/\/mars.uj.edu.pl\/index.php\/planetary-science-conference\/#breadcrumb"},"inLanguage":"pl-PL","potentialAction":[{"@type":"ReadAction","target":["https:\/\/mars.uj.edu.pl\/index.php\/planetary-science-conference\/"]}]},{"@type":"BreadcrumbList","@id":"https:\/\/mars.uj.edu.pl\/index.php\/planetary-science-conference\/#breadcrumb","itemListElement":[{"@type":"ListItem","position":1,"name":"Home","item":"https:\/\/mars.uj.edu.pl\/index.php\/pl\/miedzywydzialowy-program-badan-planetarnych\/"},{"@type":"ListItem","position":2,"name":"Planetary Science Conference"}]}]}},"_links":{"self":[{"href":"https:\/\/mars.uj.edu.pl\/index.php\/wp-json\/wp\/v2\/pages\/440"}],"collection":[{"href":"https:\/\/mars.uj.edu.pl\/index.php\/wp-json\/wp\/v2\/pages"}],"about":[{"href":"https:\/\/mars.uj.edu.pl\/index.php\/wp-json\/wp\/v2\/types\/page"}],"author":[{"embeddable":true,"href":"https:\/\/mars.uj.edu.pl\/index.php\/wp-json\/wp\/v2\/users\/1"}],"replies":[{"embeddable":true,"href":"https:\/\/mars.uj.edu.pl\/index.php\/wp-json\/wp\/v2\/comments?post=440"}],"version-history":[{"count":16,"href":"https:\/\/mars.uj.edu.pl\/index.php\/wp-json\/wp\/v2\/pages\/440\/revisions"}],"predecessor-version":[{"id":1263,"href":"https:\/\/mars.uj.edu.pl\/index.php\/wp-json\/wp\/v2\/pages\/440\/revisions\/1263"}],"wp:attachment":[{"href":"https:\/\/mars.uj.edu.pl\/index.php\/wp-json\/wp\/v2\/media?parent=440"}],"curies":[{"name":"wp","href":"https:\/\/api.w.org\/{rel}","templated":true}]}}