{"id":585,"date":"2020-10-12T13:59:45","date_gmt":"2020-10-12T11:59:45","guid":{"rendered":"http:\/\/mars.uj.edu.pl\/?page_id=585"},"modified":"2025-02-02T13:23:44","modified_gmt":"2025-02-02T12:23:44","slug":"struktura","status":"publish","type":"page","link":"https:\/\/mars.uj.edu.pl\/index.php\/pl\/struktura\/","title":{"rendered":"Struktura"},"content":{"rendered":"\n<p>Bie\u017c\u0105ce projektyPlanetary Lab sk\u0142ada si\u0119 obecnie z 4 grup naukowych: ELF Lab, Mars Lab, Space Law Lab i Sun Lab, kt\u00f3re ze sob\u0105 \u015bci\u015ble wsp\u00f3\u0142pracuj\u0105, prowadz\u0105c interdyscyplinarne, mi\u0119dzynarodowe badania.<\/p>\n\n\n\n<div class=\"wp-block-button aligncenter\"><a class=\"wp-block-button__link\" href=\"https:\/\/mars.uj.edu.pl\/index.php\/pl\/struktura\/elf-lab\/\">ELF Lab \u00bb<\/a><\/div>\n\n\n\n<div class=\"wp-block-button aligncenter\"><a class=\"wp-block-button__link\" href=\"https:\/\/mars.uj.edu.pl\/index.php\/pl\/struktura\/mars-lab\/\">Mars Lab \u00bb<\/a><\/div>\n\n\n\n<div class=\"wp-block-button aligncenter\"><a class=\"wp-block-button__link\" href=\"https:\/\/mars.uj.edu.pl\/index.php\/pl\/struktura\/space-law-lab\/\">Space Law \u00bb<\/a><\/div>\n\n\n\n<div class=\"wp-block-button aligncenter\"><a class=\"wp-block-button__link\" href=\"https:\/\/mars.uj.edu.pl\/index.php\/pl\/struktura\/sun-lab\/\">Sun Lab \u00bb<\/a><\/div>\n","protected":false},"excerpt":{"rendered":"<p>Bie\u017c\u0105ce projektyPlanetary Lab sk\u0142ada si\u0119 obecnie z 4 grup naukowych: ELF Lab, Mars Lab, Space Law Lab i Sun Lab, kt\u00f3re ze sob\u0105 \u015bci\u015ble wsp\u00f3\u0142pracuj\u0105, prowadz\u0105c interdyscyplinarne, mi\u0119dzynarodowe badania. ELF Lab \u00bb Mars Lab \u00bb Space Law \u00bb Sun Lab \u00bb<\/p>\n","protected":false},"author":1,"featured_media":0,"parent":0,"menu_order":0,"comment_status":"closed","ping_status":"closed","template":"","meta":[],"yoast_head":"<!-- This site is optimized with the Yoast SEO plugin v19.4 - https:\/\/yoast.com\/wordpress\/plugins\/seo\/ -->\n<title>Struktura - Mi\u0119dzywydzia\u0142owy Program Bada\u0144 Planetarnych<\/title>\n<meta name=\"robots\" content=\"index, follow, max-snippet:-1, max-image-preview:large, max-video-preview:-1\" \/>\n<link rel=\"canonical\" href=\"https:\/\/mars.uj.edu.pl\/index.php\/pl\/struktura\/\" \/>\n<meta property=\"og:locale\" content=\"pl_PL\" \/>\n<meta property=\"og:type\" content=\"article\" \/>\n<meta property=\"og:title\" content=\"Struktura - Mi\u0119dzywydzia\u0142owy Program Bada\u0144 Planetarnych\" \/>\n<meta property=\"og:description\" content=\"Bie\u017c\u0105ce projektyPlanetary Lab sk\u0142ada si\u0119 obecnie z 4 grup naukowych: ELF Lab, Mars Lab, Space Law Lab i Sun Lab, kt\u00f3re ze sob\u0105 \u015bci\u015ble wsp\u00f3\u0142pracuj\u0105, prowadz\u0105c interdyscyplinarne, mi\u0119dzynarodowe badania. ELF Lab \u00bb Mars Lab \u00bb Space Law \u00bb Sun Lab \u00bb\" \/>\n<meta property=\"og:url\" content=\"https:\/\/mars.uj.edu.pl\/index.php\/pl\/struktura\/\" \/>\n<meta property=\"og:site_name\" content=\"Mi\u0119dzywydzia\u0142owy Program Bada\u0144 Planetarnych\" \/>\n<meta property=\"article:modified_time\" content=\"2025-02-02T12:23:44+00:00\" \/>\n<meta name=\"twitter:card\" content=\"summary_large_image\" \/>\n<meta name=\"twitter:label1\" content=\"Est. reading time\" \/>\n\t<meta name=\"twitter:data1\" content=\"1 minuta\" \/>\n<script type=\"application\/ld+json\" class=\"yoast-schema-graph\">{\"@context\":\"https:\/\/schema.org\",\"@graph\":[{\"@type\":\"Organization\",\"@id\":\"https:\/\/mars.uj.edu.pl\/#organization\",\"name\":\"Planetary Lab \u2013 Interfaculty Program in Planetary Research (Jagiellonian University in Krak\u00f3w)\",\"url\":\"https:\/\/mars.uj.edu.pl\/\",\"sameAs\":[],\"logo\":{\"@type\":\"ImageObject\",\"inLanguage\":\"pl-PL\",\"@id\":\"https:\/\/mars.uj.edu.pl\/#\/schema\/logo\/image\/\",\"url\":\"https:\/\/mars.uj.edu.pl\/wp-content\/uploads\/2020\/02\/cropped-UJ_her_neg1.png\",\"contentUrl\":\"https:\/\/mars.uj.edu.pl\/wp-content\/uploads\/2020\/02\/cropped-UJ_her_neg1.png\",\"width\":179,\"height\":250,\"caption\":\"Planetary Lab \u2013 Interfaculty Program in Planetary Research (Jagiellonian University in Krak\u00f3w)\"},\"image\":{\"@id\":\"https:\/\/mars.uj.edu.pl\/#\/schema\/logo\/image\/\"}},{\"@type\":\"WebSite\",\"@id\":\"https:\/\/mars.uj.edu.pl\/#website\",\"url\":\"https:\/\/mars.uj.edu.pl\/\",\"name\":\"Mi\u0119dzywydzia\u0142owy Program Bada\u0144 Planetarnych\",\"description\":\"Uniwersytet Jagiello\u0144ski w Krakowie\",\"publisher\":{\"@id\":\"https:\/\/mars.uj.edu.pl\/#organization\"},\"potentialAction\":[{\"@type\":\"SearchAction\",\"target\":{\"@type\":\"EntryPoint\",\"urlTemplate\":\"https:\/\/mars.uj.edu.pl\/?s={search_term_string}\"},\"query-input\":\"required name=search_term_string\"}],\"inLanguage\":\"pl-PL\"},{\"@type\":\"WebPage\",\"@id\":\"https:\/\/mars.uj.edu.pl\/index.php\/pl\/struktura\/\",\"url\":\"https:\/\/mars.uj.edu.pl\/index.php\/pl\/struktura\/\",\"name\":\"Struktura - Mi\u0119dzywydzia\u0142owy Program Bada\u0144 Planetarnych\",\"isPartOf\":{\"@id\":\"https:\/\/mars.uj.edu.pl\/#website\"},\"datePublished\":\"2020-10-12T11:59:45+00:00\",\"dateModified\":\"2025-02-02T12:23:44+00:00\",\"breadcrumb\":{\"@id\":\"https:\/\/mars.uj.edu.pl\/index.php\/pl\/struktura\/#breadcrumb\"},\"inLanguage\":\"pl-PL\",\"potentialAction\":[{\"@type\":\"ReadAction\",\"target\":[\"https:\/\/mars.uj.edu.pl\/index.php\/pl\/struktura\/\"]}]},{\"@type\":\"BreadcrumbList\",\"@id\":\"https:\/\/mars.uj.edu.pl\/index.php\/pl\/struktura\/#breadcrumb\",\"itemListElement\":[{\"@type\":\"ListItem\",\"position\":1,\"name\":\"Home\",\"item\":\"https:\/\/mars.uj.edu.pl\/index.php\/pl\/miedzywydzialowy-program-badan-planetarnych\/\"},{\"@type\":\"ListItem\",\"position\":2,\"name\":\"Struktura\"}]}]}<\/script>\n<!-- \/ Yoast SEO plugin. -->","yoast_head_json":{"title":"Struktura - Mi\u0119dzywydzia\u0142owy Program Bada\u0144 Planetarnych","robots":{"index":"index","follow":"follow","max-snippet":"max-snippet:-1","max-image-preview":"max-image-preview:large","max-video-preview":"max-video-preview:-1"},"canonical":"https:\/\/mars.uj.edu.pl\/index.php\/pl\/struktura\/","og_locale":"pl_PL","og_type":"article","og_title":"Struktura - Mi\u0119dzywydzia\u0142owy Program Bada\u0144 Planetarnych","og_description":"Bie\u017c\u0105ce projektyPlanetary Lab sk\u0142ada si\u0119 obecnie z 4 grup naukowych: ELF Lab, Mars Lab, Space Law Lab i Sun Lab, kt\u00f3re ze sob\u0105 \u015bci\u015ble wsp\u00f3\u0142pracuj\u0105, prowadz\u0105c interdyscyplinarne, mi\u0119dzynarodowe badania. ELF Lab \u00bb Mars Lab \u00bb Space Law \u00bb Sun Lab \u00bb","og_url":"https:\/\/mars.uj.edu.pl\/index.php\/pl\/struktura\/","og_site_name":"Mi\u0119dzywydzia\u0142owy Program Bada\u0144 Planetarnych","article_modified_time":"2025-02-02T12:23:44+00:00","twitter_card":"summary_large_image","twitter_misc":{"Est. reading time":"1 minuta"},"schema":{"@context":"https:\/\/schema.org","@graph":[{"@type":"Organization","@id":"https:\/\/mars.uj.edu.pl\/#organization","name":"Planetary Lab \u2013 Interfaculty Program in Planetary Research (Jagiellonian University in Krak\u00f3w)","url":"https:\/\/mars.uj.edu.pl\/","sameAs":[],"logo":{"@type":"ImageObject","inLanguage":"pl-PL","@id":"https:\/\/mars.uj.edu.pl\/#\/schema\/logo\/image\/","url":"https:\/\/mars.uj.edu.pl\/wp-content\/uploads\/2020\/02\/cropped-UJ_her_neg1.png","contentUrl":"https:\/\/mars.uj.edu.pl\/wp-content\/uploads\/2020\/02\/cropped-UJ_her_neg1.png","width":179,"height":250,"caption":"Planetary Lab \u2013 Interfaculty Program in Planetary Research (Jagiellonian University in Krak\u00f3w)"},"image":{"@id":"https:\/\/mars.uj.edu.pl\/#\/schema\/logo\/image\/"}},{"@type":"WebSite","@id":"https:\/\/mars.uj.edu.pl\/#website","url":"https:\/\/mars.uj.edu.pl\/","name":"Mi\u0119dzywydzia\u0142owy Program Bada\u0144 Planetarnych","description":"Uniwersytet Jagiello\u0144ski w Krakowie","publisher":{"@id":"https:\/\/mars.uj.edu.pl\/#organization"},"potentialAction":[{"@type":"SearchAction","target":{"@type":"EntryPoint","urlTemplate":"https:\/\/mars.uj.edu.pl\/?s={search_term_string}"},"query-input":"required name=search_term_string"}],"inLanguage":"pl-PL"},{"@type":"WebPage","@id":"https:\/\/mars.uj.edu.pl\/index.php\/pl\/struktura\/","url":"https:\/\/mars.uj.edu.pl\/index.php\/pl\/struktura\/","name":"Struktura - Mi\u0119dzywydzia\u0142owy Program Bada\u0144 Planetarnych","isPartOf":{"@id":"https:\/\/mars.uj.edu.pl\/#website"},"datePublished":"2020-10-12T11:59:45+00:00","dateModified":"2025-02-02T12:23:44+00:00","breadcrumb":{"@id":"https:\/\/mars.uj.edu.pl\/index.php\/pl\/struktura\/#breadcrumb"},"inLanguage":"pl-PL","potentialAction":[{"@type":"ReadAction","target":["https:\/\/mars.uj.edu.pl\/index.php\/pl\/struktura\/"]}]},{"@type":"BreadcrumbList","@id":"https:\/\/mars.uj.edu.pl\/index.php\/pl\/struktura\/#breadcrumb","itemListElement":[{"@type":"ListItem","position":1,"name":"Home","item":"https:\/\/mars.uj.edu.pl\/index.php\/pl\/miedzywydzialowy-program-badan-planetarnych\/"},{"@type":"ListItem","position":2,"name":"Struktura"}]}]}},"_links":{"self":[{"href":"https:\/\/mars.uj.edu.pl\/index.php\/wp-json\/wp\/v2\/pages\/585"}],"collection":[{"href":"https:\/\/mars.uj.edu.pl\/index.php\/wp-json\/wp\/v2\/pages"}],"about":[{"href":"https:\/\/mars.uj.edu.pl\/index.php\/wp-json\/wp\/v2\/types\/page"}],"author":[{"embeddable":true,"href":"https:\/\/mars.uj.edu.pl\/index.php\/wp-json\/wp\/v2\/users\/1"}],"replies":[{"embeddable":true,"href":"https:\/\/mars.uj.edu.pl\/index.php\/wp-json\/wp\/v2\/comments?post=585"}],"version-history":[{"count":13,"href":"https:\/\/mars.uj.edu.pl\/index.php\/wp-json\/wp\/v2\/pages\/585\/revisions"}],"predecessor-version":[{"id":1173,"href":"https:\/\/mars.uj.edu.pl\/index.php\/wp-json\/wp\/v2\/pages\/585\/revisions\/1173"}],"wp:attachment":[{"href":"https:\/\/mars.uj.edu.pl\/index.php\/wp-json\/wp\/v2\/media?parent=585"}],"curies":[{"name":"wp","href":"https:\/\/api.w.org\/{rel}","templated":true}]}}