{"id":594,"date":"2020-10-12T14:00:30","date_gmt":"2020-10-12T12:00:30","guid":{"rendered":"http:\/\/mars.uj.edu.pl\/?page_id=594"},"modified":"2025-02-02T13:21:22","modified_gmt":"2025-02-02T12:21:22","slug":"elf-lab","status":"publish","type":"page","link":"https:\/\/mars.uj.edu.pl\/index.php\/pl\/struktura\/elf-lab\/","title":{"rendered":"ELF Lab"},"content":{"rendered":"\n<p>ELF Lab wsp\u00f3lnie z grup\u0105 z AGH, zajmuje si\u0119 od prawie trzydziestu lat badaniami planetarnych naturalnych p\u00f3l elektromagnetycznych o niskich cz\u0119stotliwo\u015bciach (ELF) w zjawiskach: geofizycznych (Rezonanse Schumanna), atmosferycznych (Terrestrial Gamma-ray Flashes) i astrofizycznych (odzia\u0142ywanie S\u0142o\u0144ce \u2013 jonosfera), jak r\u00f3wnie\u017c w badaniach aktywno\u015bci burzowej na \u015bwiecie i zapocz\u0105tkowanych obecnie badaniach zmian klimatycznych. Wypracowane w zespole metody rejestracji oraz mapowania aktywno\u015bci burzowej pozwalaj\u0105 w tym ostatnim zakresie na badania ilo\u015bciowe tempa zachodz\u0105cych zmian parametr\u00f3w klimatycznych i jonosferycznych. Zesp\u00f3\u0142, prowadzi formaln\u0105 wsp\u00f3\u0142prac\u0119 z projektami detekcji fal grawitacyjnych w ramach projektu VIRGO oraz z kosmicznym projektem monitorowania aktywno\u015bci elektrycznej atmosfery ASIM, oraz projektem ELF na Marsie.<\/p>\n\n\n\n<p>Bie\u017c\u0105ce Projekty:<\/p>\n\n\n\n<hr class=\"wp-block-separator has-css-opacity is-style-wide\"\/>\n\n\n\n<ul><li>Space weather impact study<\/li><\/ul>\n\n\n\n<div class=\"wp-block-button aligncenter\"><a class=\"wp-block-button__link\" href=\"https:\/\/mars.uj.edu.pl\/index.php\/scientific-activities\/space-weather-impact-study\/\">opis projektu \u00bb<\/a><\/div>\n\n\n\n<hr class=\"wp-block-separator has-css-opacity is-style-wide\"\/>\n\n\n\n<ul><li>Tomography of the Martian ground using inverse solutions for ELF waves generated by dust storms in the ground-ionosphere waveguide<\/li><\/ul>\n\n\n\n<div class=\"wp-block-button aligncenter\"><a class=\"wp-block-button__link\" href=\"https:\/\/mars.uj.edu.pl\/index.php\/scientific-activities\/tomography-of-the-martian-ground-using-inverse-solutions-for-elf-waves-generated-by-dust-storms-in-the-ground-ionosphere-waveguide\/\">opis projektu \u00bb<\/a><\/div>\n\n\n\n<hr class=\"wp-block-separator has-css-opacity is-style-wide\"\/>\n","protected":false},"excerpt":{"rendered":"<p>ELF Lab wsp\u00f3lnie z grup\u0105 z AGH, zajmuje si\u0119 od prawie trzydziestu lat badaniami planetarnych naturalnych p\u00f3l elektromagnetycznych o niskich cz\u0119stotliwo\u015bciach (ELF) w zjawiskach: geofizycznych (Rezonanse Schumanna), atmosferycznych (Terrestrial Gamma-ray Flashes) i astrofizycznych (odzia\u0142ywanie S\u0142o\u0144ce \u2013 jonosfera), jak r\u00f3wnie\u017c w badaniach aktywno\u015bci burzowej na \u015bwiecie i zapocz\u0105tkowanych obecnie badaniach zmian klimatycznych. Wypracowane w zespole metody &hellip; <\/p>\n<p class=\"link-more\"><a href=\"https:\/\/mars.uj.edu.pl\/index.php\/pl\/struktura\/elf-lab\/\" class=\"more-link\">Czytaj dalej<span class=\"screen-reader-text\"> ELF Lab<\/span><\/a><\/p>\n","protected":false},"author":1,"featured_media":0,"parent":585,"menu_order":1,"comment_status":"closed","ping_status":"closed","template":"","meta":[],"yoast_head":"<!-- This site is optimized with the Yoast SEO plugin v19.4 - https:\/\/yoast.com\/wordpress\/plugins\/seo\/ -->\n<title>ELF Lab - Mi\u0119dzywydzia\u0142owy Program Bada\u0144 Planetarnych<\/title>\n<meta name=\"robots\" content=\"index, follow, max-snippet:-1, max-image-preview:large, max-video-preview:-1\" \/>\n<link rel=\"canonical\" href=\"https:\/\/mars.uj.edu.pl\/index.php\/pl\/struktura\/elf-lab\/\" \/>\n<meta property=\"og:locale\" content=\"pl_PL\" \/>\n<meta property=\"og:type\" content=\"article\" \/>\n<meta property=\"og:title\" content=\"ELF Lab - Mi\u0119dzywydzia\u0142owy Program Bada\u0144 Planetarnych\" \/>\n<meta property=\"og:description\" content=\"ELF Lab wsp\u00f3lnie z grup\u0105 z AGH, zajmuje si\u0119 od prawie trzydziestu lat badaniami planetarnych naturalnych p\u00f3l elektromagnetycznych o niskich cz\u0119stotliwo\u015bciach (ELF) w zjawiskach: geofizycznych (Rezonanse Schumanna), atmosferycznych (Terrestrial Gamma-ray Flashes) i astrofizycznych (odzia\u0142ywanie S\u0142o\u0144ce \u2013 jonosfera), jak r\u00f3wnie\u017c w badaniach aktywno\u015bci burzowej na \u015bwiecie i zapocz\u0105tkowanych obecnie badaniach zmian klimatycznych. Wypracowane w zespole metody &hellip; Czytaj dalej ELF Lab\" \/>\n<meta property=\"og:url\" content=\"https:\/\/mars.uj.edu.pl\/index.php\/pl\/struktura\/elf-lab\/\" \/>\n<meta property=\"og:site_name\" content=\"Mi\u0119dzywydzia\u0142owy Program Bada\u0144 Planetarnych\" \/>\n<meta property=\"article:modified_time\" content=\"2025-02-02T12:21:22+00:00\" \/>\n<meta name=\"twitter:card\" content=\"summary_large_image\" \/>\n<meta name=\"twitter:label1\" content=\"Est. reading time\" \/>\n\t<meta name=\"twitter:data1\" content=\"1 minuta\" \/>\n<script type=\"application\/ld+json\" class=\"yoast-schema-graph\">{\"@context\":\"https:\/\/schema.org\",\"@graph\":[{\"@type\":\"Organization\",\"@id\":\"https:\/\/mars.uj.edu.pl\/#organization\",\"name\":\"Planetary Lab \u2013 Interfaculty Program in Planetary Research (Jagiellonian University in Krak\u00f3w)\",\"url\":\"https:\/\/mars.uj.edu.pl\/\",\"sameAs\":[],\"logo\":{\"@type\":\"ImageObject\",\"inLanguage\":\"pl-PL\",\"@id\":\"https:\/\/mars.uj.edu.pl\/#\/schema\/logo\/image\/\",\"url\":\"https:\/\/mars.uj.edu.pl\/wp-content\/uploads\/2020\/02\/cropped-UJ_her_neg1.png\",\"contentUrl\":\"https:\/\/mars.uj.edu.pl\/wp-content\/uploads\/2020\/02\/cropped-UJ_her_neg1.png\",\"width\":179,\"height\":250,\"caption\":\"Planetary Lab \u2013 Interfaculty Program in Planetary Research (Jagiellonian University in Krak\u00f3w)\"},\"image\":{\"@id\":\"https:\/\/mars.uj.edu.pl\/#\/schema\/logo\/image\/\"}},{\"@type\":\"WebSite\",\"@id\":\"https:\/\/mars.uj.edu.pl\/#website\",\"url\":\"https:\/\/mars.uj.edu.pl\/\",\"name\":\"Mi\u0119dzywydzia\u0142owy Program Bada\u0144 Planetarnych\",\"description\":\"Uniwersytet Jagiello\u0144ski w Krakowie\",\"publisher\":{\"@id\":\"https:\/\/mars.uj.edu.pl\/#organization\"},\"potentialAction\":[{\"@type\":\"SearchAction\",\"target\":{\"@type\":\"EntryPoint\",\"urlTemplate\":\"https:\/\/mars.uj.edu.pl\/?s={search_term_string}\"},\"query-input\":\"required name=search_term_string\"}],\"inLanguage\":\"pl-PL\"},{\"@type\":\"WebPage\",\"@id\":\"https:\/\/mars.uj.edu.pl\/index.php\/pl\/struktura\/elf-lab\/\",\"url\":\"https:\/\/mars.uj.edu.pl\/index.php\/pl\/struktura\/elf-lab\/\",\"name\":\"ELF Lab - Mi\u0119dzywydzia\u0142owy Program Bada\u0144 Planetarnych\",\"isPartOf\":{\"@id\":\"https:\/\/mars.uj.edu.pl\/#website\"},\"datePublished\":\"2020-10-12T12:00:30+00:00\",\"dateModified\":\"2025-02-02T12:21:22+00:00\",\"breadcrumb\":{\"@id\":\"https:\/\/mars.uj.edu.pl\/index.php\/pl\/struktura\/elf-lab\/#breadcrumb\"},\"inLanguage\":\"pl-PL\",\"potentialAction\":[{\"@type\":\"ReadAction\",\"target\":[\"https:\/\/mars.uj.edu.pl\/index.php\/pl\/struktura\/elf-lab\/\"]}]},{\"@type\":\"BreadcrumbList\",\"@id\":\"https:\/\/mars.uj.edu.pl\/index.php\/pl\/struktura\/elf-lab\/#breadcrumb\",\"itemListElement\":[{\"@type\":\"ListItem\",\"position\":1,\"name\":\"Home\",\"item\":\"https:\/\/mars.uj.edu.pl\/index.php\/pl\/miedzywydzialowy-program-badan-planetarnych\/\"},{\"@type\":\"ListItem\",\"position\":2,\"name\":\"Struktura\",\"item\":\"https:\/\/mars.uj.edu.pl\/index.php\/pl\/struktura\/\"},{\"@type\":\"ListItem\",\"position\":3,\"name\":\"ELF Lab\"}]}]}<\/script>\n<!-- \/ Yoast SEO plugin. -->","yoast_head_json":{"title":"ELF Lab - Mi\u0119dzywydzia\u0142owy Program Bada\u0144 Planetarnych","robots":{"index":"index","follow":"follow","max-snippet":"max-snippet:-1","max-image-preview":"max-image-preview:large","max-video-preview":"max-video-preview:-1"},"canonical":"https:\/\/mars.uj.edu.pl\/index.php\/pl\/struktura\/elf-lab\/","og_locale":"pl_PL","og_type":"article","og_title":"ELF Lab - Mi\u0119dzywydzia\u0142owy Program Bada\u0144 Planetarnych","og_description":"ELF Lab wsp\u00f3lnie z grup\u0105 z AGH, zajmuje si\u0119 od prawie trzydziestu lat badaniami planetarnych naturalnych p\u00f3l elektromagnetycznych o niskich cz\u0119stotliwo\u015bciach (ELF) w zjawiskach: geofizycznych (Rezonanse Schumanna), atmosferycznych (Terrestrial Gamma-ray Flashes) i astrofizycznych (odzia\u0142ywanie S\u0142o\u0144ce \u2013 jonosfera), jak r\u00f3wnie\u017c w badaniach aktywno\u015bci burzowej na \u015bwiecie i zapocz\u0105tkowanych obecnie badaniach zmian klimatycznych. Wypracowane w zespole metody &hellip; Czytaj dalej ELF Lab","og_url":"https:\/\/mars.uj.edu.pl\/index.php\/pl\/struktura\/elf-lab\/","og_site_name":"Mi\u0119dzywydzia\u0142owy Program Bada\u0144 Planetarnych","article_modified_time":"2025-02-02T12:21:22+00:00","twitter_card":"summary_large_image","twitter_misc":{"Est. reading time":"1 minuta"},"schema":{"@context":"https:\/\/schema.org","@graph":[{"@type":"Organization","@id":"https:\/\/mars.uj.edu.pl\/#organization","name":"Planetary Lab \u2013 Interfaculty Program in Planetary Research (Jagiellonian University in Krak\u00f3w)","url":"https:\/\/mars.uj.edu.pl\/","sameAs":[],"logo":{"@type":"ImageObject","inLanguage":"pl-PL","@id":"https:\/\/mars.uj.edu.pl\/#\/schema\/logo\/image\/","url":"https:\/\/mars.uj.edu.pl\/wp-content\/uploads\/2020\/02\/cropped-UJ_her_neg1.png","contentUrl":"https:\/\/mars.uj.edu.pl\/wp-content\/uploads\/2020\/02\/cropped-UJ_her_neg1.png","width":179,"height":250,"caption":"Planetary Lab \u2013 Interfaculty Program in Planetary Research (Jagiellonian University in Krak\u00f3w)"},"image":{"@id":"https:\/\/mars.uj.edu.pl\/#\/schema\/logo\/image\/"}},{"@type":"WebSite","@id":"https:\/\/mars.uj.edu.pl\/#website","url":"https:\/\/mars.uj.edu.pl\/","name":"Mi\u0119dzywydzia\u0142owy Program Bada\u0144 Planetarnych","description":"Uniwersytet Jagiello\u0144ski w Krakowie","publisher":{"@id":"https:\/\/mars.uj.edu.pl\/#organization"},"potentialAction":[{"@type":"SearchAction","target":{"@type":"EntryPoint","urlTemplate":"https:\/\/mars.uj.edu.pl\/?s={search_term_string}"},"query-input":"required name=search_term_string"}],"inLanguage":"pl-PL"},{"@type":"WebPage","@id":"https:\/\/mars.uj.edu.pl\/index.php\/pl\/struktura\/elf-lab\/","url":"https:\/\/mars.uj.edu.pl\/index.php\/pl\/struktura\/elf-lab\/","name":"ELF Lab - Mi\u0119dzywydzia\u0142owy Program Bada\u0144 Planetarnych","isPartOf":{"@id":"https:\/\/mars.uj.edu.pl\/#website"},"datePublished":"2020-10-12T12:00:30+00:00","dateModified":"2025-02-02T12:21:22+00:00","breadcrumb":{"@id":"https:\/\/mars.uj.edu.pl\/index.php\/pl\/struktura\/elf-lab\/#breadcrumb"},"inLanguage":"pl-PL","potentialAction":[{"@type":"ReadAction","target":["https:\/\/mars.uj.edu.pl\/index.php\/pl\/struktura\/elf-lab\/"]}]},{"@type":"BreadcrumbList","@id":"https:\/\/mars.uj.edu.pl\/index.php\/pl\/struktura\/elf-lab\/#breadcrumb","itemListElement":[{"@type":"ListItem","position":1,"name":"Home","item":"https:\/\/mars.uj.edu.pl\/index.php\/pl\/miedzywydzialowy-program-badan-planetarnych\/"},{"@type":"ListItem","position":2,"name":"Struktura","item":"https:\/\/mars.uj.edu.pl\/index.php\/pl\/struktura\/"},{"@type":"ListItem","position":3,"name":"ELF Lab"}]}]}},"_links":{"self":[{"href":"https:\/\/mars.uj.edu.pl\/index.php\/wp-json\/wp\/v2\/pages\/594"}],"collection":[{"href":"https:\/\/mars.uj.edu.pl\/index.php\/wp-json\/wp\/v2\/pages"}],"about":[{"href":"https:\/\/mars.uj.edu.pl\/index.php\/wp-json\/wp\/v2\/types\/page"}],"author":[{"embeddable":true,"href":"https:\/\/mars.uj.edu.pl\/index.php\/wp-json\/wp\/v2\/users\/1"}],"replies":[{"embeddable":true,"href":"https:\/\/mars.uj.edu.pl\/index.php\/wp-json\/wp\/v2\/comments?post=594"}],"version-history":[{"count":7,"href":"https:\/\/mars.uj.edu.pl\/index.php\/wp-json\/wp\/v2\/pages\/594\/revisions"}],"predecessor-version":[{"id":1172,"href":"https:\/\/mars.uj.edu.pl\/index.php\/wp-json\/wp\/v2\/pages\/594\/revisions\/1172"}],"up":[{"embeddable":true,"href":"https:\/\/mars.uj.edu.pl\/index.php\/wp-json\/wp\/v2\/pages\/585"}],"wp:attachment":[{"href":"https:\/\/mars.uj.edu.pl\/index.php\/wp-json\/wp\/v2\/media?parent=594"}],"curies":[{"name":"wp","href":"https:\/\/api.w.org\/{rel}","templated":true}]}}