{"id":600,"date":"2020-10-12T14:08:53","date_gmt":"2020-10-12T12:08:53","guid":{"rendered":"http:\/\/mars.uj.edu.pl\/?page_id=600"},"modified":"2024-09-09T17:54:10","modified_gmt":"2024-09-09T15:54:10","slug":"mars-lab","status":"publish","type":"page","link":"https:\/\/mars.uj.edu.pl\/index.php\/pl\/struktura\/mars-lab\/","title":{"rendered":"Mars Lab"},"content":{"rendered":"\n<p>Mars,\nnajlepiej poznany obiekt pozaziemskim, ze wzgl\u0119du na swoje\npodobie\u0144stwo do Ziemi i bliskie po\u0142o\u017cenie, jest i b\u0119dzie jednym z\nnajwa\u017cniejszych cel\u00f3w eksploracji kosmicznej. \n<\/p>\n\n\n\n<p>Zrozumienie\nproces\u00f3w zachodz\u0105cych w \u015brodowisku Marsa, pozwoli nie tylko na\npoznanie Czerwonej Planety, ale r\u00f3wnie\u017c na lepsze zrozumienie wielu\nzjawisk obserwowanych na Ziemi. Badanie por\u00f3wnawcze Marsa i Ziemi\npozwalaj\u0105 r\u00f3wnie\u017c na lepsze zrozumienie ewolucji planet typu\nziemskiego. Nasze interdyscyplinarne badania skupiaj\u0105 na:<\/p>\n\n\n\n<ul><li>\nZrozumieniu\n\tproces\u00f3w eolicznych (dominuj\u0105cych na Marsie) na podstawie danych z\n\tMarsa, symulacji numerycznych (mechanika p\u0142yn\u00f3w), bada\u0144\n\tlaboratoryjnych (m.in. w tunelu aerodynamicznym) i terenowych (na\n\tanalogach ziemskich)\n\t<\/li><li>\nPrzygotowaniu\n\tmap geomorfologicznych Marsa, niezb\u0119dnych do zrozumienia\n\tzachodz\u0105cych na nim proces\u00f3w i prowadzania przysz\u0142ej eksploracji\n\t<\/li><li>\nBadaniu\n\tdolnej atmosfery Marsa (np. zjawisk elektromagnetycznych, burz\n\tpy\u0142owych, analizy danych meteo i model\u00f3w cyrkulacji\n\tatmosferycznej)  \n\t\n\t<\/li><li>\nBadaniu\n\twarstw podpowierzchniowych Marsa za pomoc\u0105 technik\n\telektromagnetycznych, umo\u017cliwiaj\u0105cych poszukiwanie wody w stanie\n\tciek\u0142ym pod powierzchni\u0105 planety\n\t<\/li><li>\nRozwijaniu\n\ttechnik automatycznych, wykorzystuj\u0105cych machine vision i machine\n\tlearning, do przetwarzania i analizy danych z misji komicznych, oraz\n\ttworzenie wizualizacji proces\u00f3w geofizycznych\n<\/li><\/ul>\n\n\n\n<p>Bie\u017c\u0105ce Projekty:<\/p>\n\n\n\n<hr class=\"wp-block-separator has-css-opacity is-style-wide\"\/>\n\n\n\n<ul><li>Study of aeolian transport in the equatorial regions of Mars<\/li><\/ul>\n\n\n\n<div class=\"wp-block-button aligncenter\"><a class=\"wp-block-button__link\" href=\"https:\/\/mars.uj.edu.pl\/index.php\/scientific-activities\/study-of-aeolian-transport-in-the-equatorial-regions-of-mars\/\">opis projektu \u00bb<\/a><\/div>\n\n\n\n<hr class=\"wp-block-separator has-css-opacity is-style-wide\"\/>\n\n\n\n<ul><li>Tomography of the Martian ground using inverse solutions for ELF waves generated by dust storms in the ground-ionosphere waveguide<\/li><\/ul>\n\n\n\n<div class=\"wp-block-button aligncenter\"><a class=\"wp-block-button__link\" href=\"https:\/\/mars.uj.edu.pl\/index.php\/scientific-activities\/tomography-of-the-martian-ground-using-inverse-solutions-for-elf-waves-generated-by-dust-storms-in-the-ground-ionosphere-waveguide\/\">opis projektu \u00bb<\/a><\/div>\n","protected":false},"excerpt":{"rendered":"<p>Mars, najlepiej poznany obiekt pozaziemskim, ze wzgl\u0119du na swoje podobie\u0144stwo do Ziemi i bliskie po\u0142o\u017cenie, jest i b\u0119dzie jednym z najwa\u017cniejszych cel\u00f3w eksploracji kosmicznej. Zrozumienie proces\u00f3w zachodz\u0105cych w \u015brodowisku Marsa, pozwoli nie tylko na poznanie Czerwonej Planety, ale r\u00f3wnie\u017c na lepsze zrozumienie wielu zjawisk obserwowanych na Ziemi. Badanie por\u00f3wnawcze Marsa i Ziemi pozwalaj\u0105 r\u00f3wnie\u017c na &hellip; <\/p>\n<p class=\"link-more\"><a href=\"https:\/\/mars.uj.edu.pl\/index.php\/pl\/struktura\/mars-lab\/\" class=\"more-link\">Czytaj dalej<span class=\"screen-reader-text\"> Mars Lab<\/span><\/a><\/p>\n","protected":false},"author":1,"featured_media":0,"parent":585,"menu_order":1,"comment_status":"closed","ping_status":"closed","template":"","meta":[],"yoast_head":"<!-- This site is optimized with the Yoast SEO plugin v19.4 - https:\/\/yoast.com\/wordpress\/plugins\/seo\/ -->\n<title>Mars Lab - Mi\u0119dzywydzia\u0142owy Program Bada\u0144 Planetarnych<\/title>\n<meta name=\"robots\" content=\"index, follow, max-snippet:-1, max-image-preview:large, max-video-preview:-1\" \/>\n<link rel=\"canonical\" href=\"https:\/\/mars.uj.edu.pl\/index.php\/pl\/struktura\/mars-lab\/\" \/>\n<meta property=\"og:locale\" content=\"pl_PL\" \/>\n<meta property=\"og:type\" content=\"article\" \/>\n<meta property=\"og:title\" content=\"Mars Lab - Mi\u0119dzywydzia\u0142owy Program Bada\u0144 Planetarnych\" \/>\n<meta property=\"og:description\" content=\"Mars, najlepiej poznany obiekt pozaziemskim, ze wzgl\u0119du na swoje podobie\u0144stwo do Ziemi i bliskie po\u0142o\u017cenie, jest i b\u0119dzie jednym z najwa\u017cniejszych cel\u00f3w eksploracji kosmicznej. Zrozumienie proces\u00f3w zachodz\u0105cych w \u015brodowisku Marsa, pozwoli nie tylko na poznanie Czerwonej Planety, ale r\u00f3wnie\u017c na lepsze zrozumienie wielu zjawisk obserwowanych na Ziemi. Badanie por\u00f3wnawcze Marsa i Ziemi pozwalaj\u0105 r\u00f3wnie\u017c na &hellip; Czytaj dalej Mars Lab\" \/>\n<meta property=\"og:url\" content=\"https:\/\/mars.uj.edu.pl\/index.php\/pl\/struktura\/mars-lab\/\" \/>\n<meta property=\"og:site_name\" content=\"Mi\u0119dzywydzia\u0142owy Program Bada\u0144 Planetarnych\" \/>\n<meta property=\"article:modified_time\" content=\"2024-09-09T15:54:10+00:00\" \/>\n<meta name=\"twitter:card\" content=\"summary_large_image\" \/>\n<meta name=\"twitter:label1\" content=\"Est. reading time\" \/>\n\t<meta name=\"twitter:data1\" content=\"2 minuty\" \/>\n<script type=\"application\/ld+json\" class=\"yoast-schema-graph\">{\"@context\":\"https:\/\/schema.org\",\"@graph\":[{\"@type\":\"Organization\",\"@id\":\"https:\/\/mars.uj.edu.pl\/#organization\",\"name\":\"Planetary Lab \u2013 Interfaculty Program in Planetary Research (Jagiellonian University in Krak\u00f3w)\",\"url\":\"https:\/\/mars.uj.edu.pl\/\",\"sameAs\":[],\"logo\":{\"@type\":\"ImageObject\",\"inLanguage\":\"pl-PL\",\"@id\":\"https:\/\/mars.uj.edu.pl\/#\/schema\/logo\/image\/\",\"url\":\"https:\/\/mars.uj.edu.pl\/wp-content\/uploads\/2020\/02\/cropped-UJ_her_neg1.png\",\"contentUrl\":\"https:\/\/mars.uj.edu.pl\/wp-content\/uploads\/2020\/02\/cropped-UJ_her_neg1.png\",\"width\":179,\"height\":250,\"caption\":\"Planetary Lab \u2013 Interfaculty Program in Planetary Research (Jagiellonian University in Krak\u00f3w)\"},\"image\":{\"@id\":\"https:\/\/mars.uj.edu.pl\/#\/schema\/logo\/image\/\"}},{\"@type\":\"WebSite\",\"@id\":\"https:\/\/mars.uj.edu.pl\/#website\",\"url\":\"https:\/\/mars.uj.edu.pl\/\",\"name\":\"Mi\u0119dzywydzia\u0142owy Program Bada\u0144 Planetarnych\",\"description\":\"Uniwersytet Jagiello\u0144ski w Krakowie\",\"publisher\":{\"@id\":\"https:\/\/mars.uj.edu.pl\/#organization\"},\"potentialAction\":[{\"@type\":\"SearchAction\",\"target\":{\"@type\":\"EntryPoint\",\"urlTemplate\":\"https:\/\/mars.uj.edu.pl\/?s={search_term_string}\"},\"query-input\":\"required name=search_term_string\"}],\"inLanguage\":\"pl-PL\"},{\"@type\":\"WebPage\",\"@id\":\"https:\/\/mars.uj.edu.pl\/index.php\/pl\/struktura\/mars-lab\/\",\"url\":\"https:\/\/mars.uj.edu.pl\/index.php\/pl\/struktura\/mars-lab\/\",\"name\":\"Mars Lab - Mi\u0119dzywydzia\u0142owy Program Bada\u0144 Planetarnych\",\"isPartOf\":{\"@id\":\"https:\/\/mars.uj.edu.pl\/#website\"},\"datePublished\":\"2020-10-12T12:08:53+00:00\",\"dateModified\":\"2024-09-09T15:54:10+00:00\",\"breadcrumb\":{\"@id\":\"https:\/\/mars.uj.edu.pl\/index.php\/pl\/struktura\/mars-lab\/#breadcrumb\"},\"inLanguage\":\"pl-PL\",\"potentialAction\":[{\"@type\":\"ReadAction\",\"target\":[\"https:\/\/mars.uj.edu.pl\/index.php\/pl\/struktura\/mars-lab\/\"]}]},{\"@type\":\"BreadcrumbList\",\"@id\":\"https:\/\/mars.uj.edu.pl\/index.php\/pl\/struktura\/mars-lab\/#breadcrumb\",\"itemListElement\":[{\"@type\":\"ListItem\",\"position\":1,\"name\":\"Home\",\"item\":\"https:\/\/mars.uj.edu.pl\/index.php\/pl\/miedzywydzialowy-program-badan-planetarnych\/\"},{\"@type\":\"ListItem\",\"position\":2,\"name\":\"Struktura\",\"item\":\"https:\/\/mars.uj.edu.pl\/index.php\/pl\/struktura\/\"},{\"@type\":\"ListItem\",\"position\":3,\"name\":\"Mars Lab\"}]}]}<\/script>\n<!-- \/ Yoast SEO plugin. -->","yoast_head_json":{"title":"Mars Lab - Mi\u0119dzywydzia\u0142owy Program Bada\u0144 Planetarnych","robots":{"index":"index","follow":"follow","max-snippet":"max-snippet:-1","max-image-preview":"max-image-preview:large","max-video-preview":"max-video-preview:-1"},"canonical":"https:\/\/mars.uj.edu.pl\/index.php\/pl\/struktura\/mars-lab\/","og_locale":"pl_PL","og_type":"article","og_title":"Mars Lab - Mi\u0119dzywydzia\u0142owy Program Bada\u0144 Planetarnych","og_description":"Mars, najlepiej poznany obiekt pozaziemskim, ze wzgl\u0119du na swoje podobie\u0144stwo do Ziemi i bliskie po\u0142o\u017cenie, jest i b\u0119dzie jednym z najwa\u017cniejszych cel\u00f3w eksploracji kosmicznej. Zrozumienie proces\u00f3w zachodz\u0105cych w \u015brodowisku Marsa, pozwoli nie tylko na poznanie Czerwonej Planety, ale r\u00f3wnie\u017c na lepsze zrozumienie wielu zjawisk obserwowanych na Ziemi. Badanie por\u00f3wnawcze Marsa i Ziemi pozwalaj\u0105 r\u00f3wnie\u017c na &hellip; Czytaj dalej Mars Lab","og_url":"https:\/\/mars.uj.edu.pl\/index.php\/pl\/struktura\/mars-lab\/","og_site_name":"Mi\u0119dzywydzia\u0142owy Program Bada\u0144 Planetarnych","article_modified_time":"2024-09-09T15:54:10+00:00","twitter_card":"summary_large_image","twitter_misc":{"Est. reading time":"2 minuty"},"schema":{"@context":"https:\/\/schema.org","@graph":[{"@type":"Organization","@id":"https:\/\/mars.uj.edu.pl\/#organization","name":"Planetary Lab \u2013 Interfaculty Program in Planetary Research (Jagiellonian University in Krak\u00f3w)","url":"https:\/\/mars.uj.edu.pl\/","sameAs":[],"logo":{"@type":"ImageObject","inLanguage":"pl-PL","@id":"https:\/\/mars.uj.edu.pl\/#\/schema\/logo\/image\/","url":"https:\/\/mars.uj.edu.pl\/wp-content\/uploads\/2020\/02\/cropped-UJ_her_neg1.png","contentUrl":"https:\/\/mars.uj.edu.pl\/wp-content\/uploads\/2020\/02\/cropped-UJ_her_neg1.png","width":179,"height":250,"caption":"Planetary Lab \u2013 Interfaculty Program in Planetary Research (Jagiellonian University in Krak\u00f3w)"},"image":{"@id":"https:\/\/mars.uj.edu.pl\/#\/schema\/logo\/image\/"}},{"@type":"WebSite","@id":"https:\/\/mars.uj.edu.pl\/#website","url":"https:\/\/mars.uj.edu.pl\/","name":"Mi\u0119dzywydzia\u0142owy Program Bada\u0144 Planetarnych","description":"Uniwersytet Jagiello\u0144ski w Krakowie","publisher":{"@id":"https:\/\/mars.uj.edu.pl\/#organization"},"potentialAction":[{"@type":"SearchAction","target":{"@type":"EntryPoint","urlTemplate":"https:\/\/mars.uj.edu.pl\/?s={search_term_string}"},"query-input":"required name=search_term_string"}],"inLanguage":"pl-PL"},{"@type":"WebPage","@id":"https:\/\/mars.uj.edu.pl\/index.php\/pl\/struktura\/mars-lab\/","url":"https:\/\/mars.uj.edu.pl\/index.php\/pl\/struktura\/mars-lab\/","name":"Mars Lab - Mi\u0119dzywydzia\u0142owy Program Bada\u0144 Planetarnych","isPartOf":{"@id":"https:\/\/mars.uj.edu.pl\/#website"},"datePublished":"2020-10-12T12:08:53+00:00","dateModified":"2024-09-09T15:54:10+00:00","breadcrumb":{"@id":"https:\/\/mars.uj.edu.pl\/index.php\/pl\/struktura\/mars-lab\/#breadcrumb"},"inLanguage":"pl-PL","potentialAction":[{"@type":"ReadAction","target":["https:\/\/mars.uj.edu.pl\/index.php\/pl\/struktura\/mars-lab\/"]}]},{"@type":"BreadcrumbList","@id":"https:\/\/mars.uj.edu.pl\/index.php\/pl\/struktura\/mars-lab\/#breadcrumb","itemListElement":[{"@type":"ListItem","position":1,"name":"Home","item":"https:\/\/mars.uj.edu.pl\/index.php\/pl\/miedzywydzialowy-program-badan-planetarnych\/"},{"@type":"ListItem","position":2,"name":"Struktura","item":"https:\/\/mars.uj.edu.pl\/index.php\/pl\/struktura\/"},{"@type":"ListItem","position":3,"name":"Mars Lab"}]}]}},"_links":{"self":[{"href":"https:\/\/mars.uj.edu.pl\/index.php\/wp-json\/wp\/v2\/pages\/600"}],"collection":[{"href":"https:\/\/mars.uj.edu.pl\/index.php\/wp-json\/wp\/v2\/pages"}],"about":[{"href":"https:\/\/mars.uj.edu.pl\/index.php\/wp-json\/wp\/v2\/types\/page"}],"author":[{"embeddable":true,"href":"https:\/\/mars.uj.edu.pl\/index.php\/wp-json\/wp\/v2\/users\/1"}],"replies":[{"embeddable":true,"href":"https:\/\/mars.uj.edu.pl\/index.php\/wp-json\/wp\/v2\/comments?post=600"}],"version-history":[{"count":2,"href":"https:\/\/mars.uj.edu.pl\/index.php\/wp-json\/wp\/v2\/pages\/600\/revisions"}],"predecessor-version":[{"id":1074,"href":"https:\/\/mars.uj.edu.pl\/index.php\/wp-json\/wp\/v2\/pages\/600\/revisions\/1074"}],"up":[{"embeddable":true,"href":"https:\/\/mars.uj.edu.pl\/index.php\/wp-json\/wp\/v2\/pages\/585"}],"wp:attachment":[{"href":"https:\/\/mars.uj.edu.pl\/index.php\/wp-json\/wp\/v2\/media?parent=600"}],"curies":[{"name":"wp","href":"https:\/\/api.w.org\/{rel}","templated":true}]}}