{"id":603,"date":"2020-10-12T14:10:18","date_gmt":"2020-10-12T12:10:18","guid":{"rendered":"http:\/\/mars.uj.edu.pl\/?page_id=603"},"modified":"2020-10-12T14:10:18","modified_gmt":"2020-10-12T12:10:18","slug":"space-law-lab","status":"publish","type":"page","link":"https:\/\/mars.uj.edu.pl\/index.php\/pl\/struktura\/space-law-lab\/","title":{"rendered":"Space Law Lab"},"content":{"rendered":"\n<p>Obecnie\neksploracja przestrzeni kosmicznej stanowi przedmiot intensywnych\nbada\u0144 nie tylko w ramach nauk \u015bcis\u0142ych, ale tak\u017ce spo\u0142ecznych.\nPo\u015br\u00f3d tych ostatnich podstawowe znaczenie nale\u017cy przypisa\u0107 nauce\nprawa. Instrumentarium do bada\u0144 prawnych aspekt\u00f3w eksploracji\nkosmosu dostarcza nam mi\u0119dzyspecjalno\u015bciowy, cz\u0119stokro\u0107\nniesformalizowany, konglomerat jakim jest prawo kosmosu. Koniecznym\nza\u015b krokiem w badaniach nad zjawiskami prawnymi przekraczaj\u0105cymi\nnie tylko granice partykularyzm\u00f3w krajowych, ale przede wszystkim\nwymykaj\u0105cych si\u0119 z podzia\u0142u (nielogicznego) na to co prywatne,\npubliczne oraz regionalne i mi\u0119dzynarodowe jest konceptualizacja\npodstawowych narz\u0119dzi badawczych czemu maj\u0105 s\u0142u\u017cy\u0107 badania\nSpace_Law Lab. &nbsp;<\/p>\n\n\n\n<p>Badania\nskupia\u0107 si\u0119 b\u0119d\u0105 m.in. na nast\u0119puj\u0105cych zagadnieniach: \n<\/p>\n\n\n\n<ul><li>\nDost\u0119p\n\tdo informacji (w tym wynik\u00f3w bada\u0144) a prawo sprzeciwu badacza i\n\tinteres publiczny (w tym wzgl\u0119dy obronno\u015bci pa\u0144stwa) \n\t\n\t<\/li><li>\nZasady\n\twsp\u00f3\u0142pracy aktor\u00f3w pa\u0144stwowych z prywatnymi w eksploracji\n\tprzestrzeni kosmicznej \u2013 case study ze szczeg\u00f3lnym uwzgl\u0119dnieniem\n\tSpace X \n\t\n\t<\/li><li>\nDelimitacja\n\tobszar\u00f3w (terytori\u00f3w) w kontek\u015bcie definicji legalnej\n\t\u201ekolonizacji\u201d i \u201equasi kolonizacji\u201d na przyk\u0142adzie\n\tinstalacji typu \u0142azik na powierzchni Marsa \u2013 perspektywa\n\tkomparatystyczna z uwzgl\u0119dnieniem dorobku nauki prawa morskiego i\n\tprawa mi\u0119dzynarodowego publicznego \n\t\n\t<\/li><li>\nProblemy\n\tzwi\u0105zane z rozstrzyganiem spor\u00f3w, w tym w\u0142a\u015bciwo\u015bci s\u0105d\u00f3w,\n\tzwi\u0105zanych z eksploracj\u0105 i eksploatacj\u0105 przestrzeni kosmicznej\n\t<\/li><li>\nPrzystawalno\u015b\u0107\n\tmetody administracyjnej w tym global administrative law do wyzwa\u0144\n\tzwi\u0105zanych z eksploracj\u0105 przestrzeni kosmicznej. \n\t\n<\/li><\/ul>\n","protected":false},"excerpt":{"rendered":"<p>Obecnie eksploracja przestrzeni kosmicznej stanowi przedmiot intensywnych bada\u0144 nie tylko w ramach nauk \u015bcis\u0142ych, ale tak\u017ce spo\u0142ecznych. Po\u015br\u00f3d tych ostatnich podstawowe znaczenie nale\u017cy przypisa\u0107 nauce prawa. Instrumentarium do bada\u0144 prawnych aspekt\u00f3w eksploracji kosmosu dostarcza nam mi\u0119dzyspecjalno\u015bciowy, cz\u0119stokro\u0107 niesformalizowany, konglomerat jakim jest prawo kosmosu. Koniecznym za\u015b krokiem w badaniach nad zjawiskami prawnymi przekraczaj\u0105cymi nie tylko granice &hellip; <\/p>\n<p class=\"link-more\"><a href=\"https:\/\/mars.uj.edu.pl\/index.php\/pl\/struktura\/space-law-lab\/\" class=\"more-link\">Czytaj dalej<span class=\"screen-reader-text\"> Space Law Lab<\/span><\/a><\/p>\n","protected":false},"author":1,"featured_media":0,"parent":585,"menu_order":1,"comment_status":"closed","ping_status":"closed","template":"","meta":[],"yoast_head":"<!-- This site is optimized with the Yoast SEO plugin v19.4 - https:\/\/yoast.com\/wordpress\/plugins\/seo\/ -->\n<title>Space Law Lab - Mi\u0119dzywydzia\u0142owy Program Bada\u0144 Planetarnych<\/title>\n<meta name=\"robots\" content=\"index, follow, max-snippet:-1, max-image-preview:large, max-video-preview:-1\" \/>\n<link rel=\"canonical\" href=\"https:\/\/mars.uj.edu.pl\/index.php\/pl\/struktura\/space-law-lab\/\" \/>\n<meta property=\"og:locale\" content=\"pl_PL\" \/>\n<meta property=\"og:type\" content=\"article\" \/>\n<meta property=\"og:title\" content=\"Space Law Lab - Mi\u0119dzywydzia\u0142owy Program Bada\u0144 Planetarnych\" \/>\n<meta property=\"og:description\" content=\"Obecnie eksploracja przestrzeni kosmicznej stanowi przedmiot intensywnych bada\u0144 nie tylko w ramach nauk \u015bcis\u0142ych, ale tak\u017ce spo\u0142ecznych. Po\u015br\u00f3d tych ostatnich podstawowe znaczenie nale\u017cy przypisa\u0107 nauce prawa. Instrumentarium do bada\u0144 prawnych aspekt\u00f3w eksploracji kosmosu dostarcza nam mi\u0119dzyspecjalno\u015bciowy, cz\u0119stokro\u0107 niesformalizowany, konglomerat jakim jest prawo kosmosu. Koniecznym za\u015b krokiem w badaniach nad zjawiskami prawnymi przekraczaj\u0105cymi nie tylko granice &hellip; Czytaj dalej Space Law Lab\" \/>\n<meta property=\"og:url\" content=\"https:\/\/mars.uj.edu.pl\/index.php\/pl\/struktura\/space-law-lab\/\" \/>\n<meta property=\"og:site_name\" content=\"Mi\u0119dzywydzia\u0142owy Program Bada\u0144 Planetarnych\" \/>\n<meta name=\"twitter:card\" content=\"summary_large_image\" \/>\n<meta name=\"twitter:label1\" content=\"Est. reading time\" \/>\n\t<meta name=\"twitter:data1\" content=\"1 minuta\" \/>\n<script type=\"application\/ld+json\" class=\"yoast-schema-graph\">{\"@context\":\"https:\/\/schema.org\",\"@graph\":[{\"@type\":\"Organization\",\"@id\":\"https:\/\/mars.uj.edu.pl\/#organization\",\"name\":\"Planetary Lab \u2013 Interfaculty Program in Planetary Research (Jagiellonian University in Krak\u00f3w)\",\"url\":\"https:\/\/mars.uj.edu.pl\/\",\"sameAs\":[],\"logo\":{\"@type\":\"ImageObject\",\"inLanguage\":\"pl-PL\",\"@id\":\"https:\/\/mars.uj.edu.pl\/#\/schema\/logo\/image\/\",\"url\":\"https:\/\/mars.uj.edu.pl\/wp-content\/uploads\/2020\/02\/cropped-UJ_her_neg1.png\",\"contentUrl\":\"https:\/\/mars.uj.edu.pl\/wp-content\/uploads\/2020\/02\/cropped-UJ_her_neg1.png\",\"width\":179,\"height\":250,\"caption\":\"Planetary Lab \u2013 Interfaculty Program in Planetary Research (Jagiellonian University in Krak\u00f3w)\"},\"image\":{\"@id\":\"https:\/\/mars.uj.edu.pl\/#\/schema\/logo\/image\/\"}},{\"@type\":\"WebSite\",\"@id\":\"https:\/\/mars.uj.edu.pl\/#website\",\"url\":\"https:\/\/mars.uj.edu.pl\/\",\"name\":\"Mi\u0119dzywydzia\u0142owy Program Bada\u0144 Planetarnych\",\"description\":\"Uniwersytet Jagiello\u0144ski w Krakowie\",\"publisher\":{\"@id\":\"https:\/\/mars.uj.edu.pl\/#organization\"},\"potentialAction\":[{\"@type\":\"SearchAction\",\"target\":{\"@type\":\"EntryPoint\",\"urlTemplate\":\"https:\/\/mars.uj.edu.pl\/?s={search_term_string}\"},\"query-input\":\"required name=search_term_string\"}],\"inLanguage\":\"pl-PL\"},{\"@type\":\"WebPage\",\"@id\":\"https:\/\/mars.uj.edu.pl\/index.php\/pl\/struktura\/space-law-lab\/\",\"url\":\"https:\/\/mars.uj.edu.pl\/index.php\/pl\/struktura\/space-law-lab\/\",\"name\":\"Space Law Lab - Mi\u0119dzywydzia\u0142owy Program Bada\u0144 Planetarnych\",\"isPartOf\":{\"@id\":\"https:\/\/mars.uj.edu.pl\/#website\"},\"datePublished\":\"2020-10-12T12:10:18+00:00\",\"dateModified\":\"2020-10-12T12:10:18+00:00\",\"breadcrumb\":{\"@id\":\"https:\/\/mars.uj.edu.pl\/index.php\/pl\/struktura\/space-law-lab\/#breadcrumb\"},\"inLanguage\":\"pl-PL\",\"potentialAction\":[{\"@type\":\"ReadAction\",\"target\":[\"https:\/\/mars.uj.edu.pl\/index.php\/pl\/struktura\/space-law-lab\/\"]}]},{\"@type\":\"BreadcrumbList\",\"@id\":\"https:\/\/mars.uj.edu.pl\/index.php\/pl\/struktura\/space-law-lab\/#breadcrumb\",\"itemListElement\":[{\"@type\":\"ListItem\",\"position\":1,\"name\":\"Home\",\"item\":\"https:\/\/mars.uj.edu.pl\/index.php\/pl\/miedzywydzialowy-program-badan-planetarnych\/\"},{\"@type\":\"ListItem\",\"position\":2,\"name\":\"Struktura\",\"item\":\"https:\/\/mars.uj.edu.pl\/index.php\/pl\/struktura\/\"},{\"@type\":\"ListItem\",\"position\":3,\"name\":\"Space Law Lab\"}]}]}<\/script>\n<!-- \/ Yoast SEO plugin. -->","yoast_head_json":{"title":"Space Law Lab - Mi\u0119dzywydzia\u0142owy Program Bada\u0144 Planetarnych","robots":{"index":"index","follow":"follow","max-snippet":"max-snippet:-1","max-image-preview":"max-image-preview:large","max-video-preview":"max-video-preview:-1"},"canonical":"https:\/\/mars.uj.edu.pl\/index.php\/pl\/struktura\/space-law-lab\/","og_locale":"pl_PL","og_type":"article","og_title":"Space Law Lab - Mi\u0119dzywydzia\u0142owy Program Bada\u0144 Planetarnych","og_description":"Obecnie eksploracja przestrzeni kosmicznej stanowi przedmiot intensywnych bada\u0144 nie tylko w ramach nauk \u015bcis\u0142ych, ale tak\u017ce spo\u0142ecznych. Po\u015br\u00f3d tych ostatnich podstawowe znaczenie nale\u017cy przypisa\u0107 nauce prawa. Instrumentarium do bada\u0144 prawnych aspekt\u00f3w eksploracji kosmosu dostarcza nam mi\u0119dzyspecjalno\u015bciowy, cz\u0119stokro\u0107 niesformalizowany, konglomerat jakim jest prawo kosmosu. Koniecznym za\u015b krokiem w badaniach nad zjawiskami prawnymi przekraczaj\u0105cymi nie tylko granice &hellip; Czytaj dalej Space Law Lab","og_url":"https:\/\/mars.uj.edu.pl\/index.php\/pl\/struktura\/space-law-lab\/","og_site_name":"Mi\u0119dzywydzia\u0142owy Program Bada\u0144 Planetarnych","twitter_card":"summary_large_image","twitter_misc":{"Est. reading time":"1 minuta"},"schema":{"@context":"https:\/\/schema.org","@graph":[{"@type":"Organization","@id":"https:\/\/mars.uj.edu.pl\/#organization","name":"Planetary Lab \u2013 Interfaculty Program in Planetary Research (Jagiellonian University in Krak\u00f3w)","url":"https:\/\/mars.uj.edu.pl\/","sameAs":[],"logo":{"@type":"ImageObject","inLanguage":"pl-PL","@id":"https:\/\/mars.uj.edu.pl\/#\/schema\/logo\/image\/","url":"https:\/\/mars.uj.edu.pl\/wp-content\/uploads\/2020\/02\/cropped-UJ_her_neg1.png","contentUrl":"https:\/\/mars.uj.edu.pl\/wp-content\/uploads\/2020\/02\/cropped-UJ_her_neg1.png","width":179,"height":250,"caption":"Planetary Lab \u2013 Interfaculty Program in Planetary Research (Jagiellonian University in Krak\u00f3w)"},"image":{"@id":"https:\/\/mars.uj.edu.pl\/#\/schema\/logo\/image\/"}},{"@type":"WebSite","@id":"https:\/\/mars.uj.edu.pl\/#website","url":"https:\/\/mars.uj.edu.pl\/","name":"Mi\u0119dzywydzia\u0142owy Program Bada\u0144 Planetarnych","description":"Uniwersytet Jagiello\u0144ski w Krakowie","publisher":{"@id":"https:\/\/mars.uj.edu.pl\/#organization"},"potentialAction":[{"@type":"SearchAction","target":{"@type":"EntryPoint","urlTemplate":"https:\/\/mars.uj.edu.pl\/?s={search_term_string}"},"query-input":"required name=search_term_string"}],"inLanguage":"pl-PL"},{"@type":"WebPage","@id":"https:\/\/mars.uj.edu.pl\/index.php\/pl\/struktura\/space-law-lab\/","url":"https:\/\/mars.uj.edu.pl\/index.php\/pl\/struktura\/space-law-lab\/","name":"Space Law Lab - Mi\u0119dzywydzia\u0142owy Program Bada\u0144 Planetarnych","isPartOf":{"@id":"https:\/\/mars.uj.edu.pl\/#website"},"datePublished":"2020-10-12T12:10:18+00:00","dateModified":"2020-10-12T12:10:18+00:00","breadcrumb":{"@id":"https:\/\/mars.uj.edu.pl\/index.php\/pl\/struktura\/space-law-lab\/#breadcrumb"},"inLanguage":"pl-PL","potentialAction":[{"@type":"ReadAction","target":["https:\/\/mars.uj.edu.pl\/index.php\/pl\/struktura\/space-law-lab\/"]}]},{"@type":"BreadcrumbList","@id":"https:\/\/mars.uj.edu.pl\/index.php\/pl\/struktura\/space-law-lab\/#breadcrumb","itemListElement":[{"@type":"ListItem","position":1,"name":"Home","item":"https:\/\/mars.uj.edu.pl\/index.php\/pl\/miedzywydzialowy-program-badan-planetarnych\/"},{"@type":"ListItem","position":2,"name":"Struktura","item":"https:\/\/mars.uj.edu.pl\/index.php\/pl\/struktura\/"},{"@type":"ListItem","position":3,"name":"Space Law Lab"}]}]}},"_links":{"self":[{"href":"https:\/\/mars.uj.edu.pl\/index.php\/wp-json\/wp\/v2\/pages\/603"}],"collection":[{"href":"https:\/\/mars.uj.edu.pl\/index.php\/wp-json\/wp\/v2\/pages"}],"about":[{"href":"https:\/\/mars.uj.edu.pl\/index.php\/wp-json\/wp\/v2\/types\/page"}],"author":[{"embeddable":true,"href":"https:\/\/mars.uj.edu.pl\/index.php\/wp-json\/wp\/v2\/users\/1"}],"replies":[{"embeddable":true,"href":"https:\/\/mars.uj.edu.pl\/index.php\/wp-json\/wp\/v2\/comments?post=603"}],"version-history":[{"count":1,"href":"https:\/\/mars.uj.edu.pl\/index.php\/wp-json\/wp\/v2\/pages\/603\/revisions"}],"predecessor-version":[{"id":604,"href":"https:\/\/mars.uj.edu.pl\/index.php\/wp-json\/wp\/v2\/pages\/603\/revisions\/604"}],"up":[{"embeddable":true,"href":"https:\/\/mars.uj.edu.pl\/index.php\/wp-json\/wp\/v2\/pages\/585"}],"wp:attachment":[{"href":"https:\/\/mars.uj.edu.pl\/index.php\/wp-json\/wp\/v2\/media?parent=603"}],"curies":[{"name":"wp","href":"https:\/\/api.w.org\/{rel}","templated":true}]}}