{"id":606,"date":"2020-10-12T14:11:47","date_gmt":"2020-10-12T12:11:47","guid":{"rendered":"http:\/\/mars.uj.edu.pl\/?page_id=606"},"modified":"2025-02-02T13:25:23","modified_gmt":"2025-02-02T12:25:23","slug":"sun-lab","status":"publish","type":"page","link":"https:\/\/mars.uj.edu.pl\/index.php\/pl\/struktura\/sun-lab\/","title":{"rendered":"Sun Lab"},"content":{"rendered":"\n<p>Sun Lab zajmuje si\u0119 wp\u0142ywem aktywno\u015bci s\u0142onecznej na \u015brodowisko kosmiczne w pobli\u017cu Ziemi zwanym jako Pogoda Kosmiczna (Space Weather).<\/p>\n\n\n\n<p>Aktywno\u015b\u0107 ta cz\u0119sto charakteryzuje si\u0119 du\u017c\u0105 i zmienn\u0105 intensywno\u015b\u0107 i mo\u017ce powodowa\u0107 powa\u017cne zagro\u017cenia dla technologii cywilnych i wojskowych znajduj\u0105cej si\u0119 w kosmosie (np. satelit\u00f3w komunikacyjnych i stacji kosmicznych), jak r\u00f3wnie\u017c w ni\u017cszej atmosferze i na powierzchni Ziemi (np. lotnictwa i sieci elektrycznych), od kt\u00f3rych to system\u00f3w nasze spo\u0142ecze\u0144stwo w coraz wi\u0119kszym stopniu jest uzale\u017cnione. Prognozowanie pogody kosmicznej b\u0119dzie mia\u0142o kluczowe znaczenie w planowanych misjach kosmicznych, w szczeg\u00f3lno\u015bci za\u0142ogowej misji na Marsa. Dlatego ta dziedzina bada\u0144 naukowych jest intensywnie rozwijana na ca\u0142ym \u015bwiecie a jej znaczenie ci\u0105gle ro\u015bnie.<\/p>\n\n\n\n<p>Badania Sun Lab b\u0119d\u0105 si\u0119 koncentrowa\u0142y na poszukiwaniu metod pozwalaj\u0105cych lepiej prognozowa\u0107 wszelkie niebezpieczne zjawiska generowane na S\u0142o\u0144cu oraz ich wp\u0142yw na nasz\u0105 planet\u0119. Sk\u0142ada\u0107 si\u0119 one b\u0119d\u0105 z trzech segment\u00f3w:<\/p>\n\n\n\n<ul><li>S\u0142onecznego<em> \u2013 <\/em>w tym segmencie badania b\u0119d\u0105 obejmowa\u0142y wszystkie zjawiska zwi\u0105zane z aktywno\u015bci\u0105 S\u0142o\u0144ca (obszary aktywne, rozb\u0142yski, koronalne wyrzuty masy)<\/li><li>O\u015brodkowego \u2013 dotycz\u0105cego o\u015brodka mi\u0119dzy S\u0142o\u0144cem a Ziemi\u0105 &#8211; ten segment po\u015bwi\u0119cony jest badaniu koronalnych wyrzut\u00f3w materii (CMEs), kt\u00f3re s\u0105 \u017ar\u00f3d\u0142em najsilniejszych zaburze\u0144 geomagnetycznych na Ziemi. Obecnie, wsp\u00f3lnie z kolegami z NASA GSFC opracowujemy najwi\u0119kszy katalog CMEs.<\/li><li>Ziemskiego<em> \u2013 <\/em>segment ten obejmuje badania zwi\u0105zane ze skutkami aktywno\u015bci s\u0142onecznej obserwowanymi w okolicach naszej planety. Efektem tych bada\u0144 powinno by\u0107 poszukiwanie metod pozwalaj\u0105cych lepiej przewidywa\u0107 intensywno\u015b\u0107 burz geomagnetycznych oraz wp\u0142ywu strumieni energetycznych cz\u0105stek i wysokoenergetycznego promieniowania na ziemska magnetosfer\u0119 oraz atmosfer\u0119.<\/li><\/ul>\n","protected":false},"excerpt":{"rendered":"<p>Sun Lab zajmuje si\u0119 wp\u0142ywem aktywno\u015bci s\u0142onecznej na \u015brodowisko kosmiczne w pobli\u017cu Ziemi zwanym jako Pogoda Kosmiczna (Space Weather). Aktywno\u015b\u0107 ta cz\u0119sto charakteryzuje si\u0119 du\u017c\u0105 i zmienn\u0105 intensywno\u015b\u0107 i mo\u017ce powodowa\u0107 powa\u017cne zagro\u017cenia dla technologii cywilnych i wojskowych znajduj\u0105cej si\u0119 w kosmosie (np. satelit\u00f3w komunikacyjnych i stacji kosmicznych), jak r\u00f3wnie\u017c w ni\u017cszej atmosferze i na &hellip; <\/p>\n<p class=\"link-more\"><a href=\"https:\/\/mars.uj.edu.pl\/index.php\/pl\/struktura\/sun-lab\/\" class=\"more-link\">Czytaj dalej<span class=\"screen-reader-text\"> Sun Lab<\/span><\/a><\/p>\n","protected":false},"author":1,"featured_media":0,"parent":585,"menu_order":1,"comment_status":"closed","ping_status":"closed","template":"","meta":[],"yoast_head":"<!-- This site is optimized with the Yoast SEO plugin v19.4 - https:\/\/yoast.com\/wordpress\/plugins\/seo\/ -->\n<title>Sun Lab - Mi\u0119dzywydzia\u0142owy Program Bada\u0144 Planetarnych<\/title>\n<meta name=\"robots\" content=\"index, follow, max-snippet:-1, max-image-preview:large, max-video-preview:-1\" \/>\n<link rel=\"canonical\" href=\"https:\/\/mars.uj.edu.pl\/index.php\/pl\/struktura\/sun-lab\/\" \/>\n<meta property=\"og:locale\" content=\"pl_PL\" \/>\n<meta property=\"og:type\" content=\"article\" \/>\n<meta property=\"og:title\" content=\"Sun Lab - Mi\u0119dzywydzia\u0142owy Program Bada\u0144 Planetarnych\" \/>\n<meta property=\"og:description\" content=\"Sun Lab zajmuje si\u0119 wp\u0142ywem aktywno\u015bci s\u0142onecznej na \u015brodowisko kosmiczne w pobli\u017cu Ziemi zwanym jako Pogoda Kosmiczna (Space Weather). Aktywno\u015b\u0107 ta cz\u0119sto charakteryzuje si\u0119 du\u017c\u0105 i zmienn\u0105 intensywno\u015b\u0107 i mo\u017ce powodowa\u0107 powa\u017cne zagro\u017cenia dla technologii cywilnych i wojskowych znajduj\u0105cej si\u0119 w kosmosie (np. satelit\u00f3w komunikacyjnych i stacji kosmicznych), jak r\u00f3wnie\u017c w ni\u017cszej atmosferze i na &hellip; Czytaj dalej Sun Lab\" \/>\n<meta property=\"og:url\" content=\"https:\/\/mars.uj.edu.pl\/index.php\/pl\/struktura\/sun-lab\/\" \/>\n<meta property=\"og:site_name\" content=\"Mi\u0119dzywydzia\u0142owy Program Bada\u0144 Planetarnych\" \/>\n<meta property=\"article:modified_time\" content=\"2025-02-02T12:25:23+00:00\" \/>\n<meta name=\"twitter:card\" content=\"summary_large_image\" \/>\n<meta name=\"twitter:label1\" content=\"Est. reading time\" \/>\n\t<meta name=\"twitter:data1\" content=\"2 minuty\" \/>\n<script type=\"application\/ld+json\" class=\"yoast-schema-graph\">{\"@context\":\"https:\/\/schema.org\",\"@graph\":[{\"@type\":\"Organization\",\"@id\":\"https:\/\/mars.uj.edu.pl\/#organization\",\"name\":\"Planetary Lab \u2013 Interfaculty Program in Planetary Research (Jagiellonian University in Krak\u00f3w)\",\"url\":\"https:\/\/mars.uj.edu.pl\/\",\"sameAs\":[],\"logo\":{\"@type\":\"ImageObject\",\"inLanguage\":\"pl-PL\",\"@id\":\"https:\/\/mars.uj.edu.pl\/#\/schema\/logo\/image\/\",\"url\":\"https:\/\/mars.uj.edu.pl\/wp-content\/uploads\/2020\/02\/cropped-UJ_her_neg1.png\",\"contentUrl\":\"https:\/\/mars.uj.edu.pl\/wp-content\/uploads\/2020\/02\/cropped-UJ_her_neg1.png\",\"width\":179,\"height\":250,\"caption\":\"Planetary Lab \u2013 Interfaculty Program in Planetary Research (Jagiellonian University in Krak\u00f3w)\"},\"image\":{\"@id\":\"https:\/\/mars.uj.edu.pl\/#\/schema\/logo\/image\/\"}},{\"@type\":\"WebSite\",\"@id\":\"https:\/\/mars.uj.edu.pl\/#website\",\"url\":\"https:\/\/mars.uj.edu.pl\/\",\"name\":\"Mi\u0119dzywydzia\u0142owy Program Bada\u0144 Planetarnych\",\"description\":\"Uniwersytet Jagiello\u0144ski w Krakowie\",\"publisher\":{\"@id\":\"https:\/\/mars.uj.edu.pl\/#organization\"},\"potentialAction\":[{\"@type\":\"SearchAction\",\"target\":{\"@type\":\"EntryPoint\",\"urlTemplate\":\"https:\/\/mars.uj.edu.pl\/?s={search_term_string}\"},\"query-input\":\"required name=search_term_string\"}],\"inLanguage\":\"pl-PL\"},{\"@type\":\"WebPage\",\"@id\":\"https:\/\/mars.uj.edu.pl\/index.php\/pl\/struktura\/sun-lab\/\",\"url\":\"https:\/\/mars.uj.edu.pl\/index.php\/pl\/struktura\/sun-lab\/\",\"name\":\"Sun Lab - Mi\u0119dzywydzia\u0142owy Program Bada\u0144 Planetarnych\",\"isPartOf\":{\"@id\":\"https:\/\/mars.uj.edu.pl\/#website\"},\"datePublished\":\"2020-10-12T12:11:47+00:00\",\"dateModified\":\"2025-02-02T12:25:23+00:00\",\"breadcrumb\":{\"@id\":\"https:\/\/mars.uj.edu.pl\/index.php\/pl\/struktura\/sun-lab\/#breadcrumb\"},\"inLanguage\":\"pl-PL\",\"potentialAction\":[{\"@type\":\"ReadAction\",\"target\":[\"https:\/\/mars.uj.edu.pl\/index.php\/pl\/struktura\/sun-lab\/\"]}]},{\"@type\":\"BreadcrumbList\",\"@id\":\"https:\/\/mars.uj.edu.pl\/index.php\/pl\/struktura\/sun-lab\/#breadcrumb\",\"itemListElement\":[{\"@type\":\"ListItem\",\"position\":1,\"name\":\"Home\",\"item\":\"https:\/\/mars.uj.edu.pl\/index.php\/pl\/miedzywydzialowy-program-badan-planetarnych\/\"},{\"@type\":\"ListItem\",\"position\":2,\"name\":\"Struktura\",\"item\":\"https:\/\/mars.uj.edu.pl\/index.php\/pl\/struktura\/\"},{\"@type\":\"ListItem\",\"position\":3,\"name\":\"Sun Lab\"}]}]}<\/script>\n<!-- \/ Yoast SEO plugin. -->","yoast_head_json":{"title":"Sun Lab - Mi\u0119dzywydzia\u0142owy Program Bada\u0144 Planetarnych","robots":{"index":"index","follow":"follow","max-snippet":"max-snippet:-1","max-image-preview":"max-image-preview:large","max-video-preview":"max-video-preview:-1"},"canonical":"https:\/\/mars.uj.edu.pl\/index.php\/pl\/struktura\/sun-lab\/","og_locale":"pl_PL","og_type":"article","og_title":"Sun Lab - Mi\u0119dzywydzia\u0142owy Program Bada\u0144 Planetarnych","og_description":"Sun Lab zajmuje si\u0119 wp\u0142ywem aktywno\u015bci s\u0142onecznej na \u015brodowisko kosmiczne w pobli\u017cu Ziemi zwanym jako Pogoda Kosmiczna (Space Weather). Aktywno\u015b\u0107 ta cz\u0119sto charakteryzuje si\u0119 du\u017c\u0105 i zmienn\u0105 intensywno\u015b\u0107 i mo\u017ce powodowa\u0107 powa\u017cne zagro\u017cenia dla technologii cywilnych i wojskowych znajduj\u0105cej si\u0119 w kosmosie (np. satelit\u00f3w komunikacyjnych i stacji kosmicznych), jak r\u00f3wnie\u017c w ni\u017cszej atmosferze i na &hellip; Czytaj dalej Sun Lab","og_url":"https:\/\/mars.uj.edu.pl\/index.php\/pl\/struktura\/sun-lab\/","og_site_name":"Mi\u0119dzywydzia\u0142owy Program Bada\u0144 Planetarnych","article_modified_time":"2025-02-02T12:25:23+00:00","twitter_card":"summary_large_image","twitter_misc":{"Est. reading time":"2 minuty"},"schema":{"@context":"https:\/\/schema.org","@graph":[{"@type":"Organization","@id":"https:\/\/mars.uj.edu.pl\/#organization","name":"Planetary Lab \u2013 Interfaculty Program in Planetary Research (Jagiellonian University in Krak\u00f3w)","url":"https:\/\/mars.uj.edu.pl\/","sameAs":[],"logo":{"@type":"ImageObject","inLanguage":"pl-PL","@id":"https:\/\/mars.uj.edu.pl\/#\/schema\/logo\/image\/","url":"https:\/\/mars.uj.edu.pl\/wp-content\/uploads\/2020\/02\/cropped-UJ_her_neg1.png","contentUrl":"https:\/\/mars.uj.edu.pl\/wp-content\/uploads\/2020\/02\/cropped-UJ_her_neg1.png","width":179,"height":250,"caption":"Planetary Lab \u2013 Interfaculty Program in Planetary Research (Jagiellonian University in Krak\u00f3w)"},"image":{"@id":"https:\/\/mars.uj.edu.pl\/#\/schema\/logo\/image\/"}},{"@type":"WebSite","@id":"https:\/\/mars.uj.edu.pl\/#website","url":"https:\/\/mars.uj.edu.pl\/","name":"Mi\u0119dzywydzia\u0142owy Program Bada\u0144 Planetarnych","description":"Uniwersytet Jagiello\u0144ski w Krakowie","publisher":{"@id":"https:\/\/mars.uj.edu.pl\/#organization"},"potentialAction":[{"@type":"SearchAction","target":{"@type":"EntryPoint","urlTemplate":"https:\/\/mars.uj.edu.pl\/?s={search_term_string}"},"query-input":"required name=search_term_string"}],"inLanguage":"pl-PL"},{"@type":"WebPage","@id":"https:\/\/mars.uj.edu.pl\/index.php\/pl\/struktura\/sun-lab\/","url":"https:\/\/mars.uj.edu.pl\/index.php\/pl\/struktura\/sun-lab\/","name":"Sun Lab - Mi\u0119dzywydzia\u0142owy Program Bada\u0144 Planetarnych","isPartOf":{"@id":"https:\/\/mars.uj.edu.pl\/#website"},"datePublished":"2020-10-12T12:11:47+00:00","dateModified":"2025-02-02T12:25:23+00:00","breadcrumb":{"@id":"https:\/\/mars.uj.edu.pl\/index.php\/pl\/struktura\/sun-lab\/#breadcrumb"},"inLanguage":"pl-PL","potentialAction":[{"@type":"ReadAction","target":["https:\/\/mars.uj.edu.pl\/index.php\/pl\/struktura\/sun-lab\/"]}]},{"@type":"BreadcrumbList","@id":"https:\/\/mars.uj.edu.pl\/index.php\/pl\/struktura\/sun-lab\/#breadcrumb","itemListElement":[{"@type":"ListItem","position":1,"name":"Home","item":"https:\/\/mars.uj.edu.pl\/index.php\/pl\/miedzywydzialowy-program-badan-planetarnych\/"},{"@type":"ListItem","position":2,"name":"Struktura","item":"https:\/\/mars.uj.edu.pl\/index.php\/pl\/struktura\/"},{"@type":"ListItem","position":3,"name":"Sun Lab"}]}]}},"_links":{"self":[{"href":"https:\/\/mars.uj.edu.pl\/index.php\/wp-json\/wp\/v2\/pages\/606"}],"collection":[{"href":"https:\/\/mars.uj.edu.pl\/index.php\/wp-json\/wp\/v2\/pages"}],"about":[{"href":"https:\/\/mars.uj.edu.pl\/index.php\/wp-json\/wp\/v2\/types\/page"}],"author":[{"embeddable":true,"href":"https:\/\/mars.uj.edu.pl\/index.php\/wp-json\/wp\/v2\/users\/1"}],"replies":[{"embeddable":true,"href":"https:\/\/mars.uj.edu.pl\/index.php\/wp-json\/wp\/v2\/comments?post=606"}],"version-history":[{"count":2,"href":"https:\/\/mars.uj.edu.pl\/index.php\/wp-json\/wp\/v2\/pages\/606\/revisions"}],"predecessor-version":[{"id":1175,"href":"https:\/\/mars.uj.edu.pl\/index.php\/wp-json\/wp\/v2\/pages\/606\/revisions\/1175"}],"up":[{"embeddable":true,"href":"https:\/\/mars.uj.edu.pl\/index.php\/wp-json\/wp\/v2\/pages\/585"}],"wp:attachment":[{"href":"https:\/\/mars.uj.edu.pl\/index.php\/wp-json\/wp\/v2\/media?parent=606"}],"curies":[{"name":"wp","href":"https:\/\/api.w.org\/{rel}","templated":true}]}}