{"id":655,"date":"2021-04-20T12:26:26","date_gmt":"2021-04-20T10:26:26","guid":{"rendered":"http:\/\/mars.uj.edu.pl\/?page_id=655"},"modified":"2025-03-21T15:46:47","modified_gmt":"2025-03-21T14:46:47","slug":"publikacje","status":"publish","type":"page","link":"https:\/\/mars.uj.edu.pl\/index.php\/pl\/publikacje\/","title":{"rendered":"Publikacje naukowe"},"content":{"rendered":"\n<p>Ostatnie publikacje:<\/p>\n\n\n\n<p>Kozakiewicz J., Maj D., Mol S., Sobucki M., Michaels T., and Frodyma N. (2025). Seasonality of aeolian landforms on Meridiani Planum, Mars, Icarus, Volume 425, 2025, 116325, <br><a href=\"https:\/\/doi.org\/10.1016\/j.icarus.2024.116325\">https:\/\/doi.org\/10.1016\/j.icarus.2024.116325<\/a>.<\/p>\n\n\n\n<p>Kozakiewicz, J., Dluzewski, M., Rotnicka, J., Sobucki, M., Michaels, T., Pilarska-Mazurek, M., et al. (2024). Coarse-grained ripples investigated by the Opportunity rover on Meridiani Planum, Mars. Journal of Geophysical Research: Planets, 129, e2023JE008225. <br><a href=\"https:\/\/doi.org\/10.1029\/2023JE008225\">https:\/\/doi.org\/10.1029\/2023JE008225<\/a><\/p>\n\n\n\n<p>Kozakiewicz, J., Kania, M., Salata, D., &amp; Nowak, L. (2023). Sands on Meridiani Planum, Mars. <em>Journal of Geophysical Research: Planets<\/em>, 128, e2023JE007804. <br><a href=\"https:\/\/doi.org\/10.1029\/2023JE007804\">https:\/\/doi.org\/10.1029\/2023JE007804<\/a><\/p>\n\n\n\n<p>Choroma\u0144ski, K., Kozakiewicz, J., Sobucki, M., Pilarska-Mazurek, M., and Olszewski, R. (2022). Analysis of ensemble of neural networks and fuzzy logic classification in process of semantic segmentation of Martian geomorphological settings. In: Fred, Ana, Sansone, Carlo, Gusikhin, Oleg and Madani, Kurosh (eds.), DeLTA 2022: proceedings of the 3<sup>rd<\/sup> International Conference on Deep Learning Theory and Applications: Lisbon \u2013 Portugal, July 12-14, p. 184\u2013192.<\/p>\n\n\n\n<p>Choroma\u0144ski, Kamil, Kozakiewicz, Joanna, Sobucki, Mateusz, Pilarska-Mazurek, Magdalena and Olszewski, Robert, 2022. Multisource classification of Meridiani Planum\u2019s aeolian landscape Using HiRISE and opportunity images analysis based on deep learning. IEEE Journal of Selected Topics in Applied Earth Observations and Remote Sensing. Online. 2022. Vol.&nbsp;15, p.&nbsp;9963\u20139975. DOI&nbsp;10.1109\/JSTARS.2022.3222940.<br><a href=\"https:\/\/doi.org\/10.1109\/JSTARS.2022.3222940\">https:\/\/doi.org\/10.1109\/JSTARS.2022.3222940<\/a><\/p>\n","protected":false},"excerpt":{"rendered":"<p>Ostatnie publikacje: Kozakiewicz J., Maj D., Mol S., Sobucki M., Michaels T., and Frodyma N. (2025). Seasonality of aeolian landforms on Meridiani Planum, Mars, Icarus, Volume 425, 2025, 116325, https:\/\/doi.org\/10.1016\/j.icarus.2024.116325. Kozakiewicz, J., Dluzewski, M., Rotnicka, J., Sobucki, M., Michaels, T., Pilarska-Mazurek, M., et al. (2024). Coarse-grained ripples investigated by the Opportunity rover on Meridiani Planum, &hellip; <\/p>\n<p class=\"link-more\"><a href=\"https:\/\/mars.uj.edu.pl\/index.php\/pl\/publikacje\/\" class=\"more-link\">Czytaj dalej<span class=\"screen-reader-text\"> Publikacje naukowe<\/span><\/a><\/p>\n","protected":false},"author":1,"featured_media":0,"parent":0,"menu_order":0,"comment_status":"closed","ping_status":"closed","template":"","meta":[],"yoast_head":"<!-- This site is optimized with the Yoast SEO plugin v19.4 - https:\/\/yoast.com\/wordpress\/plugins\/seo\/ -->\n<title>Publikacje naukowe - Mi\u0119dzywydzia\u0142owy Program Bada\u0144 Planetarnych<\/title>\n<meta name=\"robots\" content=\"index, follow, max-snippet:-1, max-image-preview:large, max-video-preview:-1\" \/>\n<link rel=\"canonical\" href=\"https:\/\/mars.uj.edu.pl\/index.php\/pl\/publikacje\/\" \/>\n<meta property=\"og:locale\" content=\"pl_PL\" \/>\n<meta property=\"og:type\" content=\"article\" \/>\n<meta property=\"og:title\" content=\"Publikacje naukowe - Mi\u0119dzywydzia\u0142owy Program Bada\u0144 Planetarnych\" \/>\n<meta property=\"og:description\" content=\"Ostatnie publikacje: Kozakiewicz J., Maj D., Mol S., Sobucki M., Michaels T., and Frodyma N. (2025). Seasonality of aeolian landforms on Meridiani Planum, Mars, Icarus, Volume 425, 2025, 116325, https:\/\/doi.org\/10.1016\/j.icarus.2024.116325. Kozakiewicz, J., Dluzewski, M., Rotnicka, J., Sobucki, M., Michaels, T., Pilarska-Mazurek, M., et al. (2024). Coarse-grained ripples investigated by the Opportunity rover on Meridiani Planum, &hellip; Czytaj dalej Publikacje naukowe\" \/>\n<meta property=\"og:url\" content=\"https:\/\/mars.uj.edu.pl\/index.php\/pl\/publikacje\/\" \/>\n<meta property=\"og:site_name\" content=\"Mi\u0119dzywydzia\u0142owy Program Bada\u0144 Planetarnych\" \/>\n<meta property=\"article:modified_time\" content=\"2025-03-21T14:46:47+00:00\" \/>\n<meta name=\"twitter:card\" content=\"summary_large_image\" \/>\n<meta name=\"twitter:label1\" content=\"Est. reading time\" \/>\n\t<meta name=\"twitter:data1\" content=\"2 minuty\" \/>\n<script type=\"application\/ld+json\" class=\"yoast-schema-graph\">{\"@context\":\"https:\/\/schema.org\",\"@graph\":[{\"@type\":\"Organization\",\"@id\":\"https:\/\/mars.uj.edu.pl\/#organization\",\"name\":\"Planetary Lab \u2013 Interfaculty Program in Planetary Research (Jagiellonian University in Krak\u00f3w)\",\"url\":\"https:\/\/mars.uj.edu.pl\/\",\"sameAs\":[],\"logo\":{\"@type\":\"ImageObject\",\"inLanguage\":\"pl-PL\",\"@id\":\"https:\/\/mars.uj.edu.pl\/#\/schema\/logo\/image\/\",\"url\":\"https:\/\/mars.uj.edu.pl\/wp-content\/uploads\/2020\/02\/cropped-UJ_her_neg1.png\",\"contentUrl\":\"https:\/\/mars.uj.edu.pl\/wp-content\/uploads\/2020\/02\/cropped-UJ_her_neg1.png\",\"width\":179,\"height\":250,\"caption\":\"Planetary Lab \u2013 Interfaculty Program in Planetary Research (Jagiellonian University in Krak\u00f3w)\"},\"image\":{\"@id\":\"https:\/\/mars.uj.edu.pl\/#\/schema\/logo\/image\/\"}},{\"@type\":\"WebSite\",\"@id\":\"https:\/\/mars.uj.edu.pl\/#website\",\"url\":\"https:\/\/mars.uj.edu.pl\/\",\"name\":\"Mi\u0119dzywydzia\u0142owy Program Bada\u0144 Planetarnych\",\"description\":\"Uniwersytet Jagiello\u0144ski w Krakowie\",\"publisher\":{\"@id\":\"https:\/\/mars.uj.edu.pl\/#organization\"},\"potentialAction\":[{\"@type\":\"SearchAction\",\"target\":{\"@type\":\"EntryPoint\",\"urlTemplate\":\"https:\/\/mars.uj.edu.pl\/?s={search_term_string}\"},\"query-input\":\"required name=search_term_string\"}],\"inLanguage\":\"pl-PL\"},{\"@type\":\"WebPage\",\"@id\":\"https:\/\/mars.uj.edu.pl\/index.php\/pl\/publikacje\/\",\"url\":\"https:\/\/mars.uj.edu.pl\/index.php\/pl\/publikacje\/\",\"name\":\"Publikacje naukowe - Mi\u0119dzywydzia\u0142owy Program Bada\u0144 Planetarnych\",\"isPartOf\":{\"@id\":\"https:\/\/mars.uj.edu.pl\/#website\"},\"datePublished\":\"2021-04-20T10:26:26+00:00\",\"dateModified\":\"2025-03-21T14:46:47+00:00\",\"breadcrumb\":{\"@id\":\"https:\/\/mars.uj.edu.pl\/index.php\/pl\/publikacje\/#breadcrumb\"},\"inLanguage\":\"pl-PL\",\"potentialAction\":[{\"@type\":\"ReadAction\",\"target\":[\"https:\/\/mars.uj.edu.pl\/index.php\/pl\/publikacje\/\"]}]},{\"@type\":\"BreadcrumbList\",\"@id\":\"https:\/\/mars.uj.edu.pl\/index.php\/pl\/publikacje\/#breadcrumb\",\"itemListElement\":[{\"@type\":\"ListItem\",\"position\":1,\"name\":\"Home\",\"item\":\"https:\/\/mars.uj.edu.pl\/index.php\/pl\/miedzywydzialowy-program-badan-planetarnych\/\"},{\"@type\":\"ListItem\",\"position\":2,\"name\":\"Publikacje naukowe\"}]}]}<\/script>\n<!-- \/ Yoast SEO plugin. -->","yoast_head_json":{"title":"Publikacje naukowe - Mi\u0119dzywydzia\u0142owy Program Bada\u0144 Planetarnych","robots":{"index":"index","follow":"follow","max-snippet":"max-snippet:-1","max-image-preview":"max-image-preview:large","max-video-preview":"max-video-preview:-1"},"canonical":"https:\/\/mars.uj.edu.pl\/index.php\/pl\/publikacje\/","og_locale":"pl_PL","og_type":"article","og_title":"Publikacje naukowe - Mi\u0119dzywydzia\u0142owy Program Bada\u0144 Planetarnych","og_description":"Ostatnie publikacje: Kozakiewicz J., Maj D., Mol S., Sobucki M., Michaels T., and Frodyma N. (2025). Seasonality of aeolian landforms on Meridiani Planum, Mars, Icarus, Volume 425, 2025, 116325, https:\/\/doi.org\/10.1016\/j.icarus.2024.116325. Kozakiewicz, J., Dluzewski, M., Rotnicka, J., Sobucki, M., Michaels, T., Pilarska-Mazurek, M., et al. (2024). Coarse-grained ripples investigated by the Opportunity rover on Meridiani Planum, &hellip; Czytaj dalej Publikacje naukowe","og_url":"https:\/\/mars.uj.edu.pl\/index.php\/pl\/publikacje\/","og_site_name":"Mi\u0119dzywydzia\u0142owy Program Bada\u0144 Planetarnych","article_modified_time":"2025-03-21T14:46:47+00:00","twitter_card":"summary_large_image","twitter_misc":{"Est. reading time":"2 minuty"},"schema":{"@context":"https:\/\/schema.org","@graph":[{"@type":"Organization","@id":"https:\/\/mars.uj.edu.pl\/#organization","name":"Planetary Lab \u2013 Interfaculty Program in Planetary Research (Jagiellonian University in Krak\u00f3w)","url":"https:\/\/mars.uj.edu.pl\/","sameAs":[],"logo":{"@type":"ImageObject","inLanguage":"pl-PL","@id":"https:\/\/mars.uj.edu.pl\/#\/schema\/logo\/image\/","url":"https:\/\/mars.uj.edu.pl\/wp-content\/uploads\/2020\/02\/cropped-UJ_her_neg1.png","contentUrl":"https:\/\/mars.uj.edu.pl\/wp-content\/uploads\/2020\/02\/cropped-UJ_her_neg1.png","width":179,"height":250,"caption":"Planetary Lab \u2013 Interfaculty Program in Planetary Research (Jagiellonian University in Krak\u00f3w)"},"image":{"@id":"https:\/\/mars.uj.edu.pl\/#\/schema\/logo\/image\/"}},{"@type":"WebSite","@id":"https:\/\/mars.uj.edu.pl\/#website","url":"https:\/\/mars.uj.edu.pl\/","name":"Mi\u0119dzywydzia\u0142owy Program Bada\u0144 Planetarnych","description":"Uniwersytet Jagiello\u0144ski w Krakowie","publisher":{"@id":"https:\/\/mars.uj.edu.pl\/#organization"},"potentialAction":[{"@type":"SearchAction","target":{"@type":"EntryPoint","urlTemplate":"https:\/\/mars.uj.edu.pl\/?s={search_term_string}"},"query-input":"required name=search_term_string"}],"inLanguage":"pl-PL"},{"@type":"WebPage","@id":"https:\/\/mars.uj.edu.pl\/index.php\/pl\/publikacje\/","url":"https:\/\/mars.uj.edu.pl\/index.php\/pl\/publikacje\/","name":"Publikacje naukowe - Mi\u0119dzywydzia\u0142owy Program Bada\u0144 Planetarnych","isPartOf":{"@id":"https:\/\/mars.uj.edu.pl\/#website"},"datePublished":"2021-04-20T10:26:26+00:00","dateModified":"2025-03-21T14:46:47+00:00","breadcrumb":{"@id":"https:\/\/mars.uj.edu.pl\/index.php\/pl\/publikacje\/#breadcrumb"},"inLanguage":"pl-PL","potentialAction":[{"@type":"ReadAction","target":["https:\/\/mars.uj.edu.pl\/index.php\/pl\/publikacje\/"]}]},{"@type":"BreadcrumbList","@id":"https:\/\/mars.uj.edu.pl\/index.php\/pl\/publikacje\/#breadcrumb","itemListElement":[{"@type":"ListItem","position":1,"name":"Home","item":"https:\/\/mars.uj.edu.pl\/index.php\/pl\/miedzywydzialowy-program-badan-planetarnych\/"},{"@type":"ListItem","position":2,"name":"Publikacje naukowe"}]}]}},"_links":{"self":[{"href":"https:\/\/mars.uj.edu.pl\/index.php\/wp-json\/wp\/v2\/pages\/655"}],"collection":[{"href":"https:\/\/mars.uj.edu.pl\/index.php\/wp-json\/wp\/v2\/pages"}],"about":[{"href":"https:\/\/mars.uj.edu.pl\/index.php\/wp-json\/wp\/v2\/types\/page"}],"author":[{"embeddable":true,"href":"https:\/\/mars.uj.edu.pl\/index.php\/wp-json\/wp\/v2\/users\/1"}],"replies":[{"embeddable":true,"href":"https:\/\/mars.uj.edu.pl\/index.php\/wp-json\/wp\/v2\/comments?post=655"}],"version-history":[{"count":20,"href":"https:\/\/mars.uj.edu.pl\/index.php\/wp-json\/wp\/v2\/pages\/655\/revisions"}],"predecessor-version":[{"id":1214,"href":"https:\/\/mars.uj.edu.pl\/index.php\/wp-json\/wp\/v2\/pages\/655\/revisions\/1214"}],"wp:attachment":[{"href":"https:\/\/mars.uj.edu.pl\/index.php\/wp-json\/wp\/v2\/media?parent=655"}],"curies":[{"name":"wp","href":"https:\/\/api.w.org\/{rel}","templated":true}]}}