{"id":875,"date":"2022-08-08T14:50:44","date_gmt":"2022-08-08T12:50:44","guid":{"rendered":"https:\/\/mars.uj.edu.pl\/?page_id=875"},"modified":"2023-08-30T11:16:29","modified_gmt":"2023-08-30T09:16:29","slug":"iv-ogolnopolskie-seminarium-marsjanskie-2022","status":"publish","type":"page","link":"https:\/\/mars.uj.edu.pl\/index.php\/pl\/planetary-science-conference-2\/iv-ogolnopolskie-seminarium-marsjanskie-2022\/","title":{"rendered":"IV Og\u00f3lnopolskie Seminarium Marsja\u0144skie (2022)"},"content":{"rendered":"\n<figure class=\"wp-block-image is-resized\"><a href=\"https:\/\/mars.uj.edu.pl\/wp-content\/uploads\/2022\/07\/IV_Seminarium_Marsjanskie_2022__plakatA2_web.pdf\" target=\"_blank\" rel=\"noopener noreferrer\"><img loading=\"lazy\" src=\"https:\/\/mars.uj.edu.pl\/wp-content\/uploads\/2022\/07\/IV_Seminarium_Marsjanskie_2022__plakatA2__ver2022-06-27.jpg\" alt=\"\" class=\"wp-image-489\" width=\"1024\" height=\"725\"\/><\/a><\/figure>\n\n\n\n<figure class=\"wp-block-image is-resized\"><img loading=\"lazy\" src=\"https:\/\/mars.uj.edu.pl\/wp-content\/uploads\/2023\/08\/4NMSS2022photo_www-1024x682.jpg\" alt=\"photo: Krzysztof Magda\" width=\"1024\" height=\"682\"\/><figcaption>photo: Krzysztof Magda<\/figcaption><\/figure>\n\n\n<h4>Aim of the seminar<\/h4>\n<p><!-- \/wp:heading --><\/p>\n<p><!-- wp:list --><\/p>\n<ul>\n<li>To present achievements of Polish scientists<\/li>\n<li>To integrate the Polish community of Mars scientists<\/li>\n<li>To develop planetary and space science in Poland<\/li>\n<\/ul>\n<p><!-- \/wp:list --><\/p>\n<p><!-- wp:heading {\"level\":4} --><\/p>\n<h4>Scope<\/h4>\n<p><!-- \/wp:heading --><\/p>\n<p><!-- wp:paragraph --><\/p>\n<p>Topics of interest for submission include, but are not limited to:<\/p>\n<p><!-- \/wp:paragraph --><\/p>\n<p><!-- wp:list --><\/p>\n<ul>\n<li>estimation of Mars orbital parameters and global properties of the planet<\/li>\n<li>nearest cosmic neighborhood of Mars<\/li>\n<li>study of Mars planetary spheres: magnetospheres, ionospheres, atmosphere, lithosphere, hydrosphere, and the interior of the planet<\/li>\n<\/ul>\n<p><!-- \/wp:list --><\/p>\n<p><!-- wp:paragraph --><\/p>\n<p>including research results based on:<\/p>\n<p><!-- \/wp:paragraph --><\/p>\n<p><!-- wp:list --><\/p>\n<ul>\n<li>data from current and past Mars missions<\/li>\n<li>new research methods and tools for future Mars exploration<\/li>\n<li>theoretical modeling and numerical simulations in Mars studies<\/li>\n<li>laboratory simulations and studies of Mars analogs<\/li>\n<\/ul>\n<h4>Program:<\/h4>\n<h5><strong>9:30-10:00 Registration (Main Hall)<\/strong><\/h5>\n<h5><strong>10:00-12:00 Oral Session (Room A-1-06)<\/strong><\/h5>\n<ul>\n<li>\n<h6><strong>10:00-10:10 Opening of the Fourth National Mars Science Seminar<\/strong><\/h6>\n<\/li>\n<li>\n<h6><strong>10:10-10:30 Robert Olszewski (Warsaw University of Technology)<em><br \/><a href=\"https:\/\/mars.uj.edu.pl\/wp-content\/uploads\/2022\/10\/4NMSS2022_abstracts-01.pdf\">Modeling the modification process of Mars\u2019 atmosphere using hexagonal cellular automata<\/a><\/em><\/strong><\/h6>\n<\/li>\n<li>\n<h6><strong>10:30-10:50 Joanna Kozakiewicz (Jagiellonian University in Krak\u00f3w)<\/strong><br \/><a href=\"https:\/\/mars.uj.edu.pl\/wp-content\/uploads\/2022\/10\/4NMSS2022_abstracts-02.pdf\"><strong><em>Forced ripples on Mars<\/em><\/strong><\/a><\/h6>\n<\/li>\n<li>\n<h6><strong>10:50-11:10 Joanna Gurgurewicz (Space Research Centre PAS)<em><br \/><a href=\"https:\/\/mars.uj.edu.pl\/wp-content\/uploads\/2022\/10\/4NMSS2022_abstracts-03.pdf\">Serpentinization and listwanitization of ultramafic rocks in Ladon basin, Mars<\/a><\/em><\/strong><\/h6>\n<\/li>\n<li>\n<h6><strong>11:10-11:30 Anna \u0141osiak (Insitute of Geological Sciences PAS)<em><br \/><a href=\"https:\/\/mars.uj.edu.pl\/wp-content\/uploads\/2022\/10\/4NMSS2022_abstracts-04.pdf\">What terrestrial very small impact craters can tell us about similar features on Mars<\/a><\/em><\/strong><\/h6>\n<\/li>\n<li>\n<h6><strong>11:30-11:50 Magdalena Baranowska (Adam Mickiewicz University in Pozna\u0144)<em><br \/><a href=\"https:\/\/mars.uj.edu.pl\/wp-content\/uploads\/2022\/10\/4NMSS2022_abstracts-05.pdf\">Mapping features potentially related to glacio-volcanic activity in Utopia Planitia, Mars<\/a><\/em><\/strong><\/h6>\n<\/li>\n<li>\n<h6><strong>11:50-12:00 Overall discussion and closing of the Oral Session<\/strong><\/h6>\n<\/li>\n<\/ul>\n<h5><strong>12:00-12:15 Break<\/strong><\/h5>\n<h5><strong>12:30-13:15 Poster Session (II floor corridor at room A-1-06)<\/strong><\/h5>\n<ul>\n<li>\n<h6><strong>Pawe\u0142 Wajer (Space Research Centre PAS)<\/strong><br \/><a href=\"https:\/\/mars.uj.edu.pl\/wp-content\/uploads\/2022\/10\/4NMSS2022_abstracts-07.pdf\"><em><strong>The science of ExoMars 2016 mission<\/strong><\/em><\/a><\/h6>\n<\/li>\n<li>\n<h6><strong>Maciej Kania (Jagiellonian University in Krak\u00f3w)<\/strong><br \/><strong><a href=\"https:\/\/mars.uj.edu.pl\/wp-content\/uploads\/2022\/10\/4NMSS2022_abstracts-09.pdf\"><em>Geometry and topology of a lineament network in selected areas of Meridiani Planum, Mars &#8211; preliminary results<\/em><\/a><\/strong><\/h6>\n<\/li>\n<li>\n<h6><strong>Natalia Zalewska (Space Research Centre PAS)<\/strong><br \/><a href=\"https:\/\/mars.uj.edu.pl\/wp-content\/uploads\/2022\/10\/4NMSS2022_abstracts-08.pdf\"><em><strong>Some remarks about Martian \u201eblueberries\u201d and spherical concretion from Utah<\/strong><\/em><\/a><\/h6>\n<\/li>\n<li><strong>Leszek Czechowski (Space Research Centre PAS, University of Warsaw)<\/strong><br \/><strong><a href=\"https:\/\/mars.uj.edu.pl\/wp-content\/uploads\/2022\/10\/4NMSS2022_abstracts-06.pdf\"><em>Modeling of selected Martian geomorphological structures in the laboratory<\/em><\/a><\/strong><\/li>\n<\/ul>\n<h5><strong>13:15-14:15 Lunch (Bar in Main Hall)<\/strong><\/h5>\n<h5><strong>14:15-15:45 Workshop \u201cAeolian processes in space exploration \u2013 perspectives\u201d (Room F-1-04)<\/strong><\/h5>\n<p><!-- \/wp:list --><\/p>\n<p><!-- wp:heading {\"level\":4} --><\/p>\n<h4><!-- wp:paragraph --><\/h4>\n<h4><!-- \/wp:paragraph --> <!-- wp:image {\"sizeSlug\":\"large\",\"linkDestination\":\"custom\"} --><\/h4>\n<figure class=\"wp-block-image size-large\"><a href=\"https:\/\/mars.uj.edu.pl\/wp-content\/uploads\/2022\/10\/4NMSS2022_abstracts_v20221007.pdf\" target=\"_blank\" rel=\"noreferrer noopener\"><img loading=\"lazy\" class=\"alignnone\" src=\"https:\/\/mars.uj.edu.pl\/wp-content\/uploads\/2022\/10\/4NMSS2022_abstracts.jpg\" alt=\"\" width=\"300\" height=\"424\" \/><\/a>\n<figcaption>Download all abstracts<\/figcaption>\n<\/figure>\n<h4><!-- \/wp:heading -->Organizers<\/h4>\n<p><!-- \/wp:heading --><\/p>\n<p><!-- wp:paragraph --><\/p>\n<p><a href=\"https:\/\/fais.uj.edu.pl\/\" data-type=\"URL\" data-id=\"https:\/\/fais.uj.edu.pl\/\">The Faculty of Physics, Astronomy and Applied Computer Science<\/a><\/p>\n<p><!-- \/wp:paragraph --><\/p>\n<p><!-- wp:paragraph --><\/p>\n<p><a href=\"https:\/\/wgig.uj.edu.pl\/\">The Faculty of Geography and Geology<\/a><\/p>\n<h4>Honorary Committee<\/h4>\n<p><strong>Prof. dr hab. Ewa Gudowska-Nowak<\/strong><br \/>the Dean of the Faculty of Physics, Astronomy and Applied Computer Science<\/p>\n<p><strong>Prof. dr hab. Marek Drewnik<\/strong><br \/>the Dean of the Faculty of Geography and Geology<\/p>\n<p><!-- \/wp:paragraph --><\/p>\n<p><!-- wp:heading {\"level\":4} --><\/p>\n<h4>Scientific Committee<\/h4>\n<p><!-- \/wp:heading --><\/p>\n<p><!-- wp:list --><\/p>\n<ul>\n<li>Prof. dr hab. Daniel M\u00e8ge (Space Research Center, PAS)<\/li>\n<li>Prof. dr hab. Kazimierz Krzemie\u0144 (Faculty of Geography and Geology, Jagiellonian University)<\/li>\n<li>Prof. dr hab. Robert Olszewski (Faculty of Geodesy and Cartography, Warsaw University of Technology)<\/li>\n<li>Dr Joanna Gurgurewicz (Space Research Center, PAS)<\/li>\n<li>Dr Joanna Kozakiewicz (Faculty of Physics, Astronomy and Applied Computer Science, Jagiellonian University)<\/li>\n<\/ul>\n<p><!-- \/wp:list --><\/p>\n<p><!-- wp:heading {\"level\":4} --><\/p>\n<h4>Organizing Committee<\/h4>\n<p><!-- \/wp:heading --><\/p>\n<p><!-- wp:list --><\/p>\n<ul>\n<li>Dr Joanna Kozakiewicz (Faculty of Physics, Astronomy and Applied Computer Science, Jagiellonian University)<\/li>\n<li>Dr Maciej Kania (Faculty of Geography and Geology, Jagiellonian University)<\/li>\n<li>Mgr Nikodem Frodyma (Faculty of Physics, Astronomy and Applied Computer Science, Jagiellonian University)<\/li>\n<li>Mgr Mateusz Sobucki (Faculty of Geography and Geology, Jagiellonian University)<\/li>\n<li>Szymon Mol (Jagiellonian University)<\/li>\n<\/ul>","protected":false},"excerpt":{"rendered":"<p>Aim of the seminar To present achievements of Polish scientists To integrate the Polish community of Mars scientists To develop planetary and space science in Poland Scope Topics of interest for submission include, but are not limited to: estimation of Mars orbital parameters and global properties of the planet nearest cosmic neighborhood of Mars study &hellip; <\/p>\n<p class=\"link-more\"><a href=\"https:\/\/mars.uj.edu.pl\/index.php\/pl\/planetary-science-conference-2\/iv-ogolnopolskie-seminarium-marsjanskie-2022\/\" class=\"more-link\">Czytaj dalej<span class=\"screen-reader-text\"> IV Og\u00f3lnopolskie Seminarium Marsja\u0144skie (2022)<\/span><\/a><\/p>\n","protected":false},"author":1,"featured_media":0,"parent":432,"menu_order":0,"comment_status":"closed","ping_status":"closed","template":"","meta":[],"yoast_head":"<!-- This site is optimized with the Yoast SEO plugin v19.4 - https:\/\/yoast.com\/wordpress\/plugins\/seo\/ -->\n<title>IV Og\u00f3lnopolskie Seminarium Marsja\u0144skie (2022) - Mi\u0119dzywydzia\u0142owy Program Bada\u0144 Planetarnych<\/title>\n<meta name=\"robots\" content=\"index, follow, max-snippet:-1, max-image-preview:large, max-video-preview:-1\" \/>\n<link rel=\"canonical\" href=\"https:\/\/mars.uj.edu.pl\/index.php\/pl\/planetary-science-conference-2\/iv-ogolnopolskie-seminarium-marsjanskie-2022\/\" \/>\n<meta property=\"og:locale\" content=\"pl_PL\" \/>\n<meta property=\"og:type\" content=\"article\" \/>\n<meta property=\"og:title\" content=\"IV Og\u00f3lnopolskie Seminarium Marsja\u0144skie (2022) - Mi\u0119dzywydzia\u0142owy Program Bada\u0144 Planetarnych\" \/>\n<meta property=\"og:description\" content=\"Aim of the seminar To present achievements of Polish scientists To integrate the Polish community of Mars scientists To develop planetary and space science in Poland Scope Topics of interest for submission include, but are not limited to: estimation of Mars orbital parameters and global properties of the planet nearest cosmic neighborhood of Mars study &hellip; Czytaj dalej IV Og\u00f3lnopolskie Seminarium Marsja\u0144skie (2022)\" \/>\n<meta property=\"og:url\" content=\"https:\/\/mars.uj.edu.pl\/index.php\/pl\/planetary-science-conference-2\/iv-ogolnopolskie-seminarium-marsjanskie-2022\/\" \/>\n<meta property=\"og:site_name\" content=\"Mi\u0119dzywydzia\u0142owy Program Bada\u0144 Planetarnych\" \/>\n<meta property=\"article:modified_time\" content=\"2023-08-30T09:16:29+00:00\" \/>\n<meta property=\"og:image\" content=\"https:\/\/mars.uj.edu.pl\/wp-content\/uploads\/2022\/07\/IV_Seminarium_Marsjanskie_2022__plakatA2__ver2022-06-27.jpg\" \/>\n<meta name=\"twitter:card\" content=\"summary_large_image\" \/>\n<meta name=\"twitter:label1\" content=\"Est. reading time\" \/>\n\t<meta name=\"twitter:data1\" content=\"4 minuty\" \/>\n<script type=\"application\/ld+json\" class=\"yoast-schema-graph\">{\"@context\":\"https:\/\/schema.org\",\"@graph\":[{\"@type\":\"Organization\",\"@id\":\"https:\/\/mars.uj.edu.pl\/#organization\",\"name\":\"Planetary Lab \u2013 Interfaculty Program in Planetary Research (Jagiellonian University in Krak\u00f3w)\",\"url\":\"https:\/\/mars.uj.edu.pl\/\",\"sameAs\":[],\"logo\":{\"@type\":\"ImageObject\",\"inLanguage\":\"pl-PL\",\"@id\":\"https:\/\/mars.uj.edu.pl\/#\/schema\/logo\/image\/\",\"url\":\"https:\/\/mars.uj.edu.pl\/wp-content\/uploads\/2020\/02\/cropped-UJ_her_neg1.png\",\"contentUrl\":\"https:\/\/mars.uj.edu.pl\/wp-content\/uploads\/2020\/02\/cropped-UJ_her_neg1.png\",\"width\":179,\"height\":250,\"caption\":\"Planetary Lab \u2013 Interfaculty Program in Planetary Research (Jagiellonian University in Krak\u00f3w)\"},\"image\":{\"@id\":\"https:\/\/mars.uj.edu.pl\/#\/schema\/logo\/image\/\"}},{\"@type\":\"WebSite\",\"@id\":\"https:\/\/mars.uj.edu.pl\/#website\",\"url\":\"https:\/\/mars.uj.edu.pl\/\",\"name\":\"Mi\u0119dzywydzia\u0142owy Program Bada\u0144 Planetarnych\",\"description\":\"Uniwersytet Jagiello\u0144ski w Krakowie\",\"publisher\":{\"@id\":\"https:\/\/mars.uj.edu.pl\/#organization\"},\"potentialAction\":[{\"@type\":\"SearchAction\",\"target\":{\"@type\":\"EntryPoint\",\"urlTemplate\":\"https:\/\/mars.uj.edu.pl\/?s={search_term_string}\"},\"query-input\":\"required name=search_term_string\"}],\"inLanguage\":\"pl-PL\"},{\"@type\":\"WebPage\",\"@id\":\"https:\/\/mars.uj.edu.pl\/index.php\/pl\/planetary-science-conference-2\/iv-ogolnopolskie-seminarium-marsjanskie-2022\/\",\"url\":\"https:\/\/mars.uj.edu.pl\/index.php\/pl\/planetary-science-conference-2\/iv-ogolnopolskie-seminarium-marsjanskie-2022\/\",\"name\":\"IV Og\u00f3lnopolskie Seminarium Marsja\u0144skie (2022) - Mi\u0119dzywydzia\u0142owy Program Bada\u0144 Planetarnych\",\"isPartOf\":{\"@id\":\"https:\/\/mars.uj.edu.pl\/#website\"},\"datePublished\":\"2022-08-08T12:50:44+00:00\",\"dateModified\":\"2023-08-30T09:16:29+00:00\",\"breadcrumb\":{\"@id\":\"https:\/\/mars.uj.edu.pl\/index.php\/pl\/planetary-science-conference-2\/iv-ogolnopolskie-seminarium-marsjanskie-2022\/#breadcrumb\"},\"inLanguage\":\"pl-PL\",\"potentialAction\":[{\"@type\":\"ReadAction\",\"target\":[\"https:\/\/mars.uj.edu.pl\/index.php\/pl\/planetary-science-conference-2\/iv-ogolnopolskie-seminarium-marsjanskie-2022\/\"]}]},{\"@type\":\"BreadcrumbList\",\"@id\":\"https:\/\/mars.uj.edu.pl\/index.php\/pl\/planetary-science-conference-2\/iv-ogolnopolskie-seminarium-marsjanskie-2022\/#breadcrumb\",\"itemListElement\":[{\"@type\":\"ListItem\",\"position\":1,\"name\":\"Home\",\"item\":\"https:\/\/mars.uj.edu.pl\/index.php\/pl\/miedzywydzialowy-program-badan-planetarnych\/\"},{\"@type\":\"ListItem\",\"position\":2,\"name\":\"Planetary Science Conference\",\"item\":\"https:\/\/mars.uj.edu.pl\/index.php\/pl\/planetary-science-conference-2\/\"},{\"@type\":\"ListItem\",\"position\":3,\"name\":\"IV Og\u00f3lnopolskie Seminarium Marsja\u0144skie (2022)\"}]}]}<\/script>\n<!-- \/ Yoast SEO plugin. -->","yoast_head_json":{"title":"IV Og\u00f3lnopolskie Seminarium Marsja\u0144skie (2022) - Mi\u0119dzywydzia\u0142owy Program Bada\u0144 Planetarnych","robots":{"index":"index","follow":"follow","max-snippet":"max-snippet:-1","max-image-preview":"max-image-preview:large","max-video-preview":"max-video-preview:-1"},"canonical":"https:\/\/mars.uj.edu.pl\/index.php\/pl\/planetary-science-conference-2\/iv-ogolnopolskie-seminarium-marsjanskie-2022\/","og_locale":"pl_PL","og_type":"article","og_title":"IV Og\u00f3lnopolskie Seminarium Marsja\u0144skie (2022) - Mi\u0119dzywydzia\u0142owy Program Bada\u0144 Planetarnych","og_description":"Aim of the seminar To present achievements of Polish scientists To integrate the Polish community of Mars scientists To develop planetary and space science in Poland Scope Topics of interest for submission include, but are not limited to: estimation of Mars orbital parameters and global properties of the planet nearest cosmic neighborhood of Mars study &hellip; Czytaj dalej IV Og\u00f3lnopolskie Seminarium Marsja\u0144skie (2022)","og_url":"https:\/\/mars.uj.edu.pl\/index.php\/pl\/planetary-science-conference-2\/iv-ogolnopolskie-seminarium-marsjanskie-2022\/","og_site_name":"Mi\u0119dzywydzia\u0142owy Program Bada\u0144 Planetarnych","article_modified_time":"2023-08-30T09:16:29+00:00","og_image":[{"url":"https:\/\/mars.uj.edu.pl\/wp-content\/uploads\/2022\/07\/IV_Seminarium_Marsjanskie_2022__plakatA2__ver2022-06-27.jpg"}],"twitter_card":"summary_large_image","twitter_misc":{"Est. reading time":"4 minuty"},"schema":{"@context":"https:\/\/schema.org","@graph":[{"@type":"Organization","@id":"https:\/\/mars.uj.edu.pl\/#organization","name":"Planetary Lab \u2013 Interfaculty Program in Planetary Research (Jagiellonian University in Krak\u00f3w)","url":"https:\/\/mars.uj.edu.pl\/","sameAs":[],"logo":{"@type":"ImageObject","inLanguage":"pl-PL","@id":"https:\/\/mars.uj.edu.pl\/#\/schema\/logo\/image\/","url":"https:\/\/mars.uj.edu.pl\/wp-content\/uploads\/2020\/02\/cropped-UJ_her_neg1.png","contentUrl":"https:\/\/mars.uj.edu.pl\/wp-content\/uploads\/2020\/02\/cropped-UJ_her_neg1.png","width":179,"height":250,"caption":"Planetary Lab \u2013 Interfaculty Program in Planetary Research (Jagiellonian University in Krak\u00f3w)"},"image":{"@id":"https:\/\/mars.uj.edu.pl\/#\/schema\/logo\/image\/"}},{"@type":"WebSite","@id":"https:\/\/mars.uj.edu.pl\/#website","url":"https:\/\/mars.uj.edu.pl\/","name":"Mi\u0119dzywydzia\u0142owy Program Bada\u0144 Planetarnych","description":"Uniwersytet Jagiello\u0144ski w Krakowie","publisher":{"@id":"https:\/\/mars.uj.edu.pl\/#organization"},"potentialAction":[{"@type":"SearchAction","target":{"@type":"EntryPoint","urlTemplate":"https:\/\/mars.uj.edu.pl\/?s={search_term_string}"},"query-input":"required name=search_term_string"}],"inLanguage":"pl-PL"},{"@type":"WebPage","@id":"https:\/\/mars.uj.edu.pl\/index.php\/pl\/planetary-science-conference-2\/iv-ogolnopolskie-seminarium-marsjanskie-2022\/","url":"https:\/\/mars.uj.edu.pl\/index.php\/pl\/planetary-science-conference-2\/iv-ogolnopolskie-seminarium-marsjanskie-2022\/","name":"IV Og\u00f3lnopolskie Seminarium Marsja\u0144skie (2022) - Mi\u0119dzywydzia\u0142owy Program Bada\u0144 Planetarnych","isPartOf":{"@id":"https:\/\/mars.uj.edu.pl\/#website"},"datePublished":"2022-08-08T12:50:44+00:00","dateModified":"2023-08-30T09:16:29+00:00","breadcrumb":{"@id":"https:\/\/mars.uj.edu.pl\/index.php\/pl\/planetary-science-conference-2\/iv-ogolnopolskie-seminarium-marsjanskie-2022\/#breadcrumb"},"inLanguage":"pl-PL","potentialAction":[{"@type":"ReadAction","target":["https:\/\/mars.uj.edu.pl\/index.php\/pl\/planetary-science-conference-2\/iv-ogolnopolskie-seminarium-marsjanskie-2022\/"]}]},{"@type":"BreadcrumbList","@id":"https:\/\/mars.uj.edu.pl\/index.php\/pl\/planetary-science-conference-2\/iv-ogolnopolskie-seminarium-marsjanskie-2022\/#breadcrumb","itemListElement":[{"@type":"ListItem","position":1,"name":"Home","item":"https:\/\/mars.uj.edu.pl\/index.php\/pl\/miedzywydzialowy-program-badan-planetarnych\/"},{"@type":"ListItem","position":2,"name":"Planetary Science Conference","item":"https:\/\/mars.uj.edu.pl\/index.php\/pl\/planetary-science-conference-2\/"},{"@type":"ListItem","position":3,"name":"IV Og\u00f3lnopolskie Seminarium Marsja\u0144skie (2022)"}]}]}},"_links":{"self":[{"href":"https:\/\/mars.uj.edu.pl\/index.php\/wp-json\/wp\/v2\/pages\/875"}],"collection":[{"href":"https:\/\/mars.uj.edu.pl\/index.php\/wp-json\/wp\/v2\/pages"}],"about":[{"href":"https:\/\/mars.uj.edu.pl\/index.php\/wp-json\/wp\/v2\/types\/page"}],"author":[{"embeddable":true,"href":"https:\/\/mars.uj.edu.pl\/index.php\/wp-json\/wp\/v2\/users\/1"}],"replies":[{"embeddable":true,"href":"https:\/\/mars.uj.edu.pl\/index.php\/wp-json\/wp\/v2\/comments?post=875"}],"version-history":[{"count":16,"href":"https:\/\/mars.uj.edu.pl\/index.php\/wp-json\/wp\/v2\/pages\/875\/revisions"}],"predecessor-version":[{"id":964,"href":"https:\/\/mars.uj.edu.pl\/index.php\/wp-json\/wp\/v2\/pages\/875\/revisions\/964"}],"up":[{"embeddable":true,"href":"https:\/\/mars.uj.edu.pl\/index.php\/wp-json\/wp\/v2\/pages\/432"}],"wp:attachment":[{"href":"https:\/\/mars.uj.edu.pl\/index.php\/wp-json\/wp\/v2\/media?parent=875"}],"curies":[{"name":"wp","href":"https:\/\/api.w.org\/{rel}","templated":true}]}}